{"id":9,"date":"2015-05-20T08:52:03","date_gmt":"2015-05-20T06:52:03","guid":{"rendered":"http:\/\/nemu.com.pl\/?page_id=9"},"modified":"2015-06-07T14:11:59","modified_gmt":"2015-06-07T12:11:59","slug":"szkody","status":"publish","type":"page","link":"https:\/\/nemu.com.pl\/fr\/szkody\/","title":{"rendered":"DOMMAGES"},"content":{"rendered":"<p><div class=\"incontent\" style=\"background-color:#f4f4f4\"><div class=\"center\"><\/p>\n<div class=\"ezcol ezcol-one-half\">\n<p style=\"text-align: justify;\">Gr\u00e2ce a bonne organisation de notre travail, nous offrons et garantissons la liquidation des dommages de la plus haute qualit\u00e9. Nous op\u00e9rons sur tout le territoire de la Pologne avec un contact et un acces au client endommag\u00e9\/assur\u00e9 dans les 24-48 heures apres la r\u00e9ception de la commande.<\/p>\n<\/div> <div class=\"ezcol ezcol-one-half ezcol-last\">\n<p style=\"text-align: justify;\">Notre groupe d&rsquo;experts se compose d&rsquo;estimateurs, d&rsquo;ing\u00e9nieurs en construction poss\u00e9dant des qualifications dans la construction dans diff\u00e9rents domaines, d&rsquo;ing\u00e9nieurs \u00e9lectriciens, de m\u00e9caniciens et de juristes qualifi\u00e9s et exp\u00e9riment\u00e9s qui am\u00e9liorent toujours leurs qualifications.<\/p>\n<\/div><div class=\"ezcol-divider\"><\/div><\/p>\n<p style=\"text-align: justify;\">En permettant aux compagnies d&rsquo;assurance d&rsquo;offrir un service professionnel au client et en respectant les provisions vis\u00e9es a l&rsquo;article 817 du code civil et a l&rsquo;article 16, paragraphe 2 de la loi sur les activit\u00e9s d&rsquo;assurance, nous avons introduit dans notre service de liquidation un nouvel \u00e9l\u00e9ment : le Rapport interm\u00e9diaire. Ce rapport vous permettra de respecter les d\u00e9lais et de vous faciliter la prise de d\u00e9cision sur le paiement de la valeur incontestable d&rsquo;un dommage en moins de 30 jours apres un accident.\u00a0<strong><br \/>\n<\/strong><br \/>\nIl n&rsquo;y a pas de dommage qui d\u00e9passerait nos possibilit\u00e9s. Nous offrons la liquidation des dommages dans tous les domaines de la protection en assurance.<\/p>\n<div class=\"cols3 overflow content main-box\">\t\t\t\n\n\t\t\t<div id=\"zalania-2\" class=\"col3 normal\" data-row=\"1\" data-id=\"1815\">\n\t\t\t\t<a href=\"https:\/\/nemu.com.pl\/fr\/szkody\/zalania-2\/\">\n\t\t\t\t\t\t\t\t<img loading=\"lazy\" decoding=\"async\" width=\"380\" height=\"220\" src=\"https:\/\/nemu.com.pl\/wp-content\/uploads\/2015\/05\/2320-380x220.jpg\" class=\"attachment-szkody-thumb size-szkody-thumb wp-post-image\" alt=\"\" srcset=\"https:\/\/nemu.com.pl\/wp-content\/uploads\/2015\/05\/2320-380x220.jpg 380w, https:\/\/nemu.com.pl\/wp-content\/uploads\/2015\/05\/2320-600x345.jpg 600w\" sizes=\"auto, (max-width: 380px) 100vw, 380px\" \/>\t\t\t\t\t\t\t\t\n\t\t\t\t<h2>Inondations<\/h2>\n\t\t\t\t<\/a>\n\t\t\t<\/div>\n\t\t\t\n\t\t\t\t\t\t\t\n\n\t\t\t<div id=\"wady-materialowe-2\" class=\"col3 normal\" data-row=\"1\" data-id=\"1798\">\n\t\t\t\t<a href=\"https:\/\/nemu.com.pl\/fr\/szkody\/wady-materialowe-2\/\">\n\t\t\t\t\t\t\t\t<img loading=\"lazy\" decoding=\"async\" width=\"380\" height=\"220\" src=\"https:\/\/nemu.com.pl\/wp-content\/uploads\/2015\/05\/655-380x220.jpg\" class=\"attachment-szkody-thumb size-szkody-thumb wp-post-image\" alt=\"\" srcset=\"https:\/\/nemu.com.pl\/wp-content\/uploads\/2015\/05\/655-380x220.jpg 380w, https:\/\/nemu.com.pl\/wp-content\/uploads\/2015\/05\/655-600x345.jpg 600w\" sizes=\"auto, (max-width: 380px) 100vw, 380px\" \/>\t\t\t\t\t\t\t\t\n\t\t\t\t<h2>D\u00c9FAUTS DES PRODUITS, DES MAT\u00c9RIAUX<\/h2>\n\t\t\t\t<\/a>\n\t\t\t<\/div>\n\t\t\t\n\t\t\t\t\t\t\t\n\n\t\t\t<div id=\"uderzenie-lub-upadek-statku-powietrznego-2\" class=\"col3 last\" data-row=\"1\" data-id=\"1781\">\n\t\t\t\t<a href=\"https:\/\/nemu.com.pl\/fr\/szkody\/uderzenie-lub-upadek-statku-powietrznego-2\/\">\n\t\t\t\t\t\t\t\t<img loading=\"lazy\" decoding=\"async\" width=\"380\" height=\"220\" src=\"https:\/\/nemu.com.pl\/wp-content\/uploads\/2015\/05\/1181-380x220.jpg\" class=\"attachment-szkody-thumb size-szkody-thumb wp-post-image\" alt=\"\" srcset=\"https:\/\/nemu.com.pl\/wp-content\/uploads\/2015\/05\/1181-380x220.jpg 380w, https:\/\/nemu.com.pl\/wp-content\/uploads\/2015\/05\/1181-600x345.jpg 600w\" sizes=\"auto, (max-width: 380px) 100vw, 380px\" \/>\t\t\t\t\t\t\t\t\n\t\t\t\t<h2>CATASTROPHE A\u00c9RIENNE<\/h2>\n\t\t\t\t<\/a>\n\t\t\t<\/div>\n\t\t\t\n\t\t\t<div class=\"clear\"><\/div><div class=\"aC aC1\" data-row=\"1\"><\/div>\t\t\t\t\n\n\t\t\t<div id=\"pozary-2\" class=\"col3 normal\" data-row=\"2\" data-id=\"1732\">\n\t\t\t\t<a href=\"https:\/\/nemu.com.pl\/fr\/szkody\/pozary-2\/\">\n\t\t\t\t\t\t\t\t<img loading=\"lazy\" decoding=\"async\" width=\"380\" height=\"220\" src=\"https:\/\/nemu.com.pl\/wp-content\/uploads\/2015\/05\/4210-380x220.jpg\" class=\"attachment-szkody-thumb size-szkody-thumb wp-post-image\" alt=\"\" srcset=\"https:\/\/nemu.com.pl\/wp-content\/uploads\/2015\/05\/4210-380x220.jpg 380w, https:\/\/nemu.com.pl\/wp-content\/uploads\/2015\/05\/4210-600x345.jpg 600w\" sizes=\"auto, (max-width: 380px) 100vw, 380px\" \/>\t\t\t\t\t\t\t\t\n\t\t\t\t<h2>INCENDIES<\/h2>\n\t\t\t\t<\/a>\n\t\t\t<\/div>\n\t\t\t\n\t\t\t\t\t\t\t\n\n\t\t\t<div id=\"szkody-z-tytulu-ryzyk-bankowych-2\" class=\"col3 normal\" data-row=\"2\" data-id=\"1729\">\n\t\t\t\t<a href=\"https:\/\/nemu.com.pl\/fr\/szkody\/szkody-z-tytulu-ryzyk-bankowych-2\/\">\n\t\t\t\t\t\t\t\t<img loading=\"lazy\" decoding=\"async\" width=\"380\" height=\"220\" src=\"https:\/\/nemu.com.pl\/wp-content\/uploads\/2015\/05\/1178-380x220.jpg\" class=\"attachment-szkody-thumb size-szkody-thumb wp-post-image\" alt=\"\" srcset=\"https:\/\/nemu.com.pl\/wp-content\/uploads\/2015\/05\/1178-380x220.jpg 380w, https:\/\/nemu.com.pl\/wp-content\/uploads\/2015\/05\/1178-600x345.jpg 600w\" sizes=\"auto, (max-width: 380px) 100vw, 380px\" \/>\t\t\t\t\t\t\t\t\n\t\t\t\t<h2>DOMMAGES A TITRE DES RISQUES BANCAIRES<\/h2>\n\t\t\t\t<\/a>\n\t\t\t<\/div>\n\t\t\t\n\t\t\t\t\t\t\t\n\n\t\t\t<div id=\"szkody-w-transporcie-kolejowym-2\" class=\"col3 last\" data-row=\"2\" data-id=\"1715\">\n\t\t\t\t<a href=\"https:\/\/nemu.com.pl\/fr\/szkody\/szkody-w-transporcie-kolejowym-2\/\">\n\t\t\t\t\t\t\t\t<img loading=\"lazy\" decoding=\"async\" width=\"380\" height=\"220\" src=\"https:\/\/nemu.com.pl\/wp-content\/uploads\/2015\/05\/2141-380x220.jpg\" class=\"attachment-szkody-thumb size-szkody-thumb wp-post-image\" alt=\"\" srcset=\"https:\/\/nemu.com.pl\/wp-content\/uploads\/2015\/05\/2141-380x220.jpg 380w, https:\/\/nemu.com.pl\/wp-content\/uploads\/2015\/05\/2141-600x345.jpg 600w\" sizes=\"auto, (max-width: 380px) 100vw, 380px\" \/>\t\t\t\t\t\t\t\t\n\t\t\t\t<h2>DOMMAGES DANS LE TRANSPORT FERROVIAIRE<\/h2>\n\t\t\t\t<\/a>\n\t\t\t<\/div>\n\t\t\t\n\t\t\t<div class=\"clear\"><\/div><div class=\"aC aC2\" data-row=\"2\"><\/div>\t\t\t\t\n\n\t\t\t<div id=\"szkody-w-srodkach-obrotowych-2\" class=\"col3 normal\" data-row=\"3\" data-id=\"1689\">\n\t\t\t\t<a href=\"https:\/\/nemu.com.pl\/fr\/szkody\/szkody-w-srodkach-obrotowych-2\/\">\n\t\t\t\t\t\t\t\t<img loading=\"lazy\" decoding=\"async\" width=\"380\" height=\"220\" src=\"https:\/\/nemu.com.pl\/wp-content\/uploads\/2015\/05\/2140-380x220.jpg\" class=\"attachment-szkody-thumb size-szkody-thumb wp-post-image\" alt=\"\" srcset=\"https:\/\/nemu.com.pl\/wp-content\/uploads\/2015\/05\/2140-380x220.jpg 380w, https:\/\/nemu.com.pl\/wp-content\/uploads\/2015\/05\/2140-600x345.jpg 600w\" sizes=\"auto, (max-width: 380px) 100vw, 380px\" \/>\t\t\t\t\t\t\t\t\n\t\t\t\t<h2>DOMMAGES DANS LES ACTIFS COURANTS<\/h2>\n\t\t\t\t<\/a>\n\t\t\t<\/div>\n\t\t\t\n\t\t\t\t\t\t\t\n\n\t\t\t<div id=\"szkody-w-mieniu-leasingowym-2\" class=\"col3 normal\" data-row=\"3\" data-id=\"1674\">\n\t\t\t\t<a href=\"https:\/\/nemu.com.pl\/fr\/szkody\/szkody-w-mieniu-leasingowym-2\/\">\n\t\t\t\t\t\t\t\t<img loading=\"lazy\" decoding=\"async\" width=\"380\" height=\"220\" src=\"https:\/\/nemu.com.pl\/wp-content\/uploads\/2015\/05\/1237-380x220.jpg\" class=\"attachment-szkody-thumb size-szkody-thumb wp-post-image\" alt=\"\" srcset=\"https:\/\/nemu.com.pl\/wp-content\/uploads\/2015\/05\/1237-380x220.jpg 380w, https:\/\/nemu.com.pl\/wp-content\/uploads\/2015\/05\/1237-600x345.jpg 600w\" sizes=\"auto, (max-width: 380px) 100vw, 380px\" \/>\t\t\t\t\t\t\t\t\n\t\t\t\t<h2>DOMMAGES CAUS\u00c9S AUX BIENS EN LEASING<\/h2>\n\t\t\t\t<\/a>\n\t\t\t<\/div>\n\t\t\t\n\t\t\t\t\t\t\t\n\n\t\t\t<div id=\"szkody-w-elektryce-i-energetyce-2\" class=\"col3 last\" data-row=\"3\" data-id=\"1654\">\n\t\t\t\t<a href=\"https:\/\/nemu.com.pl\/fr\/szkody\/szkody-w-elektryce-i-energetyce-2\/\">\n\t\t\t\t\t\t\t\t<img loading=\"lazy\" decoding=\"async\" width=\"380\" height=\"220\" src=\"https:\/\/nemu.com.pl\/wp-content\/uploads\/2015\/05\/1330-380x220.jpg\" class=\"attachment-szkody-thumb size-szkody-thumb wp-post-image\" alt=\"\" srcset=\"https:\/\/nemu.com.pl\/wp-content\/uploads\/2015\/05\/1330-380x220.jpg 380w, https:\/\/nemu.com.pl\/wp-content\/uploads\/2015\/05\/1330-600x345.jpg 600w\" sizes=\"auto, (max-width: 380px) 100vw, 380px\" \/>\t\t\t\t\t\t\t\t\n\t\t\t\t<h2>DOMMAGES DANS LE SECTEUR \u00c9NERG\u00c9TIQUE ET DANS LES APPAREILS \u00c9NERG\u00c9TIQUES<\/h2>\n\t\t\t\t<\/a>\n\t\t\t<\/div>\n\t\t\t\n\t\t\t<div class=\"clear\"><\/div><div class=\"aC aC3\" data-row=\"3\"><\/div>\t\t\t\t\n\n\t\t\t<div id=\"szkody-rolnicze-3\" class=\"col3 normal\" data-row=\"4\" data-id=\"1631\">\n\t\t\t\t<a href=\"https:\/\/nemu.com.pl\/fr\/szkody\/szkody-rolnicze-3\/\">\n\t\t\t\t\t\t\t\t<img loading=\"lazy\" decoding=\"async\" width=\"380\" height=\"220\" src=\"https:\/\/nemu.com.pl\/wp-content\/uploads\/2015\/05\/2018-380x220.jpg\" class=\"attachment-szkody-thumb size-szkody-thumb wp-post-image\" alt=\"\" srcset=\"https:\/\/nemu.com.pl\/wp-content\/uploads\/2015\/05\/2018-380x220.jpg 380w, https:\/\/nemu.com.pl\/wp-content\/uploads\/2015\/05\/2018-600x345.jpg 600w\" sizes=\"auto, (max-width: 380px) 100vw, 380px\" \/>\t\t\t\t\t\t\t\t\n\t\t\t\t<h2>DOMMAGES AGRICOLES<\/h2>\n\t\t\t\t<\/a>\n\t\t\t<\/div>\n\t\t\t\n\t\t\t\t\t\t\t\n\n\t\t\t<div id=\"budowlano-montazowe\" class=\"col3 normal\" data-row=\"4\" data-id=\"1627\">\n\t\t\t\t<a href=\"https:\/\/nemu.com.pl\/fr\/szkody\/budowlano-montazowe\/\">\n\t\t\t\t\t\t\t\t<img loading=\"lazy\" decoding=\"async\" width=\"380\" height=\"220\" src=\"https:\/\/nemu.com.pl\/wp-content\/uploads\/2015\/05\/322-380x220.jpg\" class=\"attachment-szkody-thumb size-szkody-thumb wp-post-image\" alt=\"\" srcset=\"https:\/\/nemu.com.pl\/wp-content\/uploads\/2015\/05\/322-380x220.jpg 380w, https:\/\/nemu.com.pl\/wp-content\/uploads\/2015\/05\/322-600x345.jpg 600w\" sizes=\"auto, (max-width: 380px) 100vw, 380px\" \/>\t\t\t\t\t\t\t\t\n\t\t\t\t<h2>RISQUES DE CONSTRUCTION ET DE MONTAGE<\/h2>\n\t\t\t\t<\/a>\n\t\t\t<\/div>\n\t\t\t\n\t\t\t\t\t\t\t\n\n\t\t\t<div id=\"szkody-z-programow-miedzynarodowych-2\" class=\"col3 last\" data-row=\"4\" data-id=\"1618\">\n\t\t\t\t<a href=\"https:\/\/nemu.com.pl\/fr\/szkody\/szkody-z-programow-miedzynarodowych-2\/\">\n\t\t\t\t\t\t\t\t<img loading=\"lazy\" decoding=\"async\" width=\"380\" height=\"220\" src=\"https:\/\/nemu.com.pl\/wp-content\/uploads\/2015\/05\/2134-380x220.jpg\" class=\"attachment-szkody-thumb size-szkody-thumb wp-post-image\" alt=\"\" srcset=\"https:\/\/nemu.com.pl\/wp-content\/uploads\/2015\/05\/2134-380x220.jpg 380w, https:\/\/nemu.com.pl\/wp-content\/uploads\/2015\/05\/2134-600x345.jpg 600w\" sizes=\"auto, (max-width: 380px) 100vw, 380px\" \/>\t\t\t\t\t\t\t\t\n\t\t\t\t<h2>Schaden von internationalen programmen<\/h2>\n\t\t\t\t<\/a>\n\t\t\t<\/div>\n\t\t\t\n\t\t\t<div class=\"clear\"><\/div><div class=\"aC aC4\" data-row=\"4\"><\/div>\t\t\t\t\n\n\t\t\t<div id=\"odpowiedzialnosc-cywilna-2\" class=\"col3 normal\" data-row=\"5\" data-id=\"1599\">\n\t\t\t\t<a href=\"https:\/\/nemu.com.pl\/fr\/szkody\/odpowiedzialnosc-cywilna-2\/\">\n\t\t\t\t\t\t\t\t<img loading=\"lazy\" decoding=\"async\" width=\"380\" height=\"220\" src=\"https:\/\/nemu.com.pl\/wp-content\/uploads\/2015\/05\/1166-380x220.jpg\" class=\"attachment-szkody-thumb size-szkody-thumb wp-post-image\" alt=\"\" srcset=\"https:\/\/nemu.com.pl\/wp-content\/uploads\/2015\/05\/1166-380x220.jpg 380w, https:\/\/nemu.com.pl\/wp-content\/uploads\/2015\/05\/1166-600x345.jpg 600w\" sizes=\"auto, (max-width: 380px) 100vw, 380px\" \/>\t\t\t\t\t\t\t\t\n\t\t\t\t<h2>RESPONSABILIT\u00c9 CIVILE<\/h2>\n\t\t\t\t<\/a>\n\t\t\t<\/div>\n\t\t\t\n\t\t\t\t\t\t\t\n\n\t\t\t<div id=\"oc-spedytora-2\" class=\"col3 normal\" data-row=\"5\" data-id=\"1591\">\n\t\t\t\t<a href=\"https:\/\/nemu.com.pl\/fr\/szkody\/oc-spedytora-2\/\">\n\t\t\t\t\t\t\t\t<img loading=\"lazy\" decoding=\"async\" width=\"380\" height=\"220\" src=\"https:\/\/nemu.com.pl\/wp-content\/uploads\/2015\/05\/465-380x220.jpg\" class=\"attachment-szkody-thumb size-szkody-thumb wp-post-image\" alt=\"\" srcset=\"https:\/\/nemu.com.pl\/wp-content\/uploads\/2015\/05\/465-380x220.jpg 380w, https:\/\/nemu.com.pl\/wp-content\/uploads\/2015\/05\/465-600x345.jpg 600w\" sizes=\"auto, (max-width: 380px) 100vw, 380px\" \/>\t\t\t\t\t\t\t\t\n\t\t\t\t<h2>RESPONSABILIT\u00c9 CIVILE DU TRANSITAIRE<\/h2>\n\t\t\t\t<\/a>\n\t\t\t<\/div>\n\t\t\t\n\t\t\t\t\t\t\t\n\n\t\t\t<div id=\"oc-przewoznika-2\" class=\"col3 last\" data-row=\"5\" data-id=\"1560\">\n\t\t\t\t<a href=\"https:\/\/nemu.com.pl\/fr\/szkody\/oc-przewoznika-2\/\">\n\t\t\t\t\t\t\t\t<img loading=\"lazy\" decoding=\"async\" width=\"380\" height=\"220\" src=\"https:\/\/nemu.com.pl\/wp-content\/uploads\/2015\/05\/2812-380x220.jpg\" class=\"attachment-szkody-thumb size-szkody-thumb wp-post-image\" alt=\"\" srcset=\"https:\/\/nemu.com.pl\/wp-content\/uploads\/2015\/05\/2812-380x220.jpg 380w, https:\/\/nemu.com.pl\/wp-content\/uploads\/2015\/05\/2812-600x345.jpg 600w\" sizes=\"auto, (max-width: 380px) 100vw, 380px\" \/>\t\t\t\t\t\t\t\t\n\t\t\t\t<h2>RESPONSABILIT\u00c9 CIVILE DU TRANSPORTEUR<\/h2>\n\t\t\t\t<\/a>\n\t\t\t<\/div>\n\t\t\t\n\t\t\t<div class=\"clear\"><\/div><div class=\"aC aC5\" data-row=\"5\"><\/div>\t\t\t\t\n\n\t\t\t<div id=\"niebezpieczne-zjawiska-atmosferyczne-2\" class=\"col3 normal\" data-row=\"6\" data-id=\"1529\">\n\t\t\t\t<a href=\"https:\/\/nemu.com.pl\/fr\/szkody\/niebezpieczne-zjawiska-atmosferyczne-2\/\">\n\t\t\t\t\t\t\t\t<img loading=\"lazy\" decoding=\"async\" width=\"380\" height=\"220\" src=\"https:\/\/nemu.com.pl\/wp-content\/uploads\/2015\/05\/1523-380x220.jpg\" class=\"attachment-szkody-thumb size-szkody-thumb wp-post-image\" alt=\"\" srcset=\"https:\/\/nemu.com.pl\/wp-content\/uploads\/2015\/05\/1523-380x220.jpg 380w, https:\/\/nemu.com.pl\/wp-content\/uploads\/2015\/05\/1523-600x345.jpg 600w\" sizes=\"auto, (max-width: 380px) 100vw, 380px\" \/>\t\t\t\t\t\t\t\t\n\t\t\t\t<h2>PH\u00c9NOMENES ATMOSPH\u00c9RIQUES DANGEREUX<\/h2>\n\t\t\t\t<\/a>\n\t\t\t<\/div>\n\t\t\t\n\t\t\t\t\t\t\t\n\n\t\t\t<div id=\"katastrofy-budowlane-2\" class=\"col3 normal\" data-row=\"6\" data-id=\"1507\">\n\t\t\t\t<a href=\"https:\/\/nemu.com.pl\/fr\/szkody\/katastrofy-budowlane-2\/\">\n\t\t\t\t\t\t\t\t<img loading=\"lazy\" decoding=\"async\" width=\"380\" height=\"220\" src=\"https:\/\/nemu.com.pl\/wp-content\/uploads\/2015\/05\/841-380x220.jpg\" class=\"attachment-szkody-thumb size-szkody-thumb wp-post-image\" alt=\"\" srcset=\"https:\/\/nemu.com.pl\/wp-content\/uploads\/2015\/05\/841-380x220.jpg 380w, https:\/\/nemu.com.pl\/wp-content\/uploads\/2015\/05\/841-600x345.jpg 600w\" sizes=\"auto, (max-width: 380px) 100vw, 380px\" \/>\t\t\t\t\t\t\t\t\n\t\t\t\t<h2>CATASTROPHES LI\u00c9ES A LA CONSTRUCTION<\/h2>\n\t\t\t\t<\/a>\n\t\t\t<\/div>\n\t\t\t\n\t\t\t\t\t\t\t\n\n\t\t\t<div id=\"eksplozje\" class=\"col3 last\" data-row=\"6\" data-id=\"1477\">\n\t\t\t\t<a href=\"https:\/\/nemu.com.pl\/fr\/szkody\/eksplozje\/\">\n\t\t\t\t\t\t\t\t<img loading=\"lazy\" decoding=\"async\" width=\"380\" height=\"220\" src=\"https:\/\/nemu.com.pl\/wp-content\/uploads\/2015\/05\/1620-380x220.jpg\" class=\"attachment-szkody-thumb size-szkody-thumb wp-post-image\" alt=\"\" srcset=\"https:\/\/nemu.com.pl\/wp-content\/uploads\/2015\/05\/1620-380x220.jpg 380w, https:\/\/nemu.com.pl\/wp-content\/uploads\/2015\/05\/1620-600x345.jpg 600w\" sizes=\"auto, (max-width: 380px) 100vw, 380px\" \/>\t\t\t\t\t\t\t\t\n\t\t\t\t<h2>Explosions<\/h2>\n\t\t\t\t<\/a>\n\t\t\t<\/div>\n\t\t\t\n\t\t\t<div class=\"clear\"><\/div><div class=\"aC aC6\" data-row=\"6\"><\/div>\t\t\t\t\n\n\t\t\t<div id=\"do-oc-czlonkow-zarzadu-2\" class=\"col3 normal\" data-row=\"7\" data-id=\"1474\">\n\t\t\t\t<a href=\"https:\/\/nemu.com.pl\/fr\/szkody\/do-oc-czlonkow-zarzadu-2\/\">\n\t\t\t\t\t\t\t\t<img loading=\"lazy\" decoding=\"async\" width=\"380\" height=\"220\" src=\"https:\/\/nemu.com.pl\/wp-content\/uploads\/2015\/05\/file00018401335851-380x220.png\" class=\"attachment-szkody-thumb size-szkody-thumb wp-post-image\" alt=\"\" \/>\t\t\t\t\t\t\t\t\n\t\t\t\t<h2>D&#038;O (RESPONSABILIT\u00c9 CIVILE DU DIRECTOIRE)<\/h2>\n\t\t\t\t<\/a>\n\t\t\t<\/div>\n\t\t\t\n\t\t\t\t\t\t\t\n\n\t\t\t<div id=\"cargo-2\" class=\"col3 normal\" data-row=\"7\" data-id=\"1462\">\n\t\t\t\t<a href=\"https:\/\/nemu.com.pl\/fr\/szkody\/cargo-2\/\">\n\t\t\t\t\t\t\t\t<img loading=\"lazy\" decoding=\"async\" width=\"380\" height=\"220\" src=\"https:\/\/nemu.com.pl\/wp-content\/uploads\/2015\/05\/839-380x220.jpg\" class=\"attachment-szkody-thumb size-szkody-thumb wp-post-image\" alt=\"\" srcset=\"https:\/\/nemu.com.pl\/wp-content\/uploads\/2015\/05\/839-380x220.jpg 380w, https:\/\/nemu.com.pl\/wp-content\/uploads\/2015\/05\/839-600x345.jpg 600w\" sizes=\"auto, (max-width: 380px) 100vw, 380px\" \/>\t\t\t\t\t\t\t\t\n\t\t\t\t<h2>CARGO &#8211; DOMMAGES DE BIENS DANS LE TRANSPORT<\/h2>\n\t\t\t\t<\/a>\n\t\t\t<\/div>\n\t\t\t\n\t\t\t\t\t\t\t\n\n\t\t\t<div id=\"awarieuszkodzenia-maszyn-i-urzadzen-2\" class=\"col3 last\" data-row=\"7\" data-id=\"1442\">\n\t\t\t\t<a href=\"https:\/\/nemu.com.pl\/fr\/szkody\/awarieuszkodzenia-maszyn-i-urzadzen-2\/\">\n\t\t\t\t\t\t\t\t<img loading=\"lazy\" decoding=\"async\" width=\"380\" height=\"220\" src=\"https:\/\/nemu.com.pl\/wp-content\/uploads\/2015\/05\/1619-380x220.jpg\" class=\"attachment-szkody-thumb size-szkody-thumb wp-post-image\" alt=\"\" srcset=\"https:\/\/nemu.com.pl\/wp-content\/uploads\/2015\/05\/1619-380x220.jpg 380w, https:\/\/nemu.com.pl\/wp-content\/uploads\/2015\/05\/1619-600x345.jpg 600w\" sizes=\"auto, (max-width: 380px) 100vw, 380px\" \/>\t\t\t\t\t\t\t\t\n\t\t\t\t<h2>PANNE\/D\u00c9G\u00c2TS DES MACHINES ET DES APPAREILS<\/h2>\n\t\t\t\t<\/a>\n\t\t\t<\/div>\n\t\t\t\n\t\t\t<div class=\"clear\"><\/div><div class=\"aC aC7\" data-row=\"7\"><\/div>\t\t\t\t\n\n\t\t\t<div id=\"business-interruption-2\" class=\"col3 normal\" data-row=\"8\" data-id=\"1420\">\n\t\t\t\t<a href=\"https:\/\/nemu.com.pl\/fr\/szkody\/business-interruption-2\/\">\n\t\t\t\t\t\t\t\t<img loading=\"lazy\" decoding=\"async\" width=\"380\" height=\"220\" src=\"https:\/\/nemu.com.pl\/wp-content\/uploads\/2015\/05\/738-380x220.jpg\" class=\"attachment-szkody-thumb size-szkody-thumb wp-post-image\" alt=\"\" srcset=\"https:\/\/nemu.com.pl\/wp-content\/uploads\/2015\/05\/738-380x220.jpg 380w, https:\/\/nemu.com.pl\/wp-content\/uploads\/2015\/05\/738-600x345.jpg 600w\" sizes=\"auto, (max-width: 380px) 100vw, 380px\" \/>\t\t\t\t\t\t\t\t\n\t\t\t\t<h2>Business interruption<\/h2>\n\t\t\t\t<\/a>\n\t\t\t<\/div>\n\t\t\t\n\t\t\t\t\t\t\t\n\n\t\t\t<div id=\"kradzieze-z-wlamaniem\" class=\"col3 normal\" data-row=\"8\" data-id=\"1417\">\n\t\t\t\t<a href=\"https:\/\/nemu.com.pl\/fr\/szkody\/kradzieze-z-wlamaniem\/\">\n\t\t\t\t\t\t\t\t<img loading=\"lazy\" decoding=\"async\" width=\"380\" height=\"220\" src=\"https:\/\/nemu.com.pl\/wp-content\/uploads\/2015\/05\/2215-380x220.jpg\" class=\"attachment-szkody-thumb size-szkody-thumb wp-post-image\" alt=\"\" srcset=\"https:\/\/nemu.com.pl\/wp-content\/uploads\/2015\/05\/2215-380x220.jpg 380w, https:\/\/nemu.com.pl\/wp-content\/uploads\/2015\/05\/2215-600x345.jpg 600w\" sizes=\"auto, (max-width: 380px) 100vw, 380px\" \/>\t\t\t\t\t\t\t\t\n\t\t\t\t<h2>VOL AVEC EFFRACTION<\/h2>\n\t\t\t\t<\/a>\n\t\t\t<\/div>\n\t\t\t\n\t\t\t<div class=\"clear\"><\/div><div class=\"aC aC8\" data-row=\"8\"><\/div>\t\t\t\n\t\t<\/div>\n\n\n<p><\/div><\/div><\/p>","protected":false},"excerpt":{"rendered":"","protected":false},"author":1,"featured_media":0,"parent":0,"menu_order":0,"comment_status":"open","ping_status":"open","template":"","meta":{"_acf_changed":false,"footnotes":""},"class_list":["post-9","page","type-page","status-publish","hentry","has-post-thumbnail"],"acf":[],"_links":{"self":[{"href":"https:\/\/nemu.com.pl\/fr\/wp-json\/wp\/v2\/pages\/9","targetHints":{"allow":["GET"]}}],"collection":[{"href":"https:\/\/nemu.com.pl\/fr\/wp-json\/wp\/v2\/pages"}],"about":[{"href":"https:\/\/nemu.com.pl\/fr\/wp-json\/wp\/v2\/types\/page"}],"author":[{"embeddable":true,"href":"https:\/\/nemu.com.pl\/fr\/wp-json\/wp\/v2\/users\/1"}],"replies":[{"embeddable":true,"href":"https:\/\/nemu.com.pl\/fr\/wp-json\/wp\/v2\/comments?post=9"}],"version-history":[{"count":13,"href":"https:\/\/nemu.com.pl\/fr\/wp-json\/wp\/v2\/pages\/9\/revisions"}],"predecessor-version":[{"id":1909,"href":"https:\/\/nemu.com.pl\/fr\/wp-json\/wp\/v2\/pages\/9\/revisions\/1909"}],"wp:attachment":[{"href":"https:\/\/nemu.com.pl\/fr\/wp-json\/wp\/v2\/media?parent=9"}],"curies":[{"name":"wp","href":"https:\/\/api.w.org\/{rel}","templated":true}]}}