{"id":5,"date":"2015-05-20T08:51:46","date_gmt":"2015-05-20T06:51:46","guid":{"rendered":"http:\/\/nemu.com.pl\/?page_id=5"},"modified":"2016-08-15T21:00:31","modified_gmt":"2016-08-15T19:00:31","slug":"o-nas","status":"publish","type":"page","link":"https:\/\/nemu.com.pl\/fr\/o-nas\/","title":{"rendered":"A NOTRE SUJET"},"content":{"rendered":"<p><div class=\"incontent\" style=\"background-color:#f4f4f4\"><div class=\"center\"><\/p>\n<div class=\"ezcol ezcol-one-half\">\n<p style=\"text-align: justify;\">Depuis novembre 2000, l&rsquo;entreprise Eksperci NEMU offre des services complets pour les compagnies d&rsquo;assurance en Pologne et a l&rsquo;\u00e9tranger. Notre mission est d&rsquo;offrir des services au niveau le plus haut. Nous faisons bien attention a l&rsquo;exactitude de nos services. Le d\u00e9veloppement dynamique de notre entreprise et notre professionnalisme nous permettent de devancer la concurrence en permanence. Notre connaissance et notre exp\u00e9rience sont la garantie de la liquidation des dommages, de l&rsquo;estimation des dommages et d&rsquo;autres services offerts pour vous et vos clients.<\/p>\n<\/div> <div class=\"ezcol ezcol-one-half ezcol-last\">\n<p style=\"text-align: justify;\">Nous sommes des professionnels poss\u00e9dant une haute qualit\u00e9 de travail, une ponctualit\u00e9 et une fiabilit\u00e9, ce qui fait que nous abordons les problemes li\u00e9s aux services offerts par les compagnies d&rsquo;assurance de fa\u00e7on ambitieuse et responsable.<\/p>\n<\/div><div class=\"ezcol-divider\"><\/div><\/p>\n<p style=\"text-align: left;\"><strong>Notre offre couvre un vaste \u00e9ventail de services pour le secteur des assurances:<\/strong><\/p>\n<ul type=\"disc\">\n<li style=\"text-align: left;\">Liquidation des dommages &#8211; pleine gamme<\/li>\n<li style=\"text-align: left;\">Gestion et administration des dommages &#8211; Administration externe<\/li>\n<li style=\"text-align: left;\">V\u00e9rification des revendications<\/li>\n<li style=\"text-align: left;\">V\u00e9rification des devis de construction<\/li>\n<li style=\"text-align: left;\">Service complet des dommages de masse<\/li>\n<li style=\"text-align: left;\">Service li\u00e9 aux subrogations<\/li>\n<li style=\"text-align: left;\">Protection des biens apres un dommage<\/li>\n<li style=\"text-align: left;\">Estimation des biens, machines, appareils et d&rsquo;autres mobilit\u00e9s, y compris pour les besoins de fixer des sommes d&rsquo;assurance<\/li>\n<\/ul>\n<p style=\"text-align: justify;\">Notre but est d&rsquo;offrir des services au niveau le plus haut possible, c&rsquo;est pourquoi nous faisons tous les efforts possibles pour liquider un dommage dans un d\u00e9lai de 30 jours apres la date d&rsquo;une commande. Dans ce d\u00e9lai, vous obtiendrez le rapport du dommage, sur base duquel vous pourrez prendre une d\u00e9cision sur la revendication. Nous faisons chaque jour tous les efforts possibles pour remplir les exigences de nos clients. Notre connaissance et notre exp\u00e9rience sont la garantie de votre succes et de votre satisfaction.<\/p>\n<p style=\"text-align: left;\"><strong>Nous vous invitons a coop\u00e9rer avec nous.<\/strong><\/p>\n<p style=\"text-align: left;\"><\/div><\/div><\/p>\n<p><\/p>","protected":false},"excerpt":{"rendered":"","protected":false},"author":1,"featured_media":0,"parent":0,"menu_order":0,"comment_status":"open","ping_status":"open","template":"","meta":{"_acf_changed":false,"footnotes":""},"class_list":["post-5","page","type-page","status-publish","hentry"],"acf":[],"_links":{"self":[{"href":"https:\/\/nemu.com.pl\/fr\/wp-json\/wp\/v2\/pages\/5","targetHints":{"allow":["GET"]}}],"collection":[{"href":"https:\/\/nemu.com.pl\/fr\/wp-json\/wp\/v2\/pages"}],"about":[{"href":"https:\/\/nemu.com.pl\/fr\/wp-json\/wp\/v2\/types\/page"}],"author":[{"embeddable":true,"href":"https:\/\/nemu.com.pl\/fr\/wp-json\/wp\/v2\/users\/1"}],"replies":[{"embeddable":true,"href":"https:\/\/nemu.com.pl\/fr\/wp-json\/wp\/v2\/comments?post=5"}],"version-history":[{"count":74,"href":"https:\/\/nemu.com.pl\/fr\/wp-json\/wp\/v2\/pages\/5\/revisions"}],"predecessor-version":[{"id":2103,"href":"https:\/\/nemu.com.pl\/fr\/wp-json\/wp\/v2\/pages\/5\/revisions\/2103"}],"wp:attachment":[{"href":"https:\/\/nemu.com.pl\/fr\/wp-json\/wp\/v2\/media?parent=5"}],"curies":[{"name":"wp","href":"https:\/\/api.w.org\/{rel}","templated":true}]}}