{"id":17,"date":"2015-05-20T08:53:02","date_gmt":"2015-05-20T06:53:02","guid":{"rendered":"http:\/\/nemu.com.pl\/?page_id=17"},"modified":"2025-10-15T13:14:28","modified_gmt":"2025-10-15T11:14:28","slug":"kontakt","status":"publish","type":"page","link":"https:\/\/nemu.com.pl\/fr\/kontakt\/","title":{"rendered":"Contact"},"content":{"rendered":"<p><\/p>\n<p style=\"text-align: left;\"><div class=\"incontent\" style=\"background-color:#f4f4f4\"><div class=\"center\"><\/p>\n<p style=\"text-align: left;\"><div class=\"ezcol ezcol-one-half\">\n<p style=\"text-align: left;\"><strong>Eksperci NEMU Sp. z o. o.<br \/>\n<\/strong>ul. Korytnicka 28<br \/>\n04-085\u00a0Warszawa<\/p>\n<p style=\"text-align: left;\">tel.: 667 445 135, 667 445 235<\/p>\n<p class=\"margin\" style=\"text-align: left;\"><a href=\"mailto: nemu@nemu.com.pl\">nemu@nemu.com.pl<\/a><\/p>\n<div>\n<p>Num\u00e9ro NIP: 521-31-13-386<br \/>\nCapital social: 100 000 PLN pay\u00e9 en totalit\u00e9<br \/>\nKRS: 0000110112 Tribunal de grande instance pour la ville de Varsovie,\u00a020eme Section Ecomonique du Registre National des Soci\u00e9t\u00e9s<\/p>\n<\/div>\n<div>\n<p>Veuillez envoyer vos demandes, offres et commandes a l&rsquo;adresse suivante<span style=\"line-height: 1.5;\">:\u00a0<\/span><a style=\"line-height: 1.5;\" href=\"mailto:zlecenia@nemu.com.pl\">zlecenia@nemu.com.pl<\/a><span style=\"line-height: 1.5;\">.<\/span><\/p>\n<\/div>\n<p>Nous vous informons qu&rsquo;en consid\u00e9rant la protection de l&rsquo;environnement naturel et en raison des lois en vigueur et aux possibilit\u00e9s actuelles, des aujourd&rsquo;hui nous vous enverrons les rapports interm\u00e9diaires et les rapports initiaux par courrier \u00e9lectronique, en lieu et place de la forme imprim\u00e9e, sign\u00e9 avec une signature \u00e9lectronique. Si vous d\u00e9sirez recevoir un rapport initial ou interm\u00e9diaire dans la version imprim\u00e9e, veuillez contacter un liquidateur de NEMU.<\/p>\n<p>L&rsquo;application d&rsquo;une signature \u00e9lectronique permettra d&rsquo;assurer\u00a0:<\/p>\n<ul type=\"disc\">\n<li>L&rsquo;identification de la personne signant : cela permettra d&rsquo;identifier une personne signant les donn\u00e9es, en cas d&rsquo;envoi de rapports initiaux et de rapports interm\u00e9diaires ; la personne autoris\u00e9e a signer un courrier \u00e9lectronique est Mme Romana Broda,<\/li>\n<li>ind\u00e9niabilit\u00e9 : seule la personne autoris\u00e9e qui possede une cl\u00e9 priv\u00e9e correspondant a la cl\u00e9 publi\u00e9e utilis\u00e9e pendant la v\u00e9rification d&rsquo;une signature peut g\u00e9n\u00e9rer une signature sur un document,<\/li>\n<li>int\u00e9grit\u00e9 des donn\u00e9es : il sera possible de v\u00e9rifier si les donn\u00e9es ont \u00e9t\u00e9 modifi\u00e9es apres leur signature.<\/li>\n<\/ul>\n<p style=\"text-align: left;\"><\/div> <div class=\"ezcol ezcol-one-half ezcol-last\"><\/div><div class=\"ezcol-divider\"><\/div><\/p>\n<p style=\"text-align: left;\">\u00a0<\/div><\/div><\/p>\n<p><\/p>","protected":false},"excerpt":{"rendered":"","protected":false},"author":1,"featured_media":0,"parent":0,"menu_order":0,"comment_status":"open","ping_status":"open","template":"","meta":{"_acf_changed":false,"footnotes":""},"class_list":["post-17","page","type-page","status-publish","hentry"],"acf":[],"_links":{"self":[{"href":"https:\/\/nemu.com.pl\/fr\/wp-json\/wp\/v2\/pages\/17","targetHints":{"allow":["GET"]}}],"collection":[{"href":"https:\/\/nemu.com.pl\/fr\/wp-json\/wp\/v2\/pages"}],"about":[{"href":"https:\/\/nemu.com.pl\/fr\/wp-json\/wp\/v2\/types\/page"}],"author":[{"embeddable":true,"href":"https:\/\/nemu.com.pl\/fr\/wp-json\/wp\/v2\/users\/1"}],"replies":[{"embeddable":true,"href":"https:\/\/nemu.com.pl\/fr\/wp-json\/wp\/v2\/comments?post=17"}],"version-history":[{"count":23,"href":"https:\/\/nemu.com.pl\/fr\/wp-json\/wp\/v2\/pages\/17\/revisions"}],"predecessor-version":[{"id":2324,"href":"https:\/\/nemu.com.pl\/fr\/wp-json\/wp\/v2\/pages\/17\/revisions\/2324"}],"wp:attachment":[{"href":"https:\/\/nemu.com.pl\/fr\/wp-json\/wp\/v2\/media?parent=17"}],"curies":[{"name":"wp","href":"https:\/\/api.w.org\/{rel}","templated":true}]}}