{"id":13,"date":"2015-05-20T08:52:37","date_gmt":"2015-05-20T06:52:37","guid":{"rendered":"http:\/\/nemu.com.pl\/?page_id=13"},"modified":"2015-05-27T11:29:02","modified_gmt":"2015-05-27T09:29:02","slug":"case-studies","status":"publish","type":"page","link":"https:\/\/nemu.com.pl\/fr\/case-studies\/","title":{"rendered":"Case studies"},"content":{"rendered":"<p><\/p>\n<div class=\"incontent\" style=\"background-color:#f4f4f4\"><div class=\"center\"><div class=\"cols cols2 overflow content main-box\">\t\t\t\n\t\t\t<div class=\"col\">\n\t\t\t\t\t\t\t\t<a href=\"https:\/\/nemu.com.pl\/fr\/case-studies\/zawalenie-sie-konstrukcji-wiaduktu\/\">\n\t\t\t\t\n\t\t\t\t<img loading=\"lazy\" decoding=\"async\" width=\"600\" height=\"315\" src=\"https:\/\/nemu.com.pl\/wp-content\/uploads\/2015\/05\/P8132240-600x315.jpg\" class=\"attachment-news-thumb size-news-thumb wp-post-image\" alt=\"\" \/>\t\t\t\t\t\n\t\t\t\t<span class=\"line\"><\/span>\n\n\t\t\t\t<h2>EFFONDREMENT DE LA CONSTRUCTION D&rsquo;UN VIADUC<\/h2>\n\t\t\t\t<p>\n\t\t\t\t\t\t\n\t\t\t\t<\/p>\n\t\t\t\t<\/a>\n\t\t\t<\/div>\n\t\t\t\t\n\t\t\t<div class=\"col\">\n\t\t\t\t\t\t\t\t<a href=\"https:\/\/nemu.com.pl\/fr\/case-studies\/wykolejenie-pociagu-na-skutek-wyboczenia-torow\/\">\n\t\t\t\t\n\t\t\t\t<img loading=\"lazy\" decoding=\"async\" width=\"600\" height=\"315\" src=\"https:\/\/nemu.com.pl\/wp-content\/uploads\/2015\/05\/S5001795-600x315.jpg\" class=\"attachment-news-thumb size-news-thumb wp-post-image\" alt=\"\" \/>\t\t\t\t\t\n\t\t\t\t<span class=\"line\"><\/span>\n\n\t\t\t\t<h2>DERAILLEMENT D&rsquo;UN TRAIN A CAUSE D&rsquo;UN FLAMBAGE DES RAILS DE CHEMIN DE FER<\/h2>\n\t\t\t\t<p>\n\t\t\t\t\t\t\n\t\t\t\t<\/p>\n\t\t\t\t<\/a>\n\t\t\t<\/div>\n\t\t\t\t\n\t\t\t<div class=\"col\">\n\t\t\t\t\t\t\t\t<a href=\"https:\/\/nemu.com.pl\/fr\/case-studies\/uszkodzenie-negatywu-filmu-reklamowego\/\">\n\t\t\t\t\n\t\t\t\t<img loading=\"lazy\" decoding=\"async\" width=\"600\" height=\"315\" src=\"https:\/\/nemu.com.pl\/wp-content\/uploads\/2015\/05\/P3170010-600x315.jpg\" class=\"attachment-news-thumb size-news-thumb wp-post-image\" alt=\"\" \/>\t\t\t\t\t\n\t\t\t\t<span class=\"line\"><\/span>\n\n\t\t\t\t<h2>DEGAT DU NEGATIF D&rsquo;UN FILM PUBLICITAIRE<\/h2>\n\t\t\t\t<p>\n\t\t\t\t\t\t\n\t\t\t\t<\/p>\n\t\t\t\t<\/a>\n\t\t\t<\/div>\n\t\t\t\t\n\t\t\t<div class=\"col\">\n\t\t\t\t\t\t\t\t<a href=\"https:\/\/nemu.com.pl\/fr\/case-studies\/upadek-dzwigu-budowlanego\/\">\n\t\t\t\t\n\t\t\t\t<img loading=\"lazy\" decoding=\"async\" width=\"600\" height=\"315\" src=\"https:\/\/nemu.com.pl\/wp-content\/uploads\/2015\/05\/\u017cur1-600x315.jpg\" class=\"attachment-news-thumb size-news-thumb wp-post-image\" alt=\"\" \/>\t\t\t\t\t\n\t\t\t\t<span class=\"line\"><\/span>\n\n\t\t\t\t<h2>ECROULEMENT D&rsquo;UNE GRUE<\/h2>\n\t\t\t\t<p>\n\t\t\t\t\t\t\n\t\t\t\t<\/p>\n\t\t\t\t<\/a>\n\t\t\t<\/div>\n\t\t\t\t\n\t\t\t<div class=\"col\">\n\t\t\t\t\t\t\t\t<a href=\"https:\/\/nemu.com.pl\/fr\/case-studies\/szkoda-z-oc-przewoznika-w-ruchu-miedzynarodowym\/\">\n\t\t\t\t\n\t\t\t\t<img loading=\"lazy\" decoding=\"async\" width=\"600\" height=\"315\" src=\"https:\/\/nemu.com.pl\/wp-content\/uploads\/2015\/05\/P9230014-600x315.jpg\" class=\"attachment-news-thumb size-news-thumb wp-post-image\" alt=\"\" \/>\t\t\t\t\t\n\t\t\t\t<span class=\"line\"><\/span>\n\n\t\t\t\t<h2>DOMMAGE EN RESPONSABILITE CIVILE D&rsquo;UN TRANSPORTEUR INTERNATIONAL<\/h2>\n\t\t\t\t<p>\n\t\t\t\t\t\t\n\t\t\t\t<\/p>\n\t\t\t\t<\/a>\n\t\t\t<\/div>\n\t\t\t\t\n\t\t\t<div class=\"col\">\n\t\t\t\t\t\t\t\t<a href=\"https:\/\/nemu.com.pl\/fr\/case-studies\/szkoda-w-zysku-brutto-w-elektrowni-wiatrowej\/\">\n\t\t\t\t\n\t\t\t\t<img loading=\"lazy\" decoding=\"async\" width=\"600\" height=\"315\" src=\"https:\/\/nemu.com.pl\/wp-content\/uploads\/2015\/05\/Kopia-wiatraki-600x315.bmp\" class=\"attachment-news-thumb size-news-thumb wp-post-image\" alt=\"\" \/>\t\t\t\t\t\n\t\t\t\t<span class=\"line\"><\/span>\n\n\t\t\t\t<h2>DOMMAGE DU GAIN BRUT DANS UNE USINE D&rsquo;ENERGIE EOLIENNE<\/h2>\n\t\t\t\t<p>\n\t\t\t\t\t\t\n\t\t\t\t<\/p>\n\t\t\t\t<\/a>\n\t\t\t<\/div>\n\t\t\t\t\n\t\t\t<div class=\"col\">\n\t\t\t\t\t\t\t\t<a href=\"https:\/\/nemu.com.pl\/fr\/case-studies\/uszkodzenie-w-robotach-kontraktowych-przy-budowie-autostrady\/\">\n\t\t\t\t\n\t\t\t\t<img loading=\"lazy\" decoding=\"async\" width=\"600\" height=\"315\" src=\"https:\/\/nemu.com.pl\/wp-content\/uploads\/2015\/05\/Obraz-021-600x315.jpg\" class=\"attachment-news-thumb size-news-thumb wp-post-image\" alt=\"\" \/>\t\t\t\t\t\n\t\t\t\t<span class=\"line\"><\/span>\n\n\t\t\t\t<h2>DEGATS DANS LES TRAVAUX CONTRACT\u00c9S PENDANT LA CONSTRUCTION D&rsquo;UNE AUTOROUTE<\/h2>\n\t\t\t\t<p>\n\t\t\t\t\t\t\n\t\t\t\t<\/p>\n\t\t\t\t<\/a>\n\t\t\t<\/div>\n\t\t\t\t\n\t\t\t<div class=\"col\">\n\t\t\t\t\t\t\t\t<a href=\"https:\/\/nemu.com.pl\/fr\/case-studies\/pozar-ciezarowek-przewozacych-napoje\/\">\n\t\t\t\t\n\t\t\t\t<img loading=\"lazy\" decoding=\"async\" width=\"600\" height=\"315\" src=\"https:\/\/nemu.com.pl\/wp-content\/uploads\/2015\/05\/ci\u0119\u017car\u00f3wki4-600x315.jpg\" class=\"attachment-news-thumb size-news-thumb wp-post-image\" alt=\"\" \/>\t\t\t\t\t\n\t\t\t\t<span class=\"line\"><\/span>\n\n\t\t\t\t<h2>INCENDIE DES CAMIONS TRANSPORTANT DES BOISSONS<\/h2>\n\t\t\t\t<p>\n\t\t\t\t\t\t\n\t\t\t\t<\/p>\n\t\t\t\t<\/a>\n\t\t\t<\/div>\n\t\t\t\t\n\t\t\t<div class=\"col\">\n\t\t\t\t\t\t\t\t<a href=\"https:\/\/nemu.com.pl\/fr\/case-studies\/pogiete-swiece-w-filtrze-do-filtracji-piwa\/\">\n\t\t\t\t\n\t\t\t\t<img loading=\"lazy\" decoding=\"async\" width=\"600\" height=\"315\" src=\"https:\/\/nemu.com.pl\/wp-content\/uploads\/2015\/05\/P1010005-600x315.jpg\" class=\"attachment-news-thumb size-news-thumb wp-post-image\" alt=\"\" \/>\t\t\t\t\t\n\t\t\t\t<span class=\"line\"><\/span>\n\n\t\t\t\t<h2>BOUGIES TORDUES DANS UN FILTRE A BIERE<\/h2>\n\t\t\t\t<p>\n\t\t\t\t\t\t\n\t\t\t\t<\/p>\n\t\t\t\t<\/a>\n\t\t\t<\/div>\n\t\t\t\t\n\t\t\t<div class=\"col\">\n\t\t\t\t\t\t\t\t<a href=\"https:\/\/nemu.com.pl\/fr\/case-studies\/krytyczna-wada-butelek\/\">\n\t\t\t\t\n\t\t\t\t<img loading=\"lazy\" decoding=\"async\" width=\"600\" height=\"315\" src=\"https:\/\/nemu.com.pl\/wp-content\/uploads\/2015\/05\/Kopia-P3313953-600x315.jpg\" class=\"attachment-news-thumb size-news-thumb wp-post-image\" alt=\"\" \/>\t\t\t\t\t\n\t\t\t\t<span class=\"line\"><\/span>\n\n\t\t\t\t<h2>DEFAUTS MAJEURS DES BOUTEILLES<\/h2>\n\t\t\t\t<p>\n\t\t\t\t\t\t\n\t\t\t\t<\/p>\n\t\t\t\t<\/a>\n\t\t\t<\/div>\n\t\t\t\t\n\t\t\t<div class=\"col\">\n\t\t\t\t\t\t\t\t<a href=\"https:\/\/nemu.com.pl\/fr\/case-studies\/katastrofa-lotnicza\/\">\n\t\t\t\t\n\t\t\t\t<img loading=\"lazy\" decoding=\"async\" width=\"600\" height=\"315\" src=\"https:\/\/nemu.com.pl\/wp-content\/uploads\/2015\/05\/P7050001-600x315.jpg\" class=\"attachment-news-thumb size-news-thumb wp-post-image\" alt=\"\" \/>\t\t\t\t\t\n\t\t\t\t<span class=\"line\"><\/span>\n\n\t\t\t\t<h2>CATASTROPHE AERIENNE<\/h2>\n\t\t\t\t<p>\n\t\t\t\t\t\t\n\t\t\t\t<\/p>\n\t\t\t\t<\/a>\n\t\t\t<\/div>\n\t\t\t\t\n\t\t\t<div class=\"col\">\n\t\t\t\t\t\t\t\t<a href=\"https:\/\/nemu.com.pl\/fr\/case-studies\/awaria-turbozespolu-energetycznego\/\">\n\t\t\t\t\n\t\t\t\t<img loading=\"lazy\" decoding=\"async\" width=\"600\" height=\"315\" src=\"https:\/\/nemu.com.pl\/wp-content\/uploads\/2015\/05\/turbina7-600x315.jpg\" class=\"attachment-news-thumb size-news-thumb wp-post-image\" alt=\"\" \/>\t\t\t\t\t\n\t\t\t\t<span class=\"line\"><\/span>\n\n\t\t\t\t<h2>PANNE D&rsquo;UN GROUPE DE TURBINE ENERGETIQUE<\/h2>\n\t\t\t\t<p>\n\t\t\t\t\t\t\n\t\t\t\t<\/p>\n\t\t\t\t<\/a>\n\t\t\t<\/div>\n\t\t\t\t\n\t\t\t<div class=\"col\">\n\t\t\t\t\t\t\t\t<a href=\"https:\/\/nemu.com.pl\/fr\/case-studies\/sruby-jako-zrodlo-awarii-elektrowni-wiatrowej\/\">\n\t\t\t\t\n\t\t\t\t<img loading=\"lazy\" decoding=\"async\" width=\"600\" height=\"315\" src=\"https:\/\/nemu.com.pl\/wp-content\/uploads\/2015\/05\/219-600x315.jpg\" class=\"attachment-news-thumb size-news-thumb wp-post-image\" alt=\"\" \/>\t\t\t\t\t\n\t\t\t\t<span class=\"line\"><\/span>\n\n\t\t\t\t<h2>LES GOUJONS COMME SOURCE DE PANNE DANS LE FONCTIONNEMENT D&rsquo;UNE USINE D&rsquo;ENERGIE EOLIENNE<\/h2>\n\t\t\t\t<p>\n\t\t\t\t\t\t\n\t\t\t\t<\/p>\n\t\t\t\t<\/a>\n\t\t\t<\/div>\n\t\t\t\t\n\t\t\t<div class=\"col\">\n\t\t\t\t\t\t\t\t<a href=\"https:\/\/nemu.com.pl\/fr\/case-studies\/przemysl-stoczniowy-niesprawne-mechanizmy-maszyny-sterowej\/\">\n\t\t\t\t\n\t\t\t\t<img loading=\"lazy\" decoding=\"async\" width=\"600\" height=\"315\" src=\"https:\/\/nemu.com.pl\/wp-content\/uploads\/2015\/05\/218-600x315.jpg\" class=\"attachment-news-thumb size-news-thumb wp-post-image\" alt=\"\" \/>\t\t\t\t\t\n\t\t\t\t<span class=\"line\"><\/span>\n\n\t\t\t\t<h2>CHANTIERS NAVALS &#8211; MECANISMES DEFECTUEUX D&rsquo;UNE MACHINE DE COMMANDE<\/h2>\n\t\t\t\t<p>\n\t\t\t\t\t\t\n\t\t\t\t<\/p>\n\t\t\t\t<\/a>\n\t\t\t<\/div>\n\t\t\t\t\n\t\t\t<div class=\"col\">\n\t\t\t\t\t\t\t\t<a href=\"https:\/\/nemu.com.pl\/fr\/case-studies\/produkcja-odziezy\/\">\n\t\t\t\t\n\t\t\t\t<img loading=\"lazy\" decoding=\"async\" width=\"600\" height=\"315\" src=\"https:\/\/nemu.com.pl\/wp-content\/uploads\/2015\/05\/217-600x315.jpg\" class=\"attachment-news-thumb size-news-thumb wp-post-image\" alt=\"\" \/>\t\t\t\t\t\n\t\t\t\t<span class=\"line\"><\/span>\n\n\t\t\t\t<h2>PRODUCTION DE VETEMENTS<\/h2>\n\t\t\t\t<p>\n\t\t\t\t\t\t\n\t\t\t\t<\/p>\n\t\t\t\t<\/a>\n\t\t\t<\/div>\n\t\t\t\t\n\t\t\t<div class=\"col\">\n\t\t\t\t\t\t\t\t<a href=\"https:\/\/nemu.com.pl\/fr\/case-studies\/meble-z-odpryskami-lakieru-niedostateczne-utwardzenie-lakieru\/\">\n\t\t\t\t\n\t\t\t\t<img loading=\"lazy\" decoding=\"async\" width=\"600\" height=\"315\" src=\"https:\/\/nemu.com.pl\/wp-content\/uploads\/2015\/05\/216-600x315.jpg\" class=\"attachment-news-thumb size-news-thumb wp-post-image\" alt=\"\" \/>\t\t\t\t\t\n\t\t\t\t<span class=\"line\"><\/span>\n\n\t\t\t\t<h2>MEUBLES AVEC ECLATS DE VERNIS<\/h2>\n\t\t\t\t<p>\n\t\t\t\t\t\t\n\t\t\t\t<\/p>\n\t\t\t\t<\/a>\n\t\t\t<\/div>\n\t\t\t\t\n\t\t\t<div class=\"col\">\n\t\t\t\t\t\t\t\t<a href=\"https:\/\/nemu.com.pl\/fr\/case-studies\/ciezkie-maszyny-budowlane\/\">\n\t\t\t\t\n\t\t\t\t<img loading=\"lazy\" decoding=\"async\" width=\"600\" height=\"315\" src=\"https:\/\/nemu.com.pl\/wp-content\/uploads\/2015\/05\/122-600x315.jpg\" class=\"attachment-news-thumb size-news-thumb wp-post-image\" alt=\"\" \/>\t\t\t\t\t\n\t\t\t\t<span class=\"line\"><\/span>\n\n\t\t\t\t<h2>MACHINES DE CONSTRUCTION LOURDES<\/h2>\n\t\t\t\t<p>\n\t\t\t\t\t\t\n\t\t\t\t<\/p>\n\t\t\t\t<\/a>\n\t\t\t<\/div>\n\t\t\t\t\n\t\t\t<div class=\"col\">\n\t\t\t\t\t\t\t\t<a href=\"https:\/\/nemu.com.pl\/fr\/case-studies\/skutek-bledu-ludzkiego\/\">\n\t\t\t\t\n\t\t\t\t<img loading=\"lazy\" decoding=\"async\" width=\"600\" height=\"315\" src=\"https:\/\/nemu.com.pl\/wp-content\/uploads\/2015\/05\/121-600x315.jpg\" class=\"attachment-news-thumb size-news-thumb wp-post-image\" alt=\"\" \/>\t\t\t\t\t\n\t\t\t\t<span class=\"line\"><\/span>\n\n\t\t\t\t<h2>RESULTAT D&rsquo;UNE ERREUR HUMAINE<\/h2>\n\t\t\t\t<p>\n\t\t\t\t\t\t\n\t\t\t\t<\/p>\n\t\t\t\t<\/a>\n\t\t\t<\/div>\n\t\t\t\t\n\t\t\t<div class=\"col\">\n\t\t\t\t\t\t\t\t<a href=\"https:\/\/nemu.com.pl\/fr\/case-studies\/niewlasciwy-montaz-sauny-finskiej-skutkiem-pozaru\/\">\n\t\t\t\t\n\t\t\t\t<img loading=\"lazy\" decoding=\"async\" width=\"600\" height=\"315\" src=\"https:\/\/nemu.com.pl\/wp-content\/uploads\/2015\/05\/43-600x315.jpg\" class=\"attachment-news-thumb size-news-thumb wp-post-image\" alt=\"\" \/>\t\t\t\t\t\n\t\t\t\t<span class=\"line\"><\/span>\n\n\t\t\t\t<h2>MONTAGE INCORRECT D&rsquo;UN SAUNA COMME CAUSE D&rsquo;INCENDIE<\/h2>\n\t\t\t\t<p>\n\t\t\t\t\t\t\n\t\t\t\t<\/p>\n\t\t\t\t<\/a>\n\t\t\t<\/div>\n\t\t\t\t\n\t\t\t<div class=\"col\">\n\t\t\t\t\t\t\t\t<a href=\"https:\/\/nemu.com.pl\/fr\/case-studies\/pozar-w-rozdzielni-niskich-napiec\/\">\n\t\t\t\t\n\t\t\t\t<img loading=\"lazy\" decoding=\"async\" width=\"600\" height=\"315\" src=\"https:\/\/nemu.com.pl\/wp-content\/uploads\/2015\/05\/215-600x315.jpg\" class=\"attachment-news-thumb size-news-thumb wp-post-image\" alt=\"\" \/>\t\t\t\t\t\n\t\t\t\t<span class=\"line\"><\/span>\n\n\t\t\t\t<h2>INCENDIE DANS UNE STATION ELECTRIQUE A BASSE TENSION<\/h2>\n\t\t\t\t<p>\n\t\t\t\t\t\t\n\t\t\t\t<\/p>\n\t\t\t\t<\/a>\n\t\t\t<\/div>\n\t\t\t\t\n\t\t\t<div class=\"col\">\n\t\t\t\t\t\t\t\t<a href=\"https:\/\/nemu.com.pl\/fr\/case-studies\/ustalenie-przyczyny-pozaru-w-zakladzie-produkujacym-srodki-piorace\/\">\n\t\t\t\t\n\t\t\t\t<img loading=\"lazy\" decoding=\"async\" width=\"600\" height=\"315\" src=\"https:\/\/nemu.com.pl\/wp-content\/uploads\/2015\/05\/120-600x315.jpg\" class=\"attachment-news-thumb size-news-thumb wp-post-image\" alt=\"\" \/>\t\t\t\t\t\n\t\t\t\t<span class=\"line\"><\/span>\n\n\t\t\t\t<h2>DETERMINATION DE LA CAUSE D&rsquo;UN INCENDIE DANS UN ETABLISSEMENT PRODUISANT DES DETERGENTS<\/h2>\n\t\t\t\t<p>\n\t\t\t\t\t\t\n\t\t\t\t<\/p>\n\t\t\t\t<\/a>\n\t\t\t<\/div>\n\t\t\t\t\n\t\t\t<div class=\"col\">\n\t\t\t\t\t\t\t\t<a href=\"https:\/\/nemu.com.pl\/fr\/case-studies\/zwarcie-elektryczne-przyczyna-gigantycznego-pozaru\/\">\n\t\t\t\t\n\t\t\t\t<img loading=\"lazy\" decoding=\"async\" width=\"600\" height=\"315\" src=\"https:\/\/nemu.com.pl\/wp-content\/uploads\/2015\/05\/81-600x315.jpg\" class=\"attachment-news-thumb size-news-thumb wp-post-image\" alt=\"\" \/>\t\t\t\t\t\n\t\t\t\t<span class=\"line\"><\/span>\n\n\t\t\t\t<h2>COURT-CIRCUIT COMME CAUSE D&rsquo;INCENDIE IMPORTANT<\/h2>\n\t\t\t\t<p>\n\t\t\t\t\t\t\n\t\t\t\t<\/p>\n\t\t\t\t<\/a>\n\t\t\t<\/div>\n\t\t\t\t\n\t\t\t<div class=\"col\">\n\t\t\t\t\t\t\t\t<a href=\"https:\/\/nemu.com.pl\/fr\/case-studies\/ogien-w-fabryce-sprezyn\/\">\n\t\t\t\t\n\t\t\t\t<img loading=\"lazy\" decoding=\"async\" width=\"600\" height=\"315\" src=\"https:\/\/nemu.com.pl\/wp-content\/uploads\/2015\/05\/42-600x315.jpg\" class=\"attachment-news-thumb size-news-thumb wp-post-image\" alt=\"\" \/>\t\t\t\t\t\n\t\t\t\t<span class=\"line\"><\/span>\n\n\t\t\t\t<h2>FEU DANS UNE USINE DE RESSORTS<\/h2>\n\t\t\t\t<p>\n\t\t\t\t\t\t\n\t\t\t\t<\/p>\n\t\t\t\t<\/a>\n\t\t\t<\/div>\n\t\t\t\t\n\t\t\t<div class=\"col\">\n\t\t\t\t\t\t\t\t<a href=\"https:\/\/nemu.com.pl\/fr\/case-studies\/ustalenie-odpowiedzialnosci-za-powstanie-pozaru-w-hucie-szkla\/\">\n\t\t\t\t\n\t\t\t\t<img loading=\"lazy\" decoding=\"async\" width=\"600\" height=\"315\" src=\"https:\/\/nemu.com.pl\/wp-content\/uploads\/2015\/05\/214-600x315.jpg\" class=\"attachment-news-thumb size-news-thumb wp-post-image\" alt=\"\" \/>\t\t\t\t\t\n\t\t\t\t<span class=\"line\"><\/span>\n\n\t\t\t\t<h2>DETERMINATION DE LA RESPONSABILITE D&rsquo;UN INCENDIE DANS UNE VERRERIE<\/h2>\n\t\t\t\t<p>\n\t\t\t\t\t\t\n\t\t\t\t<\/p>\n\t\t\t\t<\/a>\n\t\t\t<\/div>\n\t\t\t\t\n\t\t\t<div class=\"col\">\n\t\t\t\t\t\t\t\t<a href=\"https:\/\/nemu.com.pl\/fr\/case-studies\/rozszczelnienie-przewodu-skutkiem-wybuchu-pozaru\/\">\n\t\t\t\t\n\t\t\t\t<img loading=\"lazy\" decoding=\"async\" width=\"600\" height=\"315\" src=\"https:\/\/nemu.com.pl\/wp-content\/uploads\/2015\/05\/34-600x315.jpg\" class=\"attachment-news-thumb size-news-thumb wp-post-image\" alt=\"\" \/>\t\t\t\t\t\n\t\t\t\t<span class=\"line\"><\/span>\n\n\t\t\t\t<h2>EXPLOSION D&rsquo;UNE CONDUITE SUITE A UN INCENDIE<\/h2>\n\t\t\t\t<p>\n\t\t\t\t\t\t\n\t\t\t\t<\/p>\n\t\t\t\t<\/a>\n\t\t\t<\/div>\n\t\t\t\t\n\t\t\t<div class=\"col\">\n\t\t\t\t\t\t\t\t<a href=\"https:\/\/nemu.com.pl\/fr\/case-studies\/wybuch-pozaru-w-hipermarkecie\/\">\n\t\t\t\t\n\t\t\t\t<img loading=\"lazy\" decoding=\"async\" width=\"600\" height=\"315\" src=\"https:\/\/nemu.com.pl\/wp-content\/uploads\/2015\/05\/119-600x315.jpg\" class=\"attachment-news-thumb size-news-thumb wp-post-image\" alt=\"\" \/>\t\t\t\t\t\n\t\t\t\t<span class=\"line\"><\/span>\n\n\t\t\t\t<h2>INCENDIE DANS UN HYPERMARCHE<\/h2>\n\t\t\t\t<p>\n\t\t\t\t\t\t\n\t\t\t\t<\/p>\n\t\t\t\t<\/a>\n\t\t\t<\/div>\n\t\t\t\t\n\t\t\t<div class=\"col\">\n\t\t\t\t\t\t\t\t<a href=\"https:\/\/nemu.com.pl\/fr\/case-studies\/pozar-w-zakladzie-produkujacym-pasze-dla-zwierzat\/\">\n\t\t\t\t\n\t\t\t\t<img loading=\"lazy\" decoding=\"async\" width=\"600\" height=\"315\" src=\"https:\/\/nemu.com.pl\/wp-content\/uploads\/2015\/05\/52-600x315.jpg\" class=\"attachment-news-thumb size-news-thumb wp-post-image\" alt=\"\" \/>\t\t\t\t\t\n\t\t\t\t<span class=\"line\"><\/span>\n\n\t\t\t\t<h2>INCENDIE DANS UN ETABLISSEMENT PRODUISANT DU FOURRAGE<\/h2>\n\t\t\t\t<p>\n\t\t\t\t\t\t\n\t\t\t\t<\/p>\n\t\t\t\t<\/a>\n\t\t\t<\/div>\n\t\t\t\t\n\t\t\t<div class=\"col\">\n\t\t\t\t\t\t\t\t<a href=\"https:\/\/nemu.com.pl\/fr\/case-studies\/przypadek-3\/\">\n\t\t\t\t\n\t\t\t\t<img loading=\"lazy\" decoding=\"async\" width=\"600\" height=\"315\" src=\"https:\/\/nemu.com.pl\/wp-content\/uploads\/2015\/05\/33-600x315.jpg\" class=\"attachment-news-thumb size-news-thumb wp-post-image\" alt=\"\" \/>\t\t\t\t\t\n\t\t\t\t<span class=\"line\"><\/span>\n\n\t\t\t\t<h2>INCENDIE DANS UN SUPERMARCHE<\/h2>\n\t\t\t\t<p>\n\t\t\t\t\t\t\n\t\t\t\t<\/p>\n\t\t\t\t<\/a>\n\t\t\t<\/div>\n\t\t\t\t\n\t\t\t<div class=\"col\">\n\t\t\t\t\t\t\t\t<a href=\"https:\/\/nemu.com.pl\/fr\/case-studies\/ustalenie-przyczyny-pozaru-w-zakladzie-lakierniczym\/\">\n\t\t\t\t\n\t\t\t\t<img loading=\"lazy\" decoding=\"async\" width=\"600\" height=\"315\" src=\"https:\/\/nemu.com.pl\/wp-content\/uploads\/2015\/05\/71-600x315.jpg\" class=\"attachment-news-thumb size-news-thumb wp-post-image\" alt=\"\" \/>\t\t\t\t\t\n\t\t\t\t<span class=\"line\"><\/span>\n\n\t\t\t\t<h2>DETERMINATION D&rsquo;UNE CAUSE D&rsquo;UN INCENDIE DANS UN ETABLISSEMENT DE PEINTURE<\/h2>\n\t\t\t\t<p>\n\t\t\t\t\t\t\n\t\t\t\t<\/p>\n\t\t\t\t<\/a>\n\t\t\t<\/div>\n\t\t\t\t\n\t\t\t<div class=\"col\">\n\t\t\t\t\t\t\t\t<a href=\"https:\/\/nemu.com.pl\/fr\/case-studies\/przypadek-1\/\">\n\t\t\t\t\n\t\t\t\t<img loading=\"lazy\" decoding=\"async\" width=\"600\" height=\"315\" src=\"https:\/\/nemu.com.pl\/wp-content\/uploads\/2015\/05\/118-600x315.jpg\" class=\"attachment-news-thumb size-news-thumb wp-post-image\" alt=\"\" \/>\t\t\t\t\t\n\t\t\t\t<span class=\"line\"><\/span>\n\n\t\t\t\t<h2>CONSEQUENCES D&rsquo;UNE NON-CONFORMITE AUX REGLES RELATIVES A LA SANTE ET A LA SECURITE AU TRAVAIL ET REGLES DE SECURITE INCENDIE<\/h2>\n\t\t\t\t<p>\n\t\t\t\t\t\t\n\t\t\t\t<\/p>\n\t\t\t\t<\/a>\n\t\t\t<\/div>\n\t\t\t\n\t\t<\/div>\n\n<\/div><\/div>\n<p>&nbsp;<\/p>\n<p>&nbsp;<\/p>\n<p><\/p>","protected":false},"excerpt":{"rendered":"<p>&nbsp; &nbsp;<\/p>\n","protected":false},"author":1,"featured_media":0,"parent":0,"menu_order":0,"comment_status":"open","ping_status":"open","template":"","meta":{"_acf_changed":false,"footnotes":""},"class_list":["post-13","page","type-page","status-publish","hentry","has-post-thumbnail"],"acf":[],"_links":{"self":[{"href":"https:\/\/nemu.com.pl\/fr\/wp-json\/wp\/v2\/pages\/13","targetHints":{"allow":["GET"]}}],"collection":[{"href":"https:\/\/nemu.com.pl\/fr\/wp-json\/wp\/v2\/pages"}],"about":[{"href":"https:\/\/nemu.com.pl\/fr\/wp-json\/wp\/v2\/types\/page"}],"author":[{"embeddable":true,"href":"https:\/\/nemu.com.pl\/fr\/wp-json\/wp\/v2\/users\/1"}],"replies":[{"embeddable":true,"href":"https:\/\/nemu.com.pl\/fr\/wp-json\/wp\/v2\/comments?post=13"}],"version-history":[{"count":6,"href":"https:\/\/nemu.com.pl\/fr\/wp-json\/wp\/v2\/pages\/13\/revisions"}],"predecessor-version":[{"id":601,"href":"https:\/\/nemu.com.pl\/fr\/wp-json\/wp\/v2\/pages\/13\/revisions\/601"}],"wp:attachment":[{"href":"https:\/\/nemu.com.pl\/fr\/wp-json\/wp\/v2\/media?parent=13"}],"curies":[{"name":"wp","href":"https:\/\/api.w.org\/{rel}","templated":true}]}}