{"id":300,"date":"2015-05-22T16:19:57","date_gmt":"2015-05-22T14:19:57","guid":{"rendered":"http:\/\/nemu.com.pl\/?page_id=300"},"modified":"2015-06-03T11:54:51","modified_gmt":"2015-06-03T09:54:51","slug":"pozar-ciezarowek-przewozacych-napoje","status":"publish","type":"page","link":"https:\/\/nemu.com.pl\/en\/case-studies\/pozar-ciezarowek-przewozacych-napoje\/","title":{"rendered":"FIRE OF LORRIES TRANSPORTING BEVERAGE"},"content":{"rendered":"<p><\/p>\n<p style=\"text-align: justify;\"><div class=\"incontent\" style=\"background-color:#f4f4f4\"><div class=\"center\"><\/p>\n<p style=\"text-align: justify;\">In the headquarters of the forwarding company a fire started caused by arsonists. They set on fire a few trucks and semi trailers loaded with goods.<br \/>\nThe subject of the claim handling was the qualification of the scope of the loss of goods on the trucks as a result of the fire. The shipment consisted of food products (e.g. canned beer, bottled beer, non-alcoholic drinks) and packaging (bottles, boxes and pallets).<br \/>\nThe beer and empty bottles were kept in boxes (transporters, crates) placed one on top of another in piles \u2013 depending on the truck construction \u2013 of different heights (from 5 to 7 boxes in a pile). The heat-damaged boxes were placed above and near to some tyres \u2013 this trace point, that the arsonists used inflammable liquid to start the tyres burning. Other traces were found on the open load-carrying body of the MAN truck, where all the layers of green boxes with empty bottles were heat-damaged. The condition of the MAN shipment showed, that the bottles were empty. The MAN shipment\u2019s damage suggests, that the boxes were made<br \/>\nof inflammable material or the arsonists used stronger (or more) firelighting material. According to the fire brigade report, the source of the fire was placed close to the tyres. The flames from burning tyres touched the box\u2019s side and some came under the load-carrying body. As a result, the combustion heat penetrated the load-carrying body and was dispersed by the body construction made of metal. Placing boxes with bottles on wood pallets intensified the process. According to the report, the heat destroyed the plastic boxes; first, they had melted, later thermally decomposed, mostly near to the vertical axis of the flames. The bottle glass can be damaged (as a result of internal glass tensions) in temperatures over 250oC, in the case of irregular heat impact on the glass surface. During the fire, flames on one side (irregular heating) heated the bottles. Because the bottles were placed in boxes, the boxes\u2019 walls protected them, until they melted. For this reason, during the fire the unprotected layer of bottles created heat protection for the layer behind it. With regard to the melting temperature of the plastics, is it difficult to reach 250oC behind the layer protected from heat influence. Taking into account thermal circulation caused by air movement, it is reasonable to assume, that bottles in the highest layer of boxes, at a distance of about 1 m from the heat damaged boxes, were not exposed to temperature action, causing tensions and unexpected cracks in the glass during washing, filling process, transportation of empty and filled bottles, storage and utilisation. For bottles located inside the pile, the limit can be 0,5 m from the heat damage. In the tested beer, no disqualifying changes in taste or aroma were found. The beer clarity was normal for this type of goods. According to the prepared report, all investigated beer was suitable for consumption.<br \/>\nThe bottles with smoke-damaged labels and glass lost their value. The total damage as a result of the fire was beer identified with damaged packaging, although the beer from the point of view of consumption did not undergo any changes.<br \/>\nIn this case there is some controversy over the loss in current assets. Characteristic for these losses is:<br \/>\n\u2013 Damaged packages, which make goods defective and its sale can be difficult or even impossible,<br \/>\n\u2013 According to legal regulations, it is not allowed to put beer of standard value with damaged labels on sale, unless the packaging will be \u201crepaired\u201d. The current assets in undamaged packages will be accepted for sale,<br \/>\n\u2013 Purchase cost of new labels, transportation cost and refilling or eventual hand washing and labelling will be much higher than the value of goods subjected to such operations.<\/p>\n<div id='gallery-2' class='gallery galleryid-300 gallery-columns-3 gallery-size-large'><figure class='gallery-item'>\n\t\t\t<div class='gallery-icon landscape'>\n\t\t\t\t<img loading=\"lazy\" decoding=\"async\" width=\"1024\" height=\"768\" src=\"https:\/\/nemu.com.pl\/wp-content\/uploads\/2015\/05\/ci\u0119\u017car\u00f3wki3-1024x768.jpg\" class=\"attachment-large size-large\" alt=\"\" srcset=\"https:\/\/nemu.com.pl\/wp-content\/uploads\/2015\/05\/ci\u0119\u017car\u00f3wki3-1024x768.jpg 1024w, https:\/\/nemu.com.pl\/wp-content\/uploads\/2015\/05\/ci\u0119\u017car\u00f3wki3-300x225.jpg 300w, https:\/\/nemu.com.pl\/wp-content\/uploads\/2015\/05\/ci\u0119\u017car\u00f3wki3.jpg 1600w\" sizes=\"auto, (max-width: 1024px) 100vw, 1024px\" \/>\n\t\t\t<\/div><\/figure><figure class='gallery-item'>\n\t\t\t<div class='gallery-icon landscape'>\n\t\t\t\t<img loading=\"lazy\" decoding=\"async\" width=\"1024\" height=\"768\" src=\"https:\/\/nemu.com.pl\/wp-content\/uploads\/2015\/05\/ci\u0119\u017car\u00f3wki41-1024x768.jpg\" class=\"attachment-large size-large\" alt=\"\" srcset=\"https:\/\/nemu.com.pl\/wp-content\/uploads\/2015\/05\/ci\u0119\u017car\u00f3wki41-1024x768.jpg 1024w, https:\/\/nemu.com.pl\/wp-content\/uploads\/2015\/05\/ci\u0119\u017car\u00f3wki41-300x225.jpg 300w, https:\/\/nemu.com.pl\/wp-content\/uploads\/2015\/05\/ci\u0119\u017car\u00f3wki41.jpg 1600w\" sizes=\"auto, (max-width: 1024px) 100vw, 1024px\" \/>\n\t\t\t<\/div><\/figure><figure class='gallery-item'>\n\t\t\t<div class='gallery-icon landscape'>\n\t\t\t\t<img loading=\"lazy\" decoding=\"async\" width=\"1024\" height=\"768\" src=\"https:\/\/nemu.com.pl\/wp-content\/uploads\/2015\/05\/ci\u0119\u017car\u00f3wki6-1024x768.jpg\" class=\"attachment-large size-large\" alt=\"\" srcset=\"https:\/\/nemu.com.pl\/wp-content\/uploads\/2015\/05\/ci\u0119\u017car\u00f3wki6-1024x768.jpg 1024w, https:\/\/nemu.com.pl\/wp-content\/uploads\/2015\/05\/ci\u0119\u017car\u00f3wki6-300x225.jpg 300w, https:\/\/nemu.com.pl\/wp-content\/uploads\/2015\/05\/ci\u0119\u017car\u00f3wki6.jpg 1600w\" sizes=\"auto, (max-width: 1024px) 100vw, 1024px\" \/>\n\t\t\t<\/div><\/figure><figure class='gallery-item'>\n\t\t\t<div class='gallery-icon landscape'>\n\t\t\t\t<img loading=\"lazy\" decoding=\"async\" width=\"1024\" height=\"768\" src=\"https:\/\/nemu.com.pl\/wp-content\/uploads\/2015\/05\/ci\u0119\u017car\u00f3wki7-1024x768.jpg\" class=\"attachment-large size-large\" alt=\"\" srcset=\"https:\/\/nemu.com.pl\/wp-content\/uploads\/2015\/05\/ci\u0119\u017car\u00f3wki7-1024x768.jpg 1024w, https:\/\/nemu.com.pl\/wp-content\/uploads\/2015\/05\/ci\u0119\u017car\u00f3wki7-300x225.jpg 300w, https:\/\/nemu.com.pl\/wp-content\/uploads\/2015\/05\/ci\u0119\u017car\u00f3wki7.jpg 1600w\" sizes=\"auto, (max-width: 1024px) 100vw, 1024px\" \/>\n\t\t\t<\/div><\/figure><figure class='gallery-item'>\n\t\t\t<div class='gallery-icon landscape'>\n\t\t\t\t<img loading=\"lazy\" decoding=\"async\" width=\"1024\" height=\"768\" src=\"https:\/\/nemu.com.pl\/wp-content\/uploads\/2015\/05\/ci\u0119\u017car\u00f3wki10-1024x768.jpg\" class=\"attachment-large size-large\" alt=\"\" srcset=\"https:\/\/nemu.com.pl\/wp-content\/uploads\/2015\/05\/ci\u0119\u017car\u00f3wki10-1024x768.jpg 1024w, https:\/\/nemu.com.pl\/wp-content\/uploads\/2015\/05\/ci\u0119\u017car\u00f3wki10-300x225.jpg 300w, https:\/\/nemu.com.pl\/wp-content\/uploads\/2015\/05\/ci\u0119\u017car\u00f3wki10.jpg 1600w\" sizes=\"auto, (max-width: 1024px) 100vw, 1024px\" \/>\n\t\t\t<\/div><\/figure>\n\t\t<\/div>\n\n<p><\/div><\/div><\/p>","protected":false},"excerpt":{"rendered":"","protected":false},"author":1,"featured_media":301,"parent":13,"menu_order":0,"comment_status":"open","ping_status":"open","template":"","meta":{"_acf_changed":false,"footnotes":""},"class_list":["post-300","page","type-page","status-publish","has-post-thumbnail","hentry"],"acf":[],"_links":{"self":[{"href":"https:\/\/nemu.com.pl\/en\/wp-json\/wp\/v2\/pages\/300","targetHints":{"allow":["GET"]}}],"collection":[{"href":"https:\/\/nemu.com.pl\/en\/wp-json\/wp\/v2\/pages"}],"about":[{"href":"https:\/\/nemu.com.pl\/en\/wp-json\/wp\/v2\/types\/page"}],"author":[{"embeddable":true,"href":"https:\/\/nemu.com.pl\/en\/wp-json\/wp\/v2\/users\/1"}],"replies":[{"embeddable":true,"href":"https:\/\/nemu.com.pl\/en\/wp-json\/wp\/v2\/comments?post=300"}],"version-history":[{"count":4,"href":"https:\/\/nemu.com.pl\/en\/wp-json\/wp\/v2\/pages\/300\/revisions"}],"predecessor-version":[{"id":1877,"href":"https:\/\/nemu.com.pl\/en\/wp-json\/wp\/v2\/pages\/300\/revisions\/1877"}],"up":[{"embeddable":true,"href":"https:\/\/nemu.com.pl\/en\/wp-json\/wp\/v2\/pages\/13"}],"wp:featuredmedia":[{"embeddable":true,"href":"https:\/\/nemu.com.pl\/en\/wp-json\/wp\/v2\/media\/301"}],"wp:attachment":[{"href":"https:\/\/nemu.com.pl\/en\/wp-json\/wp\/v2\/media?parent=300"}],"curies":[{"name":"wp","href":"https:\/\/api.w.org\/{rel}","templated":true}]}}