{"id":13,"date":"2015-05-20T08:52:37","date_gmt":"2015-05-20T06:52:37","guid":{"rendered":"http:\/\/nemu.com.pl\/?page_id=13"},"modified":"2015-05-27T11:29:02","modified_gmt":"2015-05-27T09:29:02","slug":"case-studies","status":"publish","type":"page","link":"https:\/\/nemu.com.pl\/en\/case-studies\/","title":{"rendered":"Case studies"},"content":{"rendered":"<p><\/p>\n<p style=\"text-align: left;\"><div class=\"incontent\" style=\"background-color:#f4f4f4\"><div class=\"center\"><div class=\"cols cols2 overflow content main-box\">\t\t\t\n\t\t\t<div class=\"col\">\n\t\t\t\t\t\t\t\t<a href=\"https:\/\/nemu.com.pl\/en\/case-studies\/zawalenie-sie-konstrukcji-wiaduktu\/\">\n\t\t\t\t\n\t\t\t\t<img loading=\"lazy\" decoding=\"async\" width=\"600\" height=\"315\" src=\"https:\/\/nemu.com.pl\/wp-content\/uploads\/2015\/05\/P8132240-600x315.jpg\" class=\"attachment-news-thumb size-news-thumb wp-post-image\" alt=\"\" \/>\t\t\t\t\t\n\t\t\t\t<span class=\"line\"><\/span>\n\n\t\t\t\t<h2>COLLAPSE OF VIADUCT STRUCTURE<\/h2>\n\t\t\t\t<p>\n\t\t\t\t\t\t\n\t\t\t\t<\/p>\n\t\t\t\t<\/a>\n\t\t\t<\/div>\n\t\t\t\t\n\t\t\t<div class=\"col\">\n\t\t\t\t\t\t\t\t<a href=\"https:\/\/nemu.com.pl\/en\/case-studies\/wykolejenie-pociagu-na-skutek-wyboczenia-torow\/\">\n\t\t\t\t\n\t\t\t\t<img loading=\"lazy\" decoding=\"async\" width=\"600\" height=\"315\" src=\"https:\/\/nemu.com.pl\/wp-content\/uploads\/2015\/05\/S5001795-600x315.jpg\" class=\"attachment-news-thumb size-news-thumb wp-post-image\" alt=\"\" \/>\t\t\t\t\t\n\t\t\t\t<span class=\"line\"><\/span>\n\n\t\t\t\t<h2>TRAIN DERAILMENT AS A RESULT OF RAIL BUCKLING<\/h2>\n\t\t\t\t<p>\n\t\t\t\t\t\t\n\t\t\t\t<\/p>\n\t\t\t\t<\/a>\n\t\t\t<\/div>\n\t\t\t\t\n\t\t\t<div class=\"col\">\n\t\t\t\t\t\t\t\t<a href=\"https:\/\/nemu.com.pl\/en\/case-studies\/uszkodzenie-negatywu-filmu-reklamowego\/\">\n\t\t\t\t\n\t\t\t\t<img loading=\"lazy\" decoding=\"async\" width=\"600\" height=\"315\" src=\"https:\/\/nemu.com.pl\/wp-content\/uploads\/2015\/05\/P3170010-600x315.jpg\" class=\"attachment-news-thumb size-news-thumb wp-post-image\" alt=\"\" \/>\t\t\t\t\t\n\t\t\t\t<span class=\"line\"><\/span>\n\n\t\t\t\t<h2>DAMAGE TO A NEGATIVE OF ADVERTISING FILM<\/h2>\n\t\t\t\t<p>\n\t\t\t\t\t\t\n\t\t\t\t<\/p>\n\t\t\t\t<\/a>\n\t\t\t<\/div>\n\t\t\t\t\n\t\t\t<div class=\"col\">\n\t\t\t\t\t\t\t\t<a href=\"https:\/\/nemu.com.pl\/en\/case-studies\/upadek-dzwigu-budowlanego\/\">\n\t\t\t\t\n\t\t\t\t<img loading=\"lazy\" decoding=\"async\" width=\"600\" height=\"315\" src=\"https:\/\/nemu.com.pl\/wp-content\/uploads\/2015\/05\/\u017cur1-600x315.jpg\" class=\"attachment-news-thumb size-news-thumb wp-post-image\" alt=\"\" \/>\t\t\t\t\t\n\t\t\t\t<span class=\"line\"><\/span>\n\n\t\t\t\t<h2>FALL OF BUILDING CRANE<\/h2>\n\t\t\t\t<p>\n\t\t\t\t\t\t\n\t\t\t\t<\/p>\n\t\t\t\t<\/a>\n\t\t\t<\/div>\n\t\t\t\t\n\t\t\t<div class=\"col\">\n\t\t\t\t\t\t\t\t<a href=\"https:\/\/nemu.com.pl\/en\/case-studies\/szkoda-z-oc-przewoznika-w-ruchu-miedzynarodowym\/\">\n\t\t\t\t\n\t\t\t\t<img loading=\"lazy\" decoding=\"async\" width=\"600\" height=\"315\" src=\"https:\/\/nemu.com.pl\/wp-content\/uploads\/2015\/05\/P9230014-600x315.jpg\" class=\"attachment-news-thumb size-news-thumb wp-post-image\" alt=\"\" \/>\t\t\t\t\t\n\t\t\t\t<span class=\"line\"><\/span>\n\n\t\t\t\t<h2>LOSS FROM THIRD PARTY LIABILITY INSURANCE OF AN INTERNATIONAL CARRIER<\/h2>\n\t\t\t\t<p>\n\t\t\t\t\t\t\n\t\t\t\t<\/p>\n\t\t\t\t<\/a>\n\t\t\t<\/div>\n\t\t\t\t\n\t\t\t<div class=\"col\">\n\t\t\t\t\t\t\t\t<a href=\"https:\/\/nemu.com.pl\/en\/case-studies\/szkoda-w-zysku-brutto-w-elektrowni-wiatrowej\/\">\n\t\t\t\t\n\t\t\t\t<img loading=\"lazy\" decoding=\"async\" width=\"600\" height=\"315\" src=\"https:\/\/nemu.com.pl\/wp-content\/uploads\/2015\/05\/Kopia-wiatraki-600x315.bmp\" class=\"attachment-news-thumb size-news-thumb wp-post-image\" alt=\"\" \/>\t\t\t\t\t\n\t\t\t\t<span class=\"line\"><\/span>\n\n\t\t\t\t<h2>LOSS IN GROSS PROFIT IN WIND POWER PLANT<\/h2>\n\t\t\t\t<p>\n\t\t\t\t\t\t\n\t\t\t\t<\/p>\n\t\t\t\t<\/a>\n\t\t\t<\/div>\n\t\t\t\t\n\t\t\t<div class=\"col\">\n\t\t\t\t\t\t\t\t<a href=\"https:\/\/nemu.com.pl\/en\/case-studies\/uszkodzenie-w-robotach-kontraktowych-przy-budowie-autostrady\/\">\n\t\t\t\t\n\t\t\t\t<img loading=\"lazy\" decoding=\"async\" width=\"600\" height=\"315\" src=\"https:\/\/nemu.com.pl\/wp-content\/uploads\/2015\/05\/Obraz-021-600x315.jpg\" class=\"attachment-news-thumb size-news-thumb wp-post-image\" alt=\"\" \/>\t\t\t\t\t\n\t\t\t\t<span class=\"line\"><\/span>\n\n\t\t\t\t<h2>DAMAGE DURING CONTRACTED WORKS FOR MOTORWAY CONSTRUCTION<\/h2>\n\t\t\t\t<p>\n\t\t\t\t\t\t\n\t\t\t\t<\/p>\n\t\t\t\t<\/a>\n\t\t\t<\/div>\n\t\t\t\t\n\t\t\t<div class=\"col\">\n\t\t\t\t\t\t\t\t<a href=\"https:\/\/nemu.com.pl\/en\/case-studies\/pozar-ciezarowek-przewozacych-napoje\/\">\n\t\t\t\t\n\t\t\t\t<img loading=\"lazy\" decoding=\"async\" width=\"600\" height=\"315\" src=\"https:\/\/nemu.com.pl\/wp-content\/uploads\/2015\/05\/ci\u0119\u017car\u00f3wki4-600x315.jpg\" class=\"attachment-news-thumb size-news-thumb wp-post-image\" alt=\"\" \/>\t\t\t\t\t\n\t\t\t\t<span class=\"line\"><\/span>\n\n\t\t\t\t<h2>FIRE OF LORRIES TRANSPORTING BEVERAGE<\/h2>\n\t\t\t\t<p>\n\t\t\t\t\t\t\n\t\t\t\t<\/p>\n\t\t\t\t<\/a>\n\t\t\t<\/div>\n\t\t\t\t\n\t\t\t<div class=\"col\">\n\t\t\t\t\t\t\t\t<a href=\"https:\/\/nemu.com.pl\/en\/case-studies\/pogiete-swiece-w-filtrze-do-filtracji-piwa\/\">\n\t\t\t\t\n\t\t\t\t<img loading=\"lazy\" decoding=\"async\" width=\"600\" height=\"315\" src=\"https:\/\/nemu.com.pl\/wp-content\/uploads\/2015\/05\/P1010005-600x315.jpg\" class=\"attachment-news-thumb size-news-thumb wp-post-image\" alt=\"\" \/>\t\t\t\t\t\n\t\t\t\t<span class=\"line\"><\/span>\n\n\t\t\t\t<h2>CREASED FILTER CANDLES IN BEER FILTRATION FILTER<\/h2>\n\t\t\t\t<p>\n\t\t\t\t\t\t\n\t\t\t\t<\/p>\n\t\t\t\t<\/a>\n\t\t\t<\/div>\n\t\t\t\t\n\t\t\t<div class=\"col\">\n\t\t\t\t\t\t\t\t<a href=\"https:\/\/nemu.com.pl\/en\/case-studies\/krytyczna-wada-butelek\/\">\n\t\t\t\t\n\t\t\t\t<img loading=\"lazy\" decoding=\"async\" width=\"600\" height=\"315\" src=\"https:\/\/nemu.com.pl\/wp-content\/uploads\/2015\/05\/Kopia-P3313953-600x315.jpg\" class=\"attachment-news-thumb size-news-thumb wp-post-image\" alt=\"\" \/>\t\t\t\t\t\n\t\t\t\t<span class=\"line\"><\/span>\n\n\t\t\t\t<h2>CRITICAL BOTTLE FAULT<\/h2>\n\t\t\t\t<p>\n\t\t\t\t\t\t\n\t\t\t\t<\/p>\n\t\t\t\t<\/a>\n\t\t\t<\/div>\n\t\t\t\t\n\t\t\t<div class=\"col\">\n\t\t\t\t\t\t\t\t<a href=\"https:\/\/nemu.com.pl\/en\/case-studies\/katastrofa-lotnicza\/\">\n\t\t\t\t\n\t\t\t\t<img loading=\"lazy\" decoding=\"async\" width=\"600\" height=\"315\" src=\"https:\/\/nemu.com.pl\/wp-content\/uploads\/2015\/05\/P7050001-600x315.jpg\" class=\"attachment-news-thumb size-news-thumb wp-post-image\" alt=\"\" \/>\t\t\t\t\t\n\t\t\t\t<span class=\"line\"><\/span>\n\n\t\t\t\t<h2>PLANE CRASH<\/h2>\n\t\t\t\t<p>\n\t\t\t\t\t\t\n\t\t\t\t<\/p>\n\t\t\t\t<\/a>\n\t\t\t<\/div>\n\t\t\t\t\n\t\t\t<div class=\"col\">\n\t\t\t\t\t\t\t\t<a href=\"https:\/\/nemu.com.pl\/en\/case-studies\/awaria-turbozespolu-energetycznego\/\">\n\t\t\t\t\n\t\t\t\t<img loading=\"lazy\" decoding=\"async\" width=\"600\" height=\"315\" src=\"https:\/\/nemu.com.pl\/wp-content\/uploads\/2015\/05\/turbina7-600x315.jpg\" class=\"attachment-news-thumb size-news-thumb wp-post-image\" alt=\"\" \/>\t\t\t\t\t\n\t\t\t\t<span class=\"line\"><\/span>\n\n\t\t\t\t<h2>FAILURE IN ENERGY TURBINE SET<\/h2>\n\t\t\t\t<p>\n\t\t\t\t\t\t\n\t\t\t\t<\/p>\n\t\t\t\t<\/a>\n\t\t\t<\/div>\n\t\t\t\t\n\t\t\t<div class=\"col\">\n\t\t\t\t\t\t\t\t<a href=\"https:\/\/nemu.com.pl\/en\/case-studies\/sruby-jako-zrodlo-awarii-elektrowni-wiatrowej\/\">\n\t\t\t\t\n\t\t\t\t<img loading=\"lazy\" decoding=\"async\" width=\"600\" height=\"315\" src=\"https:\/\/nemu.com.pl\/wp-content\/uploads\/2015\/05\/219-600x315.jpg\" class=\"attachment-news-thumb size-news-thumb wp-post-image\" alt=\"\" \/>\t\t\t\t\t\n\t\t\t\t<span class=\"line\"><\/span>\n\n\t\t\t\t<h2>SCREWS AS A SOURCE OF FAILURE IN WIND POWER PLANT<\/h2>\n\t\t\t\t<p>\n\t\t\t\t\t\t\n\t\t\t\t<\/p>\n\t\t\t\t<\/a>\n\t\t\t<\/div>\n\t\t\t\t\n\t\t\t<div class=\"col\">\n\t\t\t\t\t\t\t\t<a href=\"https:\/\/nemu.com.pl\/en\/case-studies\/przemysl-stoczniowy-niesprawne-mechanizmy-maszyny-sterowej\/\">\n\t\t\t\t\n\t\t\t\t<img loading=\"lazy\" decoding=\"async\" width=\"600\" height=\"315\" src=\"https:\/\/nemu.com.pl\/wp-content\/uploads\/2015\/05\/218-600x315.jpg\" class=\"attachment-news-thumb size-news-thumb wp-post-image\" alt=\"\" \/>\t\t\t\t\t\n\t\t\t\t<span class=\"line\"><\/span>\n\n\t\t\t\t<h2>SHIPBUILDING INDUSTRY &#8211; DEFECTIVE MECHANISMS OF STEERING MACHINE<\/h2>\n\t\t\t\t<p>\n\t\t\t\t\t\t\n\t\t\t\t<\/p>\n\t\t\t\t<\/a>\n\t\t\t<\/div>\n\t\t\t\t\n\t\t\t<div class=\"col\">\n\t\t\t\t\t\t\t\t<a href=\"https:\/\/nemu.com.pl\/en\/case-studies\/produkcja-odziezy\/\">\n\t\t\t\t\n\t\t\t\t<img loading=\"lazy\" decoding=\"async\" width=\"600\" height=\"315\" src=\"https:\/\/nemu.com.pl\/wp-content\/uploads\/2015\/05\/217-600x315.jpg\" class=\"attachment-news-thumb size-news-thumb wp-post-image\" alt=\"\" \/>\t\t\t\t\t\n\t\t\t\t<span class=\"line\"><\/span>\n\n\t\t\t\t<h2>CLOTHES MANUFACTURE<\/h2>\n\t\t\t\t<p>\n\t\t\t\t\t\t\n\t\t\t\t<\/p>\n\t\t\t\t<\/a>\n\t\t\t<\/div>\n\t\t\t\t\n\t\t\t<div class=\"col\">\n\t\t\t\t\t\t\t\t<a href=\"https:\/\/nemu.com.pl\/en\/case-studies\/meble-z-odpryskami-lakieru-niedostateczne-utwardzenie-lakieru\/\">\n\t\t\t\t\n\t\t\t\t<img loading=\"lazy\" decoding=\"async\" width=\"600\" height=\"315\" src=\"https:\/\/nemu.com.pl\/wp-content\/uploads\/2015\/05\/216-600x315.jpg\" class=\"attachment-news-thumb size-news-thumb wp-post-image\" alt=\"\" \/>\t\t\t\t\t\n\t\t\t\t<span class=\"line\"><\/span>\n\n\t\t\t\t<h2>FURNITURE WITH VARNISH CHIPS<\/h2>\n\t\t\t\t<p>\n\t\t\t\t\t\t\n\t\t\t\t<\/p>\n\t\t\t\t<\/a>\n\t\t\t<\/div>\n\t\t\t\t\n\t\t\t<div class=\"col\">\n\t\t\t\t\t\t\t\t<a href=\"https:\/\/nemu.com.pl\/en\/case-studies\/ciezkie-maszyny-budowlane\/\">\n\t\t\t\t\n\t\t\t\t<img loading=\"lazy\" decoding=\"async\" width=\"600\" height=\"315\" src=\"https:\/\/nemu.com.pl\/wp-content\/uploads\/2015\/05\/122-600x315.jpg\" class=\"attachment-news-thumb size-news-thumb wp-post-image\" alt=\"\" \/>\t\t\t\t\t\n\t\t\t\t<span class=\"line\"><\/span>\n\n\t\t\t\t<h2>HEAVY CONSTRUCTION MACHINES<\/h2>\n\t\t\t\t<p>\n\t\t\t\t\t\t\n\t\t\t\t<\/p>\n\t\t\t\t<\/a>\n\t\t\t<\/div>\n\t\t\t\t\n\t\t\t<div class=\"col\">\n\t\t\t\t\t\t\t\t<a href=\"https:\/\/nemu.com.pl\/en\/case-studies\/skutek-bledu-ludzkiego\/\">\n\t\t\t\t\n\t\t\t\t<img loading=\"lazy\" decoding=\"async\" width=\"600\" height=\"315\" src=\"https:\/\/nemu.com.pl\/wp-content\/uploads\/2015\/05\/121-600x315.jpg\" class=\"attachment-news-thumb size-news-thumb wp-post-image\" alt=\"\" \/>\t\t\t\t\t\n\t\t\t\t<span class=\"line\"><\/span>\n\n\t\t\t\t<h2>RESULT OF HUMAN ERROR<\/h2>\n\t\t\t\t<p>\n\t\t\t\t\t\t\n\t\t\t\t<\/p>\n\t\t\t\t<\/a>\n\t\t\t<\/div>\n\t\t\t\t\n\t\t\t<div class=\"col\">\n\t\t\t\t\t\t\t\t<a href=\"https:\/\/nemu.com.pl\/en\/case-studies\/niewlasciwy-montaz-sauny-finskiej-skutkiem-pozaru\/\">\n\t\t\t\t\n\t\t\t\t<img loading=\"lazy\" decoding=\"async\" width=\"600\" height=\"315\" src=\"https:\/\/nemu.com.pl\/wp-content\/uploads\/2015\/05\/43-600x315.jpg\" class=\"attachment-news-thumb size-news-thumb wp-post-image\" alt=\"\" \/>\t\t\t\t\t\n\t\t\t\t<span class=\"line\"><\/span>\n\n\t\t\t\t<h2>IMPROPER MOUNTING OF A SAUNA BECOMES A CAUSE OF FIRE<\/h2>\n\t\t\t\t<p>\n\t\t\t\t\t\t\n\t\t\t\t<\/p>\n\t\t\t\t<\/a>\n\t\t\t<\/div>\n\t\t\t\t\n\t\t\t<div class=\"col\">\n\t\t\t\t\t\t\t\t<a href=\"https:\/\/nemu.com.pl\/en\/case-studies\/pozar-w-rozdzielni-niskich-napiec\/\">\n\t\t\t\t\n\t\t\t\t<img loading=\"lazy\" decoding=\"async\" width=\"600\" height=\"315\" src=\"https:\/\/nemu.com.pl\/wp-content\/uploads\/2015\/05\/215-600x315.jpg\" class=\"attachment-news-thumb size-news-thumb wp-post-image\" alt=\"\" \/>\t\t\t\t\t\n\t\t\t\t<span class=\"line\"><\/span>\n\n\t\t\t\t<h2>FIRE IN A LOW VOLTAGE SWITCHING STATION<\/h2>\n\t\t\t\t<p>\n\t\t\t\t\t\t\n\t\t\t\t<\/p>\n\t\t\t\t<\/a>\n\t\t\t<\/div>\n\t\t\t\t\n\t\t\t<div class=\"col\">\n\t\t\t\t\t\t\t\t<a href=\"https:\/\/nemu.com.pl\/en\/case-studies\/ustalenie-przyczyny-pozaru-w-zakladzie-produkujacym-srodki-piorace\/\">\n\t\t\t\t\n\t\t\t\t<img loading=\"lazy\" decoding=\"async\" width=\"600\" height=\"315\" src=\"https:\/\/nemu.com.pl\/wp-content\/uploads\/2015\/05\/120-600x315.jpg\" class=\"attachment-news-thumb size-news-thumb wp-post-image\" alt=\"\" \/>\t\t\t\t\t\n\t\t\t\t<span class=\"line\"><\/span>\n\n\t\t\t\t<h2>DETERMINING A CAUSE OF FIRE IN AN ESTABLISHMENT PRODUCING WASHING AGENTS<\/h2>\n\t\t\t\t<p>\n\t\t\t\t\t\t\n\t\t\t\t<\/p>\n\t\t\t\t<\/a>\n\t\t\t<\/div>\n\t\t\t\t\n\t\t\t<div class=\"col\">\n\t\t\t\t\t\t\t\t<a href=\"https:\/\/nemu.com.pl\/en\/case-studies\/zwarcie-elektryczne-przyczyna-gigantycznego-pozaru\/\">\n\t\t\t\t\n\t\t\t\t<img loading=\"lazy\" decoding=\"async\" width=\"600\" height=\"315\" src=\"https:\/\/nemu.com.pl\/wp-content\/uploads\/2015\/05\/81-600x315.jpg\" class=\"attachment-news-thumb size-news-thumb wp-post-image\" alt=\"\" \/>\t\t\t\t\t\n\t\t\t\t<span class=\"line\"><\/span>\n\n\t\t\t\t<h2>SHORT CIRCUIT BECOMES A CAUSE OF GIGANTIC FIRE<\/h2>\n\t\t\t\t<p>\n\t\t\t\t\t\t\n\t\t\t\t<\/p>\n\t\t\t\t<\/a>\n\t\t\t<\/div>\n\t\t\t\t\n\t\t\t<div class=\"col\">\n\t\t\t\t\t\t\t\t<a href=\"https:\/\/nemu.com.pl\/en\/case-studies\/ogien-w-fabryce-sprezyn\/\">\n\t\t\t\t\n\t\t\t\t<img loading=\"lazy\" decoding=\"async\" width=\"600\" height=\"315\" src=\"https:\/\/nemu.com.pl\/wp-content\/uploads\/2015\/05\/42-600x315.jpg\" class=\"attachment-news-thumb size-news-thumb wp-post-image\" alt=\"\" \/>\t\t\t\t\t\n\t\t\t\t<span class=\"line\"><\/span>\n\n\t\t\t\t<h2>FIRE IN SPRING FACTORY<\/h2>\n\t\t\t\t<p>\n\t\t\t\t\t\t\n\t\t\t\t<\/p>\n\t\t\t\t<\/a>\n\t\t\t<\/div>\n\t\t\t\t\n\t\t\t<div class=\"col\">\n\t\t\t\t\t\t\t\t<a href=\"https:\/\/nemu.com.pl\/en\/case-studies\/ustalenie-odpowiedzialnosci-za-powstanie-pozaru-w-hucie-szkla\/\">\n\t\t\t\t\n\t\t\t\t<img loading=\"lazy\" decoding=\"async\" width=\"600\" height=\"315\" src=\"https:\/\/nemu.com.pl\/wp-content\/uploads\/2015\/05\/214-600x315.jpg\" class=\"attachment-news-thumb size-news-thumb wp-post-image\" alt=\"\" \/>\t\t\t\t\t\n\t\t\t\t<span class=\"line\"><\/span>\n\n\t\t\t\t<h2>DETERMINING RESPONSIBILITY FOR CAUSING A FIRE IN GLASSWORKS<\/h2>\n\t\t\t\t<p>\n\t\t\t\t\t\t\n\t\t\t\t<\/p>\n\t\t\t\t<\/a>\n\t\t\t<\/div>\n\t\t\t\t\n\t\t\t<div class=\"col\">\n\t\t\t\t\t\t\t\t<a href=\"https:\/\/nemu.com.pl\/en\/case-studies\/rozszczelnienie-przewodu-skutkiem-wybuchu-pozaru\/\">\n\t\t\t\t\n\t\t\t\t<img loading=\"lazy\" decoding=\"async\" width=\"600\" height=\"315\" src=\"https:\/\/nemu.com.pl\/wp-content\/uploads\/2015\/05\/34-600x315.jpg\" class=\"attachment-news-thumb size-news-thumb wp-post-image\" alt=\"\" \/>\t\t\t\t\t\n\t\t\t\t<span class=\"line\"><\/span>\n\n\t\t\t\t<h2>LEAKING WIRE BECOMES A CAUSE OF FIRE<\/h2>\n\t\t\t\t<p>\n\t\t\t\t\t\t\n\t\t\t\t<\/p>\n\t\t\t\t<\/a>\n\t\t\t<\/div>\n\t\t\t\t\n\t\t\t<div class=\"col\">\n\t\t\t\t\t\t\t\t<a href=\"https:\/\/nemu.com.pl\/en\/case-studies\/wybuch-pozaru-w-hipermarkecie\/\">\n\t\t\t\t\n\t\t\t\t<img loading=\"lazy\" decoding=\"async\" width=\"600\" height=\"315\" src=\"https:\/\/nemu.com.pl\/wp-content\/uploads\/2015\/05\/119-600x315.jpg\" class=\"attachment-news-thumb size-news-thumb wp-post-image\" alt=\"\" \/>\t\t\t\t\t\n\t\t\t\t<span class=\"line\"><\/span>\n\n\t\t\t\t<h2>OUTBREAK OF FIRE IN A HYPERMARKET<\/h2>\n\t\t\t\t<p>\n\t\t\t\t\t\t\n\t\t\t\t<\/p>\n\t\t\t\t<\/a>\n\t\t\t<\/div>\n\t\t\t\t\n\t\t\t<div class=\"col\">\n\t\t\t\t\t\t\t\t<a href=\"https:\/\/nemu.com.pl\/en\/case-studies\/pozar-w-zakladzie-produkujacym-pasze-dla-zwierzat\/\">\n\t\t\t\t\n\t\t\t\t<img loading=\"lazy\" decoding=\"async\" width=\"600\" height=\"315\" src=\"https:\/\/nemu.com.pl\/wp-content\/uploads\/2015\/05\/52-600x315.jpg\" class=\"attachment-news-thumb size-news-thumb wp-post-image\" alt=\"\" \/>\t\t\t\t\t\n\t\t\t\t<span class=\"line\"><\/span>\n\n\t\t\t\t<h2>FIRE IN AN ESTABLISHMENT PRODUCING FEEDSTUFF<\/h2>\n\t\t\t\t<p>\n\t\t\t\t\t\t\n\t\t\t\t<\/p>\n\t\t\t\t<\/a>\n\t\t\t<\/div>\n\t\t\t\t\n\t\t\t<div class=\"col\">\n\t\t\t\t\t\t\t\t<a href=\"https:\/\/nemu.com.pl\/en\/case-studies\/przypadek-3\/\">\n\t\t\t\t\n\t\t\t\t<img loading=\"lazy\" decoding=\"async\" width=\"600\" height=\"315\" src=\"https:\/\/nemu.com.pl\/wp-content\/uploads\/2015\/05\/33-600x315.jpg\" class=\"attachment-news-thumb size-news-thumb wp-post-image\" alt=\"\" \/>\t\t\t\t\t\n\t\t\t\t<span class=\"line\"><\/span>\n\n\t\t\t\t<h2>FIRE IN A SUPERMARKET<\/h2>\n\t\t\t\t<p>\n\t\t\t\t\t\t\n\t\t\t\t<\/p>\n\t\t\t\t<\/a>\n\t\t\t<\/div>\n\t\t\t\t\n\t\t\t<div class=\"col\">\n\t\t\t\t\t\t\t\t<a href=\"https:\/\/nemu.com.pl\/en\/case-studies\/ustalenie-przyczyny-pozaru-w-zakladzie-lakierniczym\/\">\n\t\t\t\t\n\t\t\t\t<img loading=\"lazy\" decoding=\"async\" width=\"600\" height=\"315\" src=\"https:\/\/nemu.com.pl\/wp-content\/uploads\/2015\/05\/71-600x315.jpg\" class=\"attachment-news-thumb size-news-thumb wp-post-image\" alt=\"\" \/>\t\t\t\t\t\n\t\t\t\t<span class=\"line\"><\/span>\n\n\t\t\t\t<h2>DETERMINING A CAUSE OF FIRE IN A PAINT SHOP<\/h2>\n\t\t\t\t<p>\n\t\t\t\t\t\t\n\t\t\t\t<\/p>\n\t\t\t\t<\/a>\n\t\t\t<\/div>\n\t\t\t\t\n\t\t\t<div class=\"col\">\n\t\t\t\t\t\t\t\t<a href=\"https:\/\/nemu.com.pl\/en\/case-studies\/przypadek-1\/\">\n\t\t\t\t\n\t\t\t\t<img loading=\"lazy\" decoding=\"async\" width=\"600\" height=\"315\" src=\"https:\/\/nemu.com.pl\/wp-content\/uploads\/2015\/05\/118-600x315.jpg\" class=\"attachment-news-thumb size-news-thumb wp-post-image\" alt=\"\" \/>\t\t\t\t\t\n\t\t\t\t<span class=\"line\"><\/span>\n\n\t\t\t\t<h2>CONSEQUENCES OF NON-COMPLIANCE WITH OCCUPATIONAL H&#038;S RULES AND FIRE PROTECTION RULES<\/h2>\n\t\t\t\t<p>\n\t\t\t\t\t\t\n\t\t\t\t<\/p>\n\t\t\t\t<\/a>\n\t\t\t<\/div>\n\t\t\t\n\t\t<\/div>\n\n<\/div><\/div><\/p>\n<p>&nbsp;<\/p>\n<p>&nbsp;<\/p>\n<p><\/p>","protected":false},"excerpt":{"rendered":"<p>&nbsp; &nbsp;<\/p>\n","protected":false},"author":1,"featured_media":0,"parent":0,"menu_order":0,"comment_status":"open","ping_status":"open","template":"","meta":{"_acf_changed":false,"footnotes":""},"class_list":["post-13","page","type-page","status-publish","hentry","has-post-thumbnail"],"acf":[],"_links":{"self":[{"href":"https:\/\/nemu.com.pl\/en\/wp-json\/wp\/v2\/pages\/13","targetHints":{"allow":["GET"]}}],"collection":[{"href":"https:\/\/nemu.com.pl\/en\/wp-json\/wp\/v2\/pages"}],"about":[{"href":"https:\/\/nemu.com.pl\/en\/wp-json\/wp\/v2\/types\/page"}],"author":[{"embeddable":true,"href":"https:\/\/nemu.com.pl\/en\/wp-json\/wp\/v2\/users\/1"}],"replies":[{"embeddable":true,"href":"https:\/\/nemu.com.pl\/en\/wp-json\/wp\/v2\/comments?post=13"}],"version-history":[{"count":6,"href":"https:\/\/nemu.com.pl\/en\/wp-json\/wp\/v2\/pages\/13\/revisions"}],"predecessor-version":[{"id":601,"href":"https:\/\/nemu.com.pl\/en\/wp-json\/wp\/v2\/pages\/13\/revisions\/601"}],"wp:attachment":[{"href":"https:\/\/nemu.com.pl\/en\/wp-json\/wp\/v2\/media?parent=13"}],"curies":[{"name":"wp","href":"https:\/\/api.w.org\/{rel}","templated":true}]}}