{"id":9,"date":"2015-05-20T08:52:03","date_gmt":"2015-05-20T06:52:03","guid":{"rendered":"http:\/\/nemu.com.pl\/?page_id=9"},"modified":"2015-06-07T14:11:59","modified_gmt":"2015-06-07T12:11:59","slug":"szkody","status":"publish","type":"page","link":"https:\/\/nemu.com.pl\/de\/szkody\/","title":{"rendered":"SCH\u00c4DEN"},"content":{"rendered":"<p><div class=\"incontent\" style=\"background-color:#f4f4f4\"><div class=\"center\"><\/p>\n<div class=\"ezcol ezcol-one-half\">\n<p style=\"text-align: justify;\">Dank einer sehr guten Organisation unserer Arbeit, garantieren wir einen Service h\u00f6chster Qualit\u00e4t bei der Schadensregulierung von Versicherten. Wir beseitigen Sch\u00e4den \u00a0auf dem ganzen Gebiet unseres Landes, mit einem unmittelbaren Kontakt. Wir erscheinen bei dem Besch\u00e4digten\/Versicherten Kunden innerhalb von 24-48 Stunden nach dem Auftragserhalt.<\/p>\n<\/div> <div class=\"ezcol ezcol-one-half ezcol-last\">\n<p style=\"text-align: justify;\">Unser Expertenteam ist eine Gruppe von qualifizierten und erfahrenen Sachverst\u00e4ndigern, Bauingenieuren die Baugenehmigungen in einzelnen Gebieten besitzen, Elektriker-Ingenieure, Mechanikern sowie Rechtsanw\u00e4lten, die st\u00e4ndig die eigenen Qualifikationen verbessern.<\/p>\n<\/div><div class=\"ezcol-divider\"><\/div><\/p>\n<p style=\"text-align: justify;\">Wir haben in unserem Liquidierungs-Service ein neues Element eingef\u00fchrt &#8211; den Durchgangs Report. Hiermit erm\u00f6glichen wir unseren Versicherungsanstalten eine h\u00f6chst professionelle Kundenberatung mit Einhaltung der geltenden Termine die geregelt werden in dem Art. 817 BGB sowie Art. 16 Gesetz des BGBs bez\u00fcglich der Versicherungshandlungen. Dieser Report erlaubt es Ihnen, die geltenden Termine einzuhalten und erm\u00f6glicht eine Entscheidung zu treffen, bez\u00fcglich einer Auszahlung der\u00a0unbestreitbaren Schadenwert innerhalb 30 Tage ab dem Datum des Geschehens.<\/p>\n<p>Es gibt keinen Schaden, der unsere M\u00f6glichkeiten \u00fcbersteigen w\u00fcrde. Wir beseitigen Sch\u00e4den aus allen Bereichen des Versicherungsschutzes<\/p>\n<div class=\"cols3 overflow content main-box\">\t\t\t\n\n\t\t\t<div id=\"zalania-2\" class=\"col3 normal\" data-row=\"1\" data-id=\"1815\">\n\t\t\t\t<a href=\"https:\/\/nemu.com.pl\/de\/szkody\/zalania-2\/\">\n\t\t\t\t\t\t\t\t<img loading=\"lazy\" decoding=\"async\" width=\"380\" height=\"220\" src=\"https:\/\/nemu.com.pl\/wp-content\/uploads\/2015\/05\/2320-380x220.jpg\" class=\"attachment-szkody-thumb size-szkody-thumb wp-post-image\" alt=\"\" srcset=\"https:\/\/nemu.com.pl\/wp-content\/uploads\/2015\/05\/2320-380x220.jpg 380w, https:\/\/nemu.com.pl\/wp-content\/uploads\/2015\/05\/2320-600x345.jpg 600w\" sizes=\"auto, (max-width: 380px) 100vw, 380px\" \/>\t\t\t\t\t\t\t\t\n\t\t\t\t<h2>\u00dcberschwemmungen<\/h2>\n\t\t\t\t<\/a>\n\t\t\t<\/div>\n\t\t\t\n\t\t\t\t\t\t\t\n\n\t\t\t<div id=\"wady-materialowe-2\" class=\"col3 normal\" data-row=\"1\" data-id=\"1798\">\n\t\t\t\t<a href=\"https:\/\/nemu.com.pl\/de\/szkody\/wady-materialowe-2\/\">\n\t\t\t\t\t\t\t\t<img loading=\"lazy\" decoding=\"async\" width=\"380\" height=\"220\" src=\"https:\/\/nemu.com.pl\/wp-content\/uploads\/2015\/05\/655-380x220.jpg\" class=\"attachment-szkody-thumb size-szkody-thumb wp-post-image\" alt=\"\" srcset=\"https:\/\/nemu.com.pl\/wp-content\/uploads\/2015\/05\/655-380x220.jpg 380w, https:\/\/nemu.com.pl\/wp-content\/uploads\/2015\/05\/655-600x345.jpg 600w\" sizes=\"auto, (max-width: 380px) 100vw, 380px\" \/>\t\t\t\t\t\t\t\t\n\t\t\t\t<h2>Materialmangel<\/h2>\n\t\t\t\t<\/a>\n\t\t\t<\/div>\n\t\t\t\n\t\t\t\t\t\t\t\n\n\t\t\t<div id=\"uderzenie-lub-upadek-statku-powietrznego-2\" class=\"col3 last\" data-row=\"1\" data-id=\"1781\">\n\t\t\t\t<a href=\"https:\/\/nemu.com.pl\/de\/szkody\/uderzenie-lub-upadek-statku-powietrznego-2\/\">\n\t\t\t\t\t\t\t\t<img loading=\"lazy\" decoding=\"async\" width=\"380\" height=\"220\" src=\"https:\/\/nemu.com.pl\/wp-content\/uploads\/2015\/05\/1181-380x220.jpg\" class=\"attachment-szkody-thumb size-szkody-thumb wp-post-image\" alt=\"\" srcset=\"https:\/\/nemu.com.pl\/wp-content\/uploads\/2015\/05\/1181-380x220.jpg 380w, https:\/\/nemu.com.pl\/wp-content\/uploads\/2015\/05\/1181-600x345.jpg 600w\" sizes=\"auto, (max-width: 380px) 100vw, 380px\" \/>\t\t\t\t\t\t\t\t\n\t\t\t\t<h2>Schalg oder fall eines Luftfahrzeigs<\/h2>\n\t\t\t\t<\/a>\n\t\t\t<\/div>\n\t\t\t\n\t\t\t<div class=\"clear\"><\/div><div class=\"aC aC1\" data-row=\"1\"><\/div>\t\t\t\t\n\n\t\t\t<div id=\"pozary-2\" class=\"col3 normal\" data-row=\"2\" data-id=\"1732\">\n\t\t\t\t<a href=\"https:\/\/nemu.com.pl\/de\/szkody\/pozary-2\/\">\n\t\t\t\t\t\t\t\t<img loading=\"lazy\" decoding=\"async\" width=\"380\" height=\"220\" src=\"https:\/\/nemu.com.pl\/wp-content\/uploads\/2015\/05\/4210-380x220.jpg\" class=\"attachment-szkody-thumb size-szkody-thumb wp-post-image\" alt=\"\" srcset=\"https:\/\/nemu.com.pl\/wp-content\/uploads\/2015\/05\/4210-380x220.jpg 380w, https:\/\/nemu.com.pl\/wp-content\/uploads\/2015\/05\/4210-600x345.jpg 600w\" sizes=\"auto, (max-width: 380px) 100vw, 380px\" \/>\t\t\t\t\t\t\t\t\n\t\t\t\t<h2>Br\u00e4nde<\/h2>\n\t\t\t\t<\/a>\n\t\t\t<\/div>\n\t\t\t\n\t\t\t\t\t\t\t\n\n\t\t\t<div id=\"szkody-z-tytulu-ryzyk-bankowych-2\" class=\"col3 normal\" data-row=\"2\" data-id=\"1729\">\n\t\t\t\t<a href=\"https:\/\/nemu.com.pl\/de\/szkody\/szkody-z-tytulu-ryzyk-bankowych-2\/\">\n\t\t\t\t\t\t\t\t<img loading=\"lazy\" decoding=\"async\" width=\"380\" height=\"220\" src=\"https:\/\/nemu.com.pl\/wp-content\/uploads\/2015\/05\/1178-380x220.jpg\" class=\"attachment-szkody-thumb size-szkody-thumb wp-post-image\" alt=\"\" srcset=\"https:\/\/nemu.com.pl\/wp-content\/uploads\/2015\/05\/1178-380x220.jpg 380w, https:\/\/nemu.com.pl\/wp-content\/uploads\/2015\/05\/1178-600x345.jpg 600w\" sizes=\"auto, (max-width: 380px) 100vw, 380px\" \/>\t\t\t\t\t\t\t\t\n\t\t\t\t<h2>Schaden im namen des Bankrisikos<\/h2>\n\t\t\t\t<\/a>\n\t\t\t<\/div>\n\t\t\t\n\t\t\t\t\t\t\t\n\n\t\t\t<div id=\"szkody-w-transporcie-kolejowym-2\" class=\"col3 last\" data-row=\"2\" data-id=\"1715\">\n\t\t\t\t<a href=\"https:\/\/nemu.com.pl\/de\/szkody\/szkody-w-transporcie-kolejowym-2\/\">\n\t\t\t\t\t\t\t\t<img loading=\"lazy\" decoding=\"async\" width=\"380\" height=\"220\" src=\"https:\/\/nemu.com.pl\/wp-content\/uploads\/2015\/05\/2141-380x220.jpg\" class=\"attachment-szkody-thumb size-szkody-thumb wp-post-image\" alt=\"\" srcset=\"https:\/\/nemu.com.pl\/wp-content\/uploads\/2015\/05\/2141-380x220.jpg 380w, https:\/\/nemu.com.pl\/wp-content\/uploads\/2015\/05\/2141-600x345.jpg 600w\" sizes=\"auto, (max-width: 380px) 100vw, 380px\" \/>\t\t\t\t\t\t\t\t\n\t\t\t\t<h2>SCHADEN IM BAHNVERKEHR<\/h2>\n\t\t\t\t<\/a>\n\t\t\t<\/div>\n\t\t\t\n\t\t\t<div class=\"clear\"><\/div><div class=\"aC aC2\" data-row=\"2\"><\/div>\t\t\t\t\n\n\t\t\t<div id=\"szkody-w-srodkach-obrotowych-2\" class=\"col3 normal\" data-row=\"3\" data-id=\"1689\">\n\t\t\t\t<a href=\"https:\/\/nemu.com.pl\/de\/szkody\/szkody-w-srodkach-obrotowych-2\/\">\n\t\t\t\t\t\t\t\t<img loading=\"lazy\" decoding=\"async\" width=\"380\" height=\"220\" src=\"https:\/\/nemu.com.pl\/wp-content\/uploads\/2015\/05\/2140-380x220.jpg\" class=\"attachment-szkody-thumb size-szkody-thumb wp-post-image\" alt=\"\" srcset=\"https:\/\/nemu.com.pl\/wp-content\/uploads\/2015\/05\/2140-380x220.jpg 380w, https:\/\/nemu.com.pl\/wp-content\/uploads\/2015\/05\/2140-600x345.jpg 600w\" sizes=\"auto, (max-width: 380px) 100vw, 380px\" \/>\t\t\t\t\t\t\t\t\n\t\t\t\t<h2>Schaden in Umlaufmitteln<\/h2>\n\t\t\t\t<\/a>\n\t\t\t<\/div>\n\t\t\t\n\t\t\t\t\t\t\t\n\n\t\t\t<div id=\"szkody-w-mieniu-leasingowym-2\" class=\"col3 normal\" data-row=\"3\" data-id=\"1674\">\n\t\t\t\t<a href=\"https:\/\/nemu.com.pl\/de\/szkody\/szkody-w-mieniu-leasingowym-2\/\">\n\t\t\t\t\t\t\t\t<img loading=\"lazy\" decoding=\"async\" width=\"380\" height=\"220\" src=\"https:\/\/nemu.com.pl\/wp-content\/uploads\/2015\/05\/1237-380x220.jpg\" class=\"attachment-szkody-thumb size-szkody-thumb wp-post-image\" alt=\"\" srcset=\"https:\/\/nemu.com.pl\/wp-content\/uploads\/2015\/05\/1237-380x220.jpg 380w, https:\/\/nemu.com.pl\/wp-content\/uploads\/2015\/05\/1237-600x345.jpg 600w\" sizes=\"auto, (max-width: 380px) 100vw, 380px\" \/>\t\t\t\t\t\t\t\t\n\t\t\t\t<h2>Schaden an Leasingobjekten<\/h2>\n\t\t\t\t<\/a>\n\t\t\t<\/div>\n\t\t\t\n\t\t\t\t\t\t\t\n\n\t\t\t<div id=\"szkody-w-elektryce-i-energetyce-2\" class=\"col3 last\" data-row=\"3\" data-id=\"1654\">\n\t\t\t\t<a href=\"https:\/\/nemu.com.pl\/de\/szkody\/szkody-w-elektryce-i-energetyce-2\/\">\n\t\t\t\t\t\t\t\t<img loading=\"lazy\" decoding=\"async\" width=\"380\" height=\"220\" src=\"https:\/\/nemu.com.pl\/wp-content\/uploads\/2015\/05\/1330-380x220.jpg\" class=\"attachment-szkody-thumb size-szkody-thumb wp-post-image\" alt=\"\" srcset=\"https:\/\/nemu.com.pl\/wp-content\/uploads\/2015\/05\/1330-380x220.jpg 380w, https:\/\/nemu.com.pl\/wp-content\/uploads\/2015\/05\/1330-600x345.jpg 600w\" sizes=\"auto, (max-width: 380px) 100vw, 380px\" \/>\t\t\t\t\t\t\t\t\n\t\t\t\t<h2>Schaden in energie und elektronik artikeln<\/h2>\n\t\t\t\t<\/a>\n\t\t\t<\/div>\n\t\t\t\n\t\t\t<div class=\"clear\"><\/div><div class=\"aC aC3\" data-row=\"3\"><\/div>\t\t\t\t\n\n\t\t\t<div id=\"szkody-rolnicze-3\" class=\"col3 normal\" data-row=\"4\" data-id=\"1631\">\n\t\t\t\t<a href=\"https:\/\/nemu.com.pl\/de\/szkody\/szkody-rolnicze-3\/\">\n\t\t\t\t\t\t\t\t<img loading=\"lazy\" decoding=\"async\" width=\"380\" height=\"220\" src=\"https:\/\/nemu.com.pl\/wp-content\/uploads\/2015\/05\/2018-380x220.jpg\" class=\"attachment-szkody-thumb size-szkody-thumb wp-post-image\" alt=\"\" srcset=\"https:\/\/nemu.com.pl\/wp-content\/uploads\/2015\/05\/2018-380x220.jpg 380w, https:\/\/nemu.com.pl\/wp-content\/uploads\/2015\/05\/2018-600x345.jpg 600w\" sizes=\"auto, (max-width: 380px) 100vw, 380px\" \/>\t\t\t\t\t\t\t\t\n\t\t\t\t<h2>Schaden in der landwirtschaft<\/h2>\n\t\t\t\t<\/a>\n\t\t\t<\/div>\n\t\t\t\n\t\t\t\t\t\t\t\n\n\t\t\t<div id=\"budowlano-montazowe\" class=\"col3 normal\" data-row=\"4\" data-id=\"1627\">\n\t\t\t\t<a href=\"https:\/\/nemu.com.pl\/de\/szkody\/budowlano-montazowe\/\">\n\t\t\t\t\t\t\t\t<img loading=\"lazy\" decoding=\"async\" width=\"380\" height=\"220\" src=\"https:\/\/nemu.com.pl\/wp-content\/uploads\/2015\/05\/322-380x220.jpg\" class=\"attachment-szkody-thumb size-szkody-thumb wp-post-image\" alt=\"\" srcset=\"https:\/\/nemu.com.pl\/wp-content\/uploads\/2015\/05\/322-380x220.jpg 380w, https:\/\/nemu.com.pl\/wp-content\/uploads\/2015\/05\/322-600x345.jpg 600w\" sizes=\"auto, (max-width: 380px) 100vw, 380px\" \/>\t\t\t\t\t\t\t\t\n\t\t\t\t<h2>Bau-montage risiko<\/h2>\n\t\t\t\t<\/a>\n\t\t\t<\/div>\n\t\t\t\n\t\t\t\t\t\t\t\n\n\t\t\t<div id=\"szkody-z-programow-miedzynarodowych-2\" class=\"col3 last\" data-row=\"4\" data-id=\"1618\">\n\t\t\t\t<a href=\"https:\/\/nemu.com.pl\/de\/szkody\/szkody-z-programow-miedzynarodowych-2\/\">\n\t\t\t\t\t\t\t\t<img loading=\"lazy\" decoding=\"async\" width=\"380\" height=\"220\" src=\"https:\/\/nemu.com.pl\/wp-content\/uploads\/2015\/05\/2134-380x220.jpg\" class=\"attachment-szkody-thumb size-szkody-thumb wp-post-image\" alt=\"\" srcset=\"https:\/\/nemu.com.pl\/wp-content\/uploads\/2015\/05\/2134-380x220.jpg 380w, https:\/\/nemu.com.pl\/wp-content\/uploads\/2015\/05\/2134-600x345.jpg 600w\" sizes=\"auto, (max-width: 380px) 100vw, 380px\" \/>\t\t\t\t\t\t\t\t\n\t\t\t\t<h2>Schaden von internationalen programmen<\/h2>\n\t\t\t\t<\/a>\n\t\t\t<\/div>\n\t\t\t\n\t\t\t<div class=\"clear\"><\/div><div class=\"aC aC4\" data-row=\"4\"><\/div>\t\t\t\t\n\n\t\t\t<div id=\"odpowiedzialnosc-cywilna-2\" class=\"col3 normal\" data-row=\"5\" data-id=\"1599\">\n\t\t\t\t<a href=\"https:\/\/nemu.com.pl\/de\/szkody\/odpowiedzialnosc-cywilna-2\/\">\n\t\t\t\t\t\t\t\t<img loading=\"lazy\" decoding=\"async\" width=\"380\" height=\"220\" src=\"https:\/\/nemu.com.pl\/wp-content\/uploads\/2015\/05\/1166-380x220.jpg\" class=\"attachment-szkody-thumb size-szkody-thumb wp-post-image\" alt=\"\" srcset=\"https:\/\/nemu.com.pl\/wp-content\/uploads\/2015\/05\/1166-380x220.jpg 380w, https:\/\/nemu.com.pl\/wp-content\/uploads\/2015\/05\/1166-600x345.jpg 600w\" sizes=\"auto, (max-width: 380px) 100vw, 380px\" \/>\t\t\t\t\t\t\t\t\n\t\t\t\t<h2>Haftpflicht<\/h2>\n\t\t\t\t<\/a>\n\t\t\t<\/div>\n\t\t\t\n\t\t\t\t\t\t\t\n\n\t\t\t<div id=\"oc-spedytora-2\" class=\"col3 normal\" data-row=\"5\" data-id=\"1591\">\n\t\t\t\t<a href=\"https:\/\/nemu.com.pl\/de\/szkody\/oc-spedytora-2\/\">\n\t\t\t\t\t\t\t\t<img loading=\"lazy\" decoding=\"async\" width=\"380\" height=\"220\" src=\"https:\/\/nemu.com.pl\/wp-content\/uploads\/2015\/05\/465-380x220.jpg\" class=\"attachment-szkody-thumb size-szkody-thumb wp-post-image\" alt=\"\" srcset=\"https:\/\/nemu.com.pl\/wp-content\/uploads\/2015\/05\/465-380x220.jpg 380w, https:\/\/nemu.com.pl\/wp-content\/uploads\/2015\/05\/465-600x345.jpg 600w\" sizes=\"auto, (max-width: 380px) 100vw, 380px\" \/>\t\t\t\t\t\t\t\t\n\t\t\t\t<h2>HP spediteur &#8211; haftpflicht des spediteurs<\/h2>\n\t\t\t\t<\/a>\n\t\t\t<\/div>\n\t\t\t\n\t\t\t\t\t\t\t\n\n\t\t\t<div id=\"oc-przewoznika-2\" class=\"col3 last\" data-row=\"5\" data-id=\"1560\">\n\t\t\t\t<a href=\"https:\/\/nemu.com.pl\/de\/szkody\/oc-przewoznika-2\/\">\n\t\t\t\t\t\t\t\t<img loading=\"lazy\" decoding=\"async\" width=\"380\" height=\"220\" src=\"https:\/\/nemu.com.pl\/wp-content\/uploads\/2015\/05\/2812-380x220.jpg\" class=\"attachment-szkody-thumb size-szkody-thumb wp-post-image\" alt=\"\" srcset=\"https:\/\/nemu.com.pl\/wp-content\/uploads\/2015\/05\/2812-380x220.jpg 380w, https:\/\/nemu.com.pl\/wp-content\/uploads\/2015\/05\/2812-600x345.jpg 600w\" sizes=\"auto, (max-width: 380px) 100vw, 380px\" \/>\t\t\t\t\t\t\t\t\n\t\t\t\t<h2>HP Frachtf\u00fchrer &#8211; Haftpflicht des Fahrtf\u00fchrers<\/h2>\n\t\t\t\t<\/a>\n\t\t\t<\/div>\n\t\t\t\n\t\t\t<div class=\"clear\"><\/div><div class=\"aC aC5\" data-row=\"5\"><\/div>\t\t\t\t\n\n\t\t\t<div id=\"niebezpieczne-zjawiska-atmosferyczne-2\" class=\"col3 normal\" data-row=\"6\" data-id=\"1529\">\n\t\t\t\t<a href=\"https:\/\/nemu.com.pl\/de\/szkody\/niebezpieczne-zjawiska-atmosferyczne-2\/\">\n\t\t\t\t\t\t\t\t<img loading=\"lazy\" decoding=\"async\" width=\"380\" height=\"220\" src=\"https:\/\/nemu.com.pl\/wp-content\/uploads\/2015\/05\/1523-380x220.jpg\" class=\"attachment-szkody-thumb size-szkody-thumb wp-post-image\" alt=\"\" srcset=\"https:\/\/nemu.com.pl\/wp-content\/uploads\/2015\/05\/1523-380x220.jpg 380w, https:\/\/nemu.com.pl\/wp-content\/uploads\/2015\/05\/1523-600x345.jpg 600w\" sizes=\"auto, (max-width: 380px) 100vw, 380px\" \/>\t\t\t\t\t\t\t\t\n\t\t\t\t<h2>Gef\u00e4hrliche Atmosph\u00e4riche Erscheinungen<\/h2>\n\t\t\t\t<\/a>\n\t\t\t<\/div>\n\t\t\t\n\t\t\t\t\t\t\t\n\n\t\t\t<div id=\"katastrofy-budowlane-2\" class=\"col3 normal\" data-row=\"6\" data-id=\"1507\">\n\t\t\t\t<a href=\"https:\/\/nemu.com.pl\/de\/szkody\/katastrofy-budowlane-2\/\">\n\t\t\t\t\t\t\t\t<img loading=\"lazy\" decoding=\"async\" width=\"380\" height=\"220\" src=\"https:\/\/nemu.com.pl\/wp-content\/uploads\/2015\/05\/841-380x220.jpg\" class=\"attachment-szkody-thumb size-szkody-thumb wp-post-image\" alt=\"\" srcset=\"https:\/\/nemu.com.pl\/wp-content\/uploads\/2015\/05\/841-380x220.jpg 380w, https:\/\/nemu.com.pl\/wp-content\/uploads\/2015\/05\/841-600x345.jpg 600w\" sizes=\"auto, (max-width: 380px) 100vw, 380px\" \/>\t\t\t\t\t\t\t\t\n\t\t\t\t<h2>AUSF\u00c4LLE\/BESCH\u00c4DIGUNGEN VON BAU-MONTAGE MASCHINEN<\/h2>\n\t\t\t\t<\/a>\n\t\t\t<\/div>\n\t\t\t\n\t\t\t\t\t\t\t\n\n\t\t\t<div id=\"eksplozje\" class=\"col3 last\" data-row=\"6\" data-id=\"1477\">\n\t\t\t\t<a href=\"https:\/\/nemu.com.pl\/de\/szkody\/eksplozje\/\">\n\t\t\t\t\t\t\t\t<img loading=\"lazy\" decoding=\"async\" width=\"380\" height=\"220\" src=\"https:\/\/nemu.com.pl\/wp-content\/uploads\/2015\/05\/1620-380x220.jpg\" class=\"attachment-szkody-thumb size-szkody-thumb wp-post-image\" alt=\"\" srcset=\"https:\/\/nemu.com.pl\/wp-content\/uploads\/2015\/05\/1620-380x220.jpg 380w, https:\/\/nemu.com.pl\/wp-content\/uploads\/2015\/05\/1620-600x345.jpg 600w\" sizes=\"auto, (max-width: 380px) 100vw, 380px\" \/>\t\t\t\t\t\t\t\t\n\t\t\t\t<h2>Explosionen<\/h2>\n\t\t\t\t<\/a>\n\t\t\t<\/div>\n\t\t\t\n\t\t\t<div class=\"clear\"><\/div><div class=\"aC aC6\" data-row=\"6\"><\/div>\t\t\t\t\n\n\t\t\t<div id=\"do-oc-czlonkow-zarzadu-2\" class=\"col3 normal\" data-row=\"7\" data-id=\"1474\">\n\t\t\t\t<a href=\"https:\/\/nemu.com.pl\/de\/szkody\/do-oc-czlonkow-zarzadu-2\/\">\n\t\t\t\t\t\t\t\t<img loading=\"lazy\" decoding=\"async\" width=\"380\" height=\"220\" src=\"https:\/\/nemu.com.pl\/wp-content\/uploads\/2015\/05\/file00018401335851-380x220.png\" class=\"attachment-szkody-thumb size-szkody-thumb wp-post-image\" alt=\"\" \/>\t\t\t\t\t\t\t\t\n\t\t\t\t<h2>D&#038;O (HAFTPFLICHT F\u00dcR VORSTANDSMITGLIEDER)<\/h2>\n\t\t\t\t<\/a>\n\t\t\t<\/div>\n\t\t\t\n\t\t\t\t\t\t\t\n\n\t\t\t<div id=\"cargo-2\" class=\"col3 normal\" data-row=\"7\" data-id=\"1462\">\n\t\t\t\t<a href=\"https:\/\/nemu.com.pl\/de\/szkody\/cargo-2\/\">\n\t\t\t\t\t\t\t\t<img loading=\"lazy\" decoding=\"async\" width=\"380\" height=\"220\" src=\"https:\/\/nemu.com.pl\/wp-content\/uploads\/2015\/05\/839-380x220.jpg\" class=\"attachment-szkody-thumb size-szkody-thumb wp-post-image\" alt=\"\" srcset=\"https:\/\/nemu.com.pl\/wp-content\/uploads\/2015\/05\/839-380x220.jpg 380w, https:\/\/nemu.com.pl\/wp-content\/uploads\/2015\/05\/839-600x345.jpg 600w\" sizes=\"auto, (max-width: 380px) 100vw, 380px\" \/>\t\t\t\t\t\t\t\t\n\t\t\t\t<h2>CARGO &#8211; BESCH\u00c4DIGUNG VON EIGENTUM IM TRANSPORT<\/h2>\n\t\t\t\t<\/a>\n\t\t\t<\/div>\n\t\t\t\n\t\t\t\t\t\t\t\n\n\t\t\t<div id=\"awarieuszkodzenia-maszyn-i-urzadzen-2\" class=\"col3 last\" data-row=\"7\" data-id=\"1442\">\n\t\t\t\t<a href=\"https:\/\/nemu.com.pl\/de\/szkody\/awarieuszkodzenia-maszyn-i-urzadzen-2\/\">\n\t\t\t\t\t\t\t\t<img loading=\"lazy\" decoding=\"async\" width=\"380\" height=\"220\" src=\"https:\/\/nemu.com.pl\/wp-content\/uploads\/2015\/05\/1619-380x220.jpg\" class=\"attachment-szkody-thumb size-szkody-thumb wp-post-image\" alt=\"\" srcset=\"https:\/\/nemu.com.pl\/wp-content\/uploads\/2015\/05\/1619-380x220.jpg 380w, https:\/\/nemu.com.pl\/wp-content\/uploads\/2015\/05\/1619-600x345.jpg 600w\" sizes=\"auto, (max-width: 380px) 100vw, 380px\" \/>\t\t\t\t\t\t\t\t\n\t\t\t\t<h2>BESCH\u00c4DIGUNGEN\/AUSF\u00c4LLE VON MASCHINEN UND GER\u00c4TEN<\/h2>\n\t\t\t\t<\/a>\n\t\t\t<\/div>\n\t\t\t\n\t\t\t<div class=\"clear\"><\/div><div class=\"aC aC7\" data-row=\"7\"><\/div>\t\t\t\t\n\n\t\t\t<div id=\"business-interruption-2\" class=\"col3 normal\" data-row=\"8\" data-id=\"1420\">\n\t\t\t\t<a href=\"https:\/\/nemu.com.pl\/de\/szkody\/business-interruption-2\/\">\n\t\t\t\t\t\t\t\t<img loading=\"lazy\" decoding=\"async\" width=\"380\" height=\"220\" src=\"https:\/\/nemu.com.pl\/wp-content\/uploads\/2015\/05\/738-380x220.jpg\" class=\"attachment-szkody-thumb size-szkody-thumb wp-post-image\" alt=\"\" srcset=\"https:\/\/nemu.com.pl\/wp-content\/uploads\/2015\/05\/738-380x220.jpg 380w, https:\/\/nemu.com.pl\/wp-content\/uploads\/2015\/05\/738-600x345.jpg 600w\" sizes=\"auto, (max-width: 380px) 100vw, 380px\" \/>\t\t\t\t\t\t\t\t\n\t\t\t\t<h2>Business interruption<\/h2>\n\t\t\t\t<\/a>\n\t\t\t<\/div>\n\t\t\t\n\t\t\t\t\t\t\t\n\n\t\t\t<div id=\"kradzieze-z-wlamaniem\" class=\"col3 normal\" data-row=\"8\" data-id=\"1417\">\n\t\t\t\t<a href=\"https:\/\/nemu.com.pl\/de\/szkody\/kradzieze-z-wlamaniem\/\">\n\t\t\t\t\t\t\t\t<img loading=\"lazy\" decoding=\"async\" width=\"380\" height=\"220\" src=\"https:\/\/nemu.com.pl\/wp-content\/uploads\/2015\/05\/2215-380x220.jpg\" class=\"attachment-szkody-thumb size-szkody-thumb wp-post-image\" alt=\"\" srcset=\"https:\/\/nemu.com.pl\/wp-content\/uploads\/2015\/05\/2215-380x220.jpg 380w, https:\/\/nemu.com.pl\/wp-content\/uploads\/2015\/05\/2215-600x345.jpg 600w\" sizes=\"auto, (max-width: 380px) 100vw, 380px\" \/>\t\t\t\t\t\t\t\t\n\t\t\t\t<h2>Diebstahl im Einbruch<\/h2>\n\t\t\t\t<\/a>\n\t\t\t<\/div>\n\t\t\t\n\t\t\t<div class=\"clear\"><\/div><div class=\"aC aC8\" data-row=\"8\"><\/div>\t\t\t\n\t\t<\/div>\n\n\n<p><\/div><\/div><\/p>","protected":false},"excerpt":{"rendered":"","protected":false},"author":1,"featured_media":0,"parent":0,"menu_order":0,"comment_status":"open","ping_status":"open","template":"","meta":{"_acf_changed":false,"footnotes":""},"class_list":["post-9","page","type-page","status-publish","hentry","has-post-thumbnail"],"acf":[],"_links":{"self":[{"href":"https:\/\/nemu.com.pl\/de\/wp-json\/wp\/v2\/pages\/9","targetHints":{"allow":["GET"]}}],"collection":[{"href":"https:\/\/nemu.com.pl\/de\/wp-json\/wp\/v2\/pages"}],"about":[{"href":"https:\/\/nemu.com.pl\/de\/wp-json\/wp\/v2\/types\/page"}],"author":[{"embeddable":true,"href":"https:\/\/nemu.com.pl\/de\/wp-json\/wp\/v2\/users\/1"}],"replies":[{"embeddable":true,"href":"https:\/\/nemu.com.pl\/de\/wp-json\/wp\/v2\/comments?post=9"}],"version-history":[{"count":13,"href":"https:\/\/nemu.com.pl\/de\/wp-json\/wp\/v2\/pages\/9\/revisions"}],"predecessor-version":[{"id":1909,"href":"https:\/\/nemu.com.pl\/de\/wp-json\/wp\/v2\/pages\/9\/revisions\/1909"}],"wp:attachment":[{"href":"https:\/\/nemu.com.pl\/de\/wp-json\/wp\/v2\/media?parent=9"}],"curies":[{"name":"wp","href":"https:\/\/api.w.org\/{rel}","templated":true}]}}