{"id":7,"date":"2015-05-20T08:51:55","date_gmt":"2015-05-20T06:51:55","guid":{"rendered":"http:\/\/nemu.com.pl\/?page_id=7"},"modified":"2015-05-26T19:08:34","modified_gmt":"2015-05-26T17:08:34","slug":"aktualnosci","status":"publish","type":"page","link":"https:\/\/nemu.com.pl\/de\/aktualnosci\/","title":{"rendered":"Aktuelles"},"content":{"rendered":"<p><\/p>\n<div class=\"cols cols2 overflow content main-box\">\t\t\t\n\t\t\t<div class=\"col\">\n\t\t\t\t<p class=\"date\">27 Mai 2015<\/p>\t\t\t\t<a href=\"https:\/\/nemu.com.pl\/de\/ryzyko-szkody-styczen-marzec-2015-r\/?ns=1\">\n\t\t\t\t\n\t\t\t\t<img loading=\"lazy\" decoding=\"async\" width=\"600\" height=\"315\" src=\"https:\/\/nemu.com.pl\/wp-content\/uploads\/2015\/05\/statek_slider_2-600x315.png\" class=\"attachment-news-thumb size-news-thumb wp-post-image\" alt=\"\" \/>\t\t\t\t\t\n\t\t\t\t<span class=\"line\"><\/span>\n\n\t\t\t\t<h2>Risk of Damage &#8211; January-March 2015<\/h2>\n\t\t\t\t<p>\n\t\t\t\t\t<p>Aviation loss and marine vessels damage<\/p>\n\t\n\t\t\t\t<\/p>\n\t\t\t\t<\/a>\n\t\t\t<\/div>\n\t\t\t\t\n\t\t\t<div class=\"col\">\n\t\t\t\t<p class=\"date\">28 Mai 2015<\/p>\t\t\t\t<a href=\"https:\/\/nemu.com.pl\/de\/materialy-reklamove-na-event\/?ns=1\">\n\t\t\t\t\n\t\t\t\t<img loading=\"lazy\" decoding=\"async\" width=\"600\" height=\"315\" src=\"https:\/\/nemu.com.pl\/wp-content\/uploads\/2015\/05\/rekl-600x315.png\" class=\"attachment-news-thumb size-news-thumb wp-post-image\" alt=\"\" \/>\t\t\t\t\t\n\t\t\t\t<span class=\"line\"><\/span>\n\n\t\t\t\t<h2>Promotional materials for event<\/h2>\n\t\t\t\t<p>\n\t\t\t\t\t<p>W dzisiejszych czasach walki o Klienta stawiamy na zapewnienie Mu najwy\u017cszej jako\u015bci us\u0142ug.<\/p>\n\t\n\t\t\t\t<\/p>\n\t\t\t\t<\/a>\n\t\t\t<\/div>\n\t\t\t\t\n\t\t\t<div class=\"col\">\n\t\t\t\t<p class=\"date\">28 Mai 2015<\/p>\t\t\t\t<a href=\"https:\/\/nemu.com.pl\/de\/risk-of-damage-october-december-2014\/?ns=1\">\n\t\t\t\t\n\t\t\t\t<img loading=\"lazy\" decoding=\"async\" width=\"600\" height=\"315\" src=\"https:\/\/nemu.com.pl\/wp-content\/uploads\/2015\/05\/wieza_slider_1-600x315.png\" class=\"attachment-news-thumb size-news-thumb wp-post-image\" alt=\"\" \/>\t\t\t\t\t\n\t\t\t\t<span class=\"line\"><\/span>\n\n\t\t\t\t<h2>Risk of Damage &#8211; October-December 2014<\/h2>\n\t\t\t\t<p>\n\t\t\t\t\t<p>Drilling failures and troubles in drilling industry<\/p>\n\t\n\t\t\t\t<\/p>\n\t\t\t\t<\/a>\n\t\t\t<\/div>\n\t\t\t\n\t\t<\/div>\n<div class=\"navi\"><a class=\"active pkt\" href=\"https:\/\/nemu.com.pl\/de\/aktualnosci\/page\/1\">1<\/a><a class=\"pkt\" href=\"https:\/\/nemu.com.pl\/de\/aktualnosci\/page\/2\">2<\/a><a class=\"pkt\" href=\"https:\/\/nemu.com.pl\/de\/aktualnosci\/page\/3\">3<\/a><a class=\"next\" href=\"https:\/\/nemu.com.pl\/de\/aktualnosci\/page\/2\">><\/a><\/div>\n\n<p>&nbsp;<\/p>\n<p><\/p>","protected":false},"excerpt":{"rendered":"<p>\u00a0 &nbsp;<\/p>\n","protected":false},"author":1,"featured_media":0,"parent":0,"menu_order":0,"comment_status":"open","ping_status":"open","template":"","meta":{"_acf_changed":false,"footnotes":""},"class_list":["post-7","page","type-page","status-publish","hentry","has-post-thumbnail"],"acf":[],"_links":{"self":[{"href":"https:\/\/nemu.com.pl\/de\/wp-json\/wp\/v2\/pages\/7","targetHints":{"allow":["GET"]}}],"collection":[{"href":"https:\/\/nemu.com.pl\/de\/wp-json\/wp\/v2\/pages"}],"about":[{"href":"https:\/\/nemu.com.pl\/de\/wp-json\/wp\/v2\/types\/page"}],"author":[{"embeddable":true,"href":"https:\/\/nemu.com.pl\/de\/wp-json\/wp\/v2\/users\/1"}],"replies":[{"embeddable":true,"href":"https:\/\/nemu.com.pl\/de\/wp-json\/wp\/v2\/comments?post=7"}],"version-history":[{"count":2,"href":"https:\/\/nemu.com.pl\/de\/wp-json\/wp\/v2\/pages\/7\/revisions"}],"predecessor-version":[{"id":506,"href":"https:\/\/nemu.com.pl\/de\/wp-json\/wp\/v2\/pages\/7\/revisions\/506"}],"wp:attachment":[{"href":"https:\/\/nemu.com.pl\/de\/wp-json\/wp\/v2\/media?parent=7"}],"curies":[{"name":"wp","href":"https:\/\/api.w.org\/{rel}","templated":true}]}}