{"id":5,"date":"2015-05-20T08:51:46","date_gmt":"2015-05-20T06:51:46","guid":{"rendered":"http:\/\/nemu.com.pl\/?page_id=5"},"modified":"2016-08-15T21:00:31","modified_gmt":"2016-08-15T19:00:31","slug":"o-nas","status":"publish","type":"page","link":"https:\/\/nemu.com.pl\/de\/o-nas\/","title":{"rendered":"\u00dcBER UNS"},"content":{"rendered":"<p><div class=\"incontent\" style=\"background-color:#f4f4f4\"><div class=\"center\"><\/p>\n<div class=\"ezcol ezcol-one-half\">\n<p style=\"text-align: justify;\">Die Firma Experten NEMU leistet bereits seit ungef\u00e4hr zehn Jahren komplexe Hilfsdienstleistungen f\u00fcr polnische sowie ausl\u00e4ndische Versicherungsanstalten. Unsere Mission ist es Dienstleistungen auf dem h\u00f6chsten Niveau anzubieten. Wir legen einen sehr gro\u00dfen Wert vor allem auf Fristigkeit unserer Leistungen. Die dynamische Entwicklung unserer Firma sowie unsere Professionalit\u00e4t erm\u00f6glicht es uns, unserer Konkurrenz immer einen Schritt voraus zu sein. Unser Wissen und unsere Erfahrung sind die Garantie f\u00fcr Sie sowie Ihre Kunden einer professionellen und objektiven Schadensbehebung, Durchf\u00fchrung einer Einsch\u00e4tzung sowie anderer Leistungen.<\/p>\n<p style=\"text-align: justify;\">Wir sind Professionallisten, die sich durch eine hohe Qualit\u00e4t ihrer Arbeit, P\u00fcnktlichkeit sowie Redlichkeit kennzeichnen. Dies verursacht, dass wir in einer strebsamen und verantwortungsbewussten Art an Angelegenheiten angehen, die mit den von Versicherungsanstalten angebotenen Dienstleistungen verbunden sind.<\/p>\n<\/div> <div class=\"ezcol ezcol-one-half ezcol-last\">\n<p>Wir besch\u00e4ftigen \u00fcber siebzig hoch qualifizierte Personen, die st\u00e4ndig ihre Kenntnisse durch die Teilnahme an internen und externen Schulungen verbessern. Dank unseren erfahrenen und spezialisierten Mitarbeitern k\u00f6nnen wir Dienstleistungen auf einem hohen professionellen Niveau anbieten.<\/p>\n<p>Die in unserem Unternehmen besch\u00e4ftigten Mitarbeiter haben Sch\u00e4den in vielen Branchen, f\u00fcr alle Betriebsversicherungsunternehmen in Polen abgewickelt.<\/p>\n<p>Wir arbeiten in Teams, zu denen Ingenieure, Wirtschaftler und Juristen geh\u00f6ren.<\/p>\n<\/div><div class=\"ezcol-divider\"><\/div><\/p>\n<p align=\"justify\"><strong>Unser Angebot beinhaltet eine breite Spalte von Dienstleistungen f\u00fcr den Versicherungs &#8211; Sektor:<\/strong><\/p>\n<ul>\n<li style=\"text-align: left;\">Liquidierung von Versicherungssch\u00e4den &#8211; im vollen Umfang<\/li>\n<li style=\"text-align: left;\">Verwaltung und Administration von Sch\u00e4den\u00a0&#8211; Third Party Administration<\/li>\n<li style=\"text-align: left;\">Die Verifizierung\u00a0Schadensersatzanspr\u00fcchen<\/li>\n<li style=\"text-align: left;\">Die Verifizierung von Bau-Kostenvoranschl\u00e4gen<\/li>\n<li style=\"text-align: left;\">Komplexe Bearbeitung von Massensch\u00e4den<\/li>\n<li style=\"text-align: left;\">Kundenbedienung im Bereich\u00a0der\u00a0Versicherungsregresse<\/li>\n<li style=\"text-align: left;\">Absicherung von Eigentum nach einem Schaden<\/li>\n<li style=\"text-align: left;\">Einsch\u00e4tzung von Immobilien, Maschinen, Ger\u00e4ten und anderen Mobilien, unter anderen um Versicherungssummen<br \/>\nfestzulegen<\/li>\n<\/ul>\n<p style=\"text-align: justify;\">Unser Ziel ist eine Dienstleistung auf dem h\u00f6chst m\u00f6glichen Niveau zu leisten, deshalb liegt uns sehr viel daran, dass die Schadensbeseitigung nicht l\u00e4nger als 30 Tage, ab dem Datum der Auftraggebung, dauern sollte. In diesem Termin erhalten Sie einen Schadensreport aufgrund dessen, eine Entscheidung bez\u00fcglich der Entsch\u00e4digung getroffen werden kann.<br \/>\nWir bem\u00fchen uns jeden Tag, die Erwartungen unserer Kunden zu erf\u00fcllen. Unser Wissen und unsere Erfahrung sind eine Garantie f\u00fcr Ihren Erfolg und Zufriedenheit.<\/p>\n<div id=\"content\">\n<p align=\"justify\"><strong>Wir laden zur Zusammenarbeit ein.<\/strong><\/p>\n<\/div>\n<p style=\"text-align: left;\"><\/div><\/div><\/p>\n<p><\/p>","protected":false},"excerpt":{"rendered":"","protected":false},"author":1,"featured_media":0,"parent":0,"menu_order":0,"comment_status":"open","ping_status":"open","template":"","meta":{"_acf_changed":false,"footnotes":""},"class_list":["post-5","page","type-page","status-publish","hentry"],"acf":[],"_links":{"self":[{"href":"https:\/\/nemu.com.pl\/de\/wp-json\/wp\/v2\/pages\/5","targetHints":{"allow":["GET"]}}],"collection":[{"href":"https:\/\/nemu.com.pl\/de\/wp-json\/wp\/v2\/pages"}],"about":[{"href":"https:\/\/nemu.com.pl\/de\/wp-json\/wp\/v2\/types\/page"}],"author":[{"embeddable":true,"href":"https:\/\/nemu.com.pl\/de\/wp-json\/wp\/v2\/users\/1"}],"replies":[{"embeddable":true,"href":"https:\/\/nemu.com.pl\/de\/wp-json\/wp\/v2\/comments?post=5"}],"version-history":[{"count":74,"href":"https:\/\/nemu.com.pl\/de\/wp-json\/wp\/v2\/pages\/5\/revisions"}],"predecessor-version":[{"id":2103,"href":"https:\/\/nemu.com.pl\/de\/wp-json\/wp\/v2\/pages\/5\/revisions\/2103"}],"wp:attachment":[{"href":"https:\/\/nemu.com.pl\/de\/wp-json\/wp\/v2\/media?parent=5"}],"curies":[{"name":"wp","href":"https:\/\/api.w.org\/{rel}","templated":true}]}}