{"id":315,"date":"2015-05-22T16:23:51","date_gmt":"2015-05-22T14:23:51","guid":{"rendered":"http:\/\/nemu.com.pl\/?page_id=315"},"modified":"2015-05-27T20:20:56","modified_gmt":"2015-05-27T18:20:56","slug":"uszkodzenie-negatywu-filmu-reklamowego","status":"publish","type":"page","link":"https:\/\/nemu.com.pl\/de\/case-studies\/uszkodzenie-negatywu-filmu-reklamowego\/","title":{"rendered":"Besch\u00e4digung des Negativs eines Werbefilms"},"content":{"rendered":"<p><div class=\"incontent\" style=\"background-color:#f4f4f4\"><div class=\"center\"><\/p>\n<div id='gallery-4' class='gallery galleryid-315 gallery-columns-3 gallery-size-large'><figure class='gallery-item'>\n\t\t\t<div class='gallery-icon landscape'>\n\t\t\t\t<img loading=\"lazy\" decoding=\"async\" width=\"1024\" height=\"768\" src=\"https:\/\/nemu.com.pl\/wp-content\/uploads\/2015\/05\/P3170007-1024x768.jpg\" class=\"attachment-large size-large\" alt=\"\" srcset=\"https:\/\/nemu.com.pl\/wp-content\/uploads\/2015\/05\/P3170007-1024x768.jpg 1024w, https:\/\/nemu.com.pl\/wp-content\/uploads\/2015\/05\/P3170007-300x225.jpg 300w, https:\/\/nemu.com.pl\/wp-content\/uploads\/2015\/05\/P3170007.jpg 1600w\" sizes=\"auto, (max-width: 1024px) 100vw, 1024px\" \/>\n\t\t\t<\/div><\/figure><figure class='gallery-item'>\n\t\t\t<div class='gallery-icon landscape'>\n\t\t\t\t<img loading=\"lazy\" decoding=\"async\" width=\"1024\" height=\"768\" src=\"https:\/\/nemu.com.pl\/wp-content\/uploads\/2015\/05\/P31700101-1024x768.jpg\" class=\"attachment-large size-large\" alt=\"\" srcset=\"https:\/\/nemu.com.pl\/wp-content\/uploads\/2015\/05\/P31700101-1024x768.jpg 1024w, https:\/\/nemu.com.pl\/wp-content\/uploads\/2015\/05\/P31700101-300x225.jpg 300w, https:\/\/nemu.com.pl\/wp-content\/uploads\/2015\/05\/P31700101.jpg 1600w\" sizes=\"auto, (max-width: 1024px) 100vw, 1024px\" \/>\n\t\t\t<\/div><\/figure><figure class='gallery-item'>\n\t\t\t<div class='gallery-icon landscape'>\n\t\t\t\t<img loading=\"lazy\" decoding=\"async\" width=\"1024\" height=\"768\" src=\"https:\/\/nemu.com.pl\/wp-content\/uploads\/2015\/05\/P3170011-1024x768.jpg\" class=\"attachment-large size-large\" alt=\"\" srcset=\"https:\/\/nemu.com.pl\/wp-content\/uploads\/2015\/05\/P3170011-1024x768.jpg 1024w, https:\/\/nemu.com.pl\/wp-content\/uploads\/2015\/05\/P3170011-300x225.jpg 300w, https:\/\/nemu.com.pl\/wp-content\/uploads\/2015\/05\/P3170011.jpg 1600w\" sizes=\"auto, (max-width: 1024px) 100vw, 1024px\" \/>\n\t\t\t<\/div><\/figure><figure class='gallery-item'>\n\t\t\t<div class='gallery-icon landscape'>\n\t\t\t\t<img loading=\"lazy\" decoding=\"async\" width=\"1024\" height=\"768\" src=\"https:\/\/nemu.com.pl\/wp-content\/uploads\/2015\/05\/P3170013-1024x768.jpg\" class=\"attachment-large size-large\" alt=\"\" srcset=\"https:\/\/nemu.com.pl\/wp-content\/uploads\/2015\/05\/P3170013-1024x768.jpg 1024w, https:\/\/nemu.com.pl\/wp-content\/uploads\/2015\/05\/P3170013-300x225.jpg 300w, https:\/\/nemu.com.pl\/wp-content\/uploads\/2015\/05\/P3170013.jpg 1600w\" sizes=\"auto, (max-width: 1024px) 100vw, 1024px\" \/>\n\t\t\t<\/div><\/figure><figure class='gallery-item'>\n\t\t\t<div class='gallery-icon landscape'>\n\t\t\t\t<img loading=\"lazy\" decoding=\"async\" width=\"1024\" height=\"768\" src=\"https:\/\/nemu.com.pl\/wp-content\/uploads\/2015\/05\/P3170014-1024x768.jpg\" class=\"attachment-large size-large\" alt=\"\" srcset=\"https:\/\/nemu.com.pl\/wp-content\/uploads\/2015\/05\/P3170014-1024x768.jpg 1024w, https:\/\/nemu.com.pl\/wp-content\/uploads\/2015\/05\/P3170014-300x225.jpg 300w, https:\/\/nemu.com.pl\/wp-content\/uploads\/2015\/05\/P3170014.jpg 1600w\" sizes=\"auto, (max-width: 1024px) 100vw, 1024px\" \/>\n\t\t\t<\/div><\/figure>\n\t\t<\/div>\n\n<p><\/div><\/div><\/p>","protected":false},"excerpt":{"rendered":"<p>Leider ist der Eintrag nur auf Polski verf\u00fcgbar. Der Inhalt wird unten in einer verf\u00fcgbaren Sprache angezeigt. Klicken Sie auf den Link, um die aktuelle Sprache zu \u00e4ndern.<\/p>\n","protected":false},"author":1,"featured_media":316,"parent":13,"menu_order":0,"comment_status":"open","ping_status":"open","template":"","meta":{"_acf_changed":false,"footnotes":""},"class_list":["post-315","page","type-page","status-publish","has-post-thumbnail","hentry"],"acf":[],"_links":{"self":[{"href":"https:\/\/nemu.com.pl\/de\/wp-json\/wp\/v2\/pages\/315","targetHints":{"allow":["GET"]}}],"collection":[{"href":"https:\/\/nemu.com.pl\/de\/wp-json\/wp\/v2\/pages"}],"about":[{"href":"https:\/\/nemu.com.pl\/de\/wp-json\/wp\/v2\/types\/page"}],"author":[{"embeddable":true,"href":"https:\/\/nemu.com.pl\/de\/wp-json\/wp\/v2\/users\/1"}],"replies":[{"embeddable":true,"href":"https:\/\/nemu.com.pl\/de\/wp-json\/wp\/v2\/comments?post=315"}],"version-history":[{"count":3,"href":"https:\/\/nemu.com.pl\/de\/wp-json\/wp\/v2\/pages\/315\/revisions"}],"predecessor-version":[{"id":1350,"href":"https:\/\/nemu.com.pl\/de\/wp-json\/wp\/v2\/pages\/315\/revisions\/1350"}],"up":[{"embeddable":true,"href":"https:\/\/nemu.com.pl\/de\/wp-json\/wp\/v2\/pages\/13"}],"wp:featuredmedia":[{"embeddable":true,"href":"https:\/\/nemu.com.pl\/de\/wp-json\/wp\/v2\/media\/316"}],"wp:attachment":[{"href":"https:\/\/nemu.com.pl\/de\/wp-json\/wp\/v2\/media?parent=315"}],"curies":[{"name":"wp","href":"https:\/\/api.w.org\/{rel}","templated":true}]}}