{"id":309,"date":"2015-05-22T16:22:19","date_gmt":"2015-05-22T14:22:19","guid":{"rendered":"http:\/\/nemu.com.pl\/?page_id=309"},"modified":"2015-05-27T20:17:20","modified_gmt":"2015-05-27T18:17:20","slug":"szkoda-z-oc-przewoznika-w-ruchu-miedzynarodowym","status":"publish","type":"page","link":"https:\/\/nemu.com.pl\/de\/case-studies\/szkoda-z-oc-przewoznika-w-ruchu-miedzynarodowym\/","title":{"rendered":"Schaden in einem internationalen Verkehr aus der Haftpflicht des Fahrunternehmens"},"content":{"rendered":"<p><\/p>\n<p style=\"text-align: justify;\"><div class=\"incontent\" style=\"background-color:#f4f4f4\"><div class=\"center\"><\/p>\n<p style=\"text-align: justify;\">Gem\u00e4\u00df dem Lieferungsauftrag beauftragte die Gesellschaft die Speditionsfirma mit dem Warentransport in Form von Motorkolben verschiedener Gr\u00f6\u00dfen auf der Fahrstrecke Polen ? Deutschland. Gem\u00e4\u00df den Verkaufsrechnungen wurde die Lieferung nach der Formel von Incoterms CIP realisiert. Gem\u00e4\u00df dieser Formel geht das Risiko des Verlusts oder Besch\u00e4digung der Ware, in dem Moment von dem Verk\u00e4ufer auf den K\u00e4ufer \u00fcber, indem die Ware geliefert und dem Fahrunternehmen \u00fcbergeben wurde (wenn einige Fahrunternehmen vorkommen, dann das erste Fahrunternehmen) in einem festgelegten Termin oder Zeitraum.<\/p>\n<p style=\"text-align: justify;\" align=\"justify\">Die Beladung wurde in der Hauptniederlassung des Auftraggebers durchgef\u00fchrt. Gem\u00e4\u00df den oben genannten Rechnungen betrug das Bruttogewicht der Ladung 13669 kg. \u00a0Die Paletten und Kisten waren gleichm\u00e4\u00dfig, fast \u00fcber die ganze Bodenfl\u00e4che, im Laderaum des Sattelanh\u00e4ngers aufgestellt. Die Raumm\u00f6glichkeiten des Sattelanh\u00e4ngers erforderten keine Mehrst\u00f6ckigkeit der Paletten.<\/p>\n<p style=\"text-align: justify;\" align=\"justify\">W\u00e4hrend der Realisierung des oben beschriebenen Transportes ist es zu einem Fahrunfall gekommen. Wie aus den Erkl\u00e4rungen der Fahrer hervorgeht sowie aus der Beschreibung des Geschehens, enthalten in dem Bericht des deutschen Sachverst\u00e4ndigen, fuhr das Fahrzeug des polnischen Fahrers, w\u00e4hrend dieser auf der Autobahn fuhr, aus unerkl\u00e4rlichen Gr\u00fcnden von der Fahrbahn herunter und konterte h\u00f6chstwahrscheinlich, indem dieser die Beherrschung \u00fcber das Lenkgrad verlor und mit seinem rechten Vorderknie auf Betonbl\u00f6cke fuhr, die die Fahrbahn von der Reparaturbahn trennten. Aufgrund der Auffahrt kippte der Sattelschlepper zusammen mit der Sattelanh\u00e4nger um, danach glitt er einige Meter auf der linken Seite, bis zur Linie, bis er stehen blieb.<\/p>\n<p style=\"text-align: justify;\" align=\"justify\">Die Fahrer die den Transport realisiert haben waren im Moment des Unfalls n\u00fcchtern. Aus der bereitgestellten Tachographscheibe geht hervor, dass direkt vor dem Unfall das Fahrzeug eine kurze Zeitlang mit einer Geschwindigkeit von 40 km\/h gefahren ist, nach einem fr\u00fcheren Geschwindigkeitsverlust aus dem Pegel von 90km\/h. Infolge des Umkippens des Sattelanh\u00e4ngers erlitt der gr\u00f6\u00dfte Teil der Ladung einer Verschiebung, sowie Aussch\u00fcttung au\u00dferhalb des Sattelanh\u00e4ngers auf einer L\u00e4nge von 100 Metern.<\/p>\n<p style=\"text-align: justify;\" align=\"justify\">Infolge des Unfalls erlitt die Ladung in Form von Motorkolben verschiedener Gr\u00f6\u00dfen und Arten einer Besch\u00e4digung. Das Umkippen des Fahrzeugs sowie der Aufprall in die Mittellinie verursachten, dass die meisten Motorkolben aus den Plastikbeh\u00e4ltern oder Pappeverpackungen flogen, in denen diese transportiert wurden.<\/p>\n<p style=\"text-align: justify;\">Die Funktionen der Kolbenmaschine und in dem Kolbenmotor<br \/>\nsind die selben:<\/p>\n<ul style=\"text-align: justify;\" type=\"disc\">\n<li>die \u00dcbertragung der Kraft und der Energietransport (durch die mechanische Arbeit) zwischen dem Arbeitsmedium (Gas, Abgase) und dem Kurbelsystem der Antriebs\u00fcbertragung;<\/li>\n<li>Abdichten des Arbeitsbereichs des Zylinders (auf der einen Seite verschlossen mit einem beweglichen Kolbenboden).<\/li>\n<\/ul>\n<p style=\"text-align: justify;\" align=\"justify\">Diese Funktionen erf\u00fcllt der Kolben in seinem Hin und Hergang innerhalb des Zylinders. W\u00e4hrend dieser Bewegung reiben die Seitenfl\u00e4chen des Kolben, an der inneren Oberfl\u00e4che des Zylinders. Um dieses Reiben zu verkleinern und die Verschlie\u00dfgeschwindigkeit der zusammenarbeitenden Oberfl\u00e4chen, m\u00fcssen diese intensiv eingeschmiert werden. Diese Anforderungen wurden in der Konstruktion des Kolben und dessen Herstellungsprozess ber\u00fccksichtigt. Dies Betrifft vor allem die Form, den Grad der Rauheit (<a href=\"http:\/\/de.pons.eu\/deutsch-polnisch\/Glattheit\">Glattheit<\/a>) Seitenfl\u00e4che des Kolben und Zusammensetzung der Schicht des Kolbenmaterials, unter dieser Oberfl\u00e4che. Dies wird realisiert durch eine entsprechende Technologie der Schichtvorbereitung w\u00e4hren des Prozesses der Kolbenherstellung. Diese Schicht hat eine dicke von einem tausendstel Millimeter und ist leider sehr empfindlich auf lokale mechanische Besch\u00e4digungen &#8211; Schl\u00e4ge, Anrisse, Feinrollen u.\u00e4.<\/p>\n<p style=\"text-align: justify;\" align=\"justify\">Die Bedingungen der technischen Kontrolle erlauben es nicht, die oben genannten Anforderungen dieser Kolben als erf\u00fcllt anzuerkennen, deren sch\u00fctzende Oberfl\u00e4chen-Schicht besch\u00e4digt wurde (Zinn, Blei, Graphit).<\/p>\n<p style=\"text-align: justify;\" align=\"justify\">Die Verifizierung der besch\u00e4digten Ladung wurde in dem Betrieb des Produzenten durchgef\u00fchrt, aufgrund der Qualit\u00e4ts-Pr\u00fcfbedingungen des Produzenten.<\/p>\n<p style=\"text-align: justify;\" align=\"justify\">Auf den gelagerten Kolben wurden Besch\u00e4digungen festgestellt, die in Anrissen der Oberfl\u00e4che, Zerkn\u00fcllungen, Zersplitterungen sowie Unvollst\u00e4ndigkeit der Kolben samt Ausstattung bestanden. Ein Teil der Kolben wurde in den Originalkartons gelagert und in den F\u00e4llen in denen der Karton nur gering deformiert wurde, hat man keine Besch\u00e4digung der Kolben festgestellt. In diesem Zusammenhang wurde mit dem Vertreter des Gesch\u00e4digten vereinbart, dass die Kolben die aus dem Unfall stammen von einer Qualit\u00e4tsabteilung\u00a0 sortiert werden auf Besch\u00e4digte St\u00fccke und die St\u00fccke die die Qualit\u00e4tsanforderungen erf\u00fcllen, danach werden erneute Untersuchungen durchgef\u00fchrt.<\/p>\n<p style=\"text-align: justify;\" align=\"justify\">Nach der durchgef\u00fchrten Untersuchung hat man festgestellt, dass die zur Untersuchung vorgelegten Kolben, die von der Qualit\u00e4tsabteilung als besch\u00e4digt qualifiziert wurden, sich nicht zur ersten Montage eigneten. In der ganzen Masse der Ware befinden sich einzelne Kolbenst\u00fccke oder deren Ausstattung, die nach einer gr\u00fcndlichen Analyse verwendet werden k\u00f6nnten, jedoch aufgrund des gro\u00dfen Arbeitsaufwands sowie Kostspieligkeit dieser Operation sah man von der weiteren Trennung ab. Der Produzent meldete die M\u00f6glichkeit die Kolben zu bewirtschaften, dies bestand darin die Kolben zu unvollst\u00e4ndigen und zur Materialwiederverwertung zu \u00fcbergeben. Zusammenfassend ergibt sich aus der durchgef\u00fchrten Verifizierung, dass die Schadensentstehung entschieden wurde durch die Besch\u00e4digung der Kolben und der Ringe, diese Besch\u00e4digung hatte jedoch nur einen oberfl\u00e4chlichen Charakter.<\/p>\n<p style=\"text-align: justify;\" align=\"justify\">Als den letztendliche Schadensumfang hat man die Anzahl der Kolben anerkannt, die das Ladegut bildeten, laut der Rechnung die zur Transportliste beigef\u00fcgt wurde, verkleinert um die Kolbenanzahl die w\u00e4hren der durchgef\u00fchrten Trennung Klassifizierung zur\u00fcck gewonnen wurde.<\/p>\n<p style=\"text-align: justify;\" align=\"justify\">Die Einsch\u00e4tzung des Schadenwerts wurden gem\u00e4\u00df des Allgemeinen Versicherungsbedingungen durchgef\u00fchrt sowie den Artikel 23 der CMR Konvention CMR, laut des Warenwerts an der Stelle und zu dem Zeitpunkt als die Ware zum Transport\u00a0 angenommen wurde.<\/p>\n<div id='gallery-4' class='gallery galleryid-309 gallery-columns-3 gallery-size-large'><figure class='gallery-item'>\n\t\t\t<div class='gallery-icon landscape'>\n\t\t\t\t<img loading=\"lazy\" decoding=\"async\" width=\"1024\" height=\"766\" src=\"https:\/\/nemu.com.pl\/wp-content\/uploads\/2015\/05\/P92300141-1024x766.jpg\" class=\"attachment-large size-large\" alt=\"\" srcset=\"https:\/\/nemu.com.pl\/wp-content\/uploads\/2015\/05\/P92300141-1024x766.jpg 1024w, https:\/\/nemu.com.pl\/wp-content\/uploads\/2015\/05\/P92300141-300x224.jpg 300w\" sizes=\"auto, (max-width: 1024px) 100vw, 1024px\" \/>\n\t\t\t<\/div><\/figure><figure class='gallery-item'>\n\t\t\t<div class='gallery-icon landscape'>\n\t\t\t\t<img loading=\"lazy\" decoding=\"async\" width=\"1024\" height=\"766\" src=\"https:\/\/nemu.com.pl\/wp-content\/uploads\/2015\/05\/P9230015-1024x766.jpg\" class=\"attachment-large size-large\" alt=\"\" srcset=\"https:\/\/nemu.com.pl\/wp-content\/uploads\/2015\/05\/P9230015-1024x766.jpg 1024w, https:\/\/nemu.com.pl\/wp-content\/uploads\/2015\/05\/P9230015-300x224.jpg 300w\" sizes=\"auto, (max-width: 1024px) 100vw, 1024px\" \/>\n\t\t\t<\/div><\/figure><figure class='gallery-item'>\n\t\t\t<div class='gallery-icon landscape'>\n\t\t\t\t<img loading=\"lazy\" decoding=\"async\" width=\"1024\" height=\"766\" src=\"https:\/\/nemu.com.pl\/wp-content\/uploads\/2015\/05\/P9230027-1024x766.jpg\" class=\"attachment-large size-large\" alt=\"\" srcset=\"https:\/\/nemu.com.pl\/wp-content\/uploads\/2015\/05\/P9230027-1024x766.jpg 1024w, https:\/\/nemu.com.pl\/wp-content\/uploads\/2015\/05\/P9230027-300x224.jpg 300w\" sizes=\"auto, (max-width: 1024px) 100vw, 1024px\" \/>\n\t\t\t<\/div><\/figure><figure class='gallery-item'>\n\t\t\t<div class='gallery-icon landscape'>\n\t\t\t\t<img loading=\"lazy\" decoding=\"async\" width=\"1024\" height=\"766\" src=\"https:\/\/nemu.com.pl\/wp-content\/uploads\/2015\/05\/P9230034-1024x766.jpg\" class=\"attachment-large size-large\" alt=\"\" srcset=\"https:\/\/nemu.com.pl\/wp-content\/uploads\/2015\/05\/P9230034-1024x766.jpg 1024w, https:\/\/nemu.com.pl\/wp-content\/uploads\/2015\/05\/P9230034-300x224.jpg 300w\" sizes=\"auto, (max-width: 1024px) 100vw, 1024px\" \/>\n\t\t\t<\/div><\/figure><figure class='gallery-item'>\n\t\t\t<div class='gallery-icon landscape'>\n\t\t\t\t<img loading=\"lazy\" decoding=\"async\" width=\"1024\" height=\"766\" src=\"https:\/\/nemu.com.pl\/wp-content\/uploads\/2015\/05\/P9230037-1024x766.jpg\" class=\"attachment-large size-large\" alt=\"\" srcset=\"https:\/\/nemu.com.pl\/wp-content\/uploads\/2015\/05\/P9230037-1024x766.jpg 1024w, https:\/\/nemu.com.pl\/wp-content\/uploads\/2015\/05\/P9230037-300x224.jpg 300w\" sizes=\"auto, (max-width: 1024px) 100vw, 1024px\" \/>\n\t\t\t<\/div><\/figure>\n\t\t<\/div>\n\n<p><\/div><\/div><\/p>","protected":false},"excerpt":{"rendered":"","protected":false},"author":1,"featured_media":310,"parent":13,"menu_order":0,"comment_status":"open","ping_status":"open","template":"","meta":{"_acf_changed":false,"footnotes":""},"class_list":["post-309","page","type-page","status-publish","has-post-thumbnail","hentry"],"acf":[],"_links":{"self":[{"href":"https:\/\/nemu.com.pl\/de\/wp-json\/wp\/v2\/pages\/309","targetHints":{"allow":["GET"]}}],"collection":[{"href":"https:\/\/nemu.com.pl\/de\/wp-json\/wp\/v2\/pages"}],"about":[{"href":"https:\/\/nemu.com.pl\/de\/wp-json\/wp\/v2\/types\/page"}],"author":[{"embeddable":true,"href":"https:\/\/nemu.com.pl\/de\/wp-json\/wp\/v2\/users\/1"}],"replies":[{"embeddable":true,"href":"https:\/\/nemu.com.pl\/de\/wp-json\/wp\/v2\/comments?post=309"}],"version-history":[{"count":3,"href":"https:\/\/nemu.com.pl\/de\/wp-json\/wp\/v2\/pages\/309\/revisions"}],"predecessor-version":[{"id":1338,"href":"https:\/\/nemu.com.pl\/de\/wp-json\/wp\/v2\/pages\/309\/revisions\/1338"}],"up":[{"embeddable":true,"href":"https:\/\/nemu.com.pl\/de\/wp-json\/wp\/v2\/pages\/13"}],"wp:featuredmedia":[{"embeddable":true,"href":"https:\/\/nemu.com.pl\/de\/wp-json\/wp\/v2\/media\/310"}],"wp:attachment":[{"href":"https:\/\/nemu.com.pl\/de\/wp-json\/wp\/v2\/media?parent=309"}],"curies":[{"name":"wp","href":"https:\/\/api.w.org\/{rel}","templated":true}]}}