{"id":288,"date":"2015-05-22T16:16:14","date_gmt":"2015-05-22T14:16:14","guid":{"rendered":"http:\/\/nemu.com.pl\/?page_id=288"},"modified":"2015-05-27T20:02:30","modified_gmt":"2015-05-27T18:02:30","slug":"awaria-turbozespolu-energetycznego","status":"publish","type":"page","link":"https:\/\/nemu.com.pl\/de\/case-studies\/awaria-turbozespolu-energetycznego\/","title":{"rendered":"Ausfall des Energie Turbosatzes"},"content":{"rendered":"<p><\/p>\n<p style=\"text-align: justify;\" align=\"left\"><div class=\"incontent\" style=\"background-color:#f4f4f4\"><div class=\"center\"><\/p>\n<p style=\"text-align: justify;\" align=\"left\">Der Ausfall wurde verursacht durch die Besch\u00e4digung des Widerstands tragenden Wellenlagers, infolge eines \u00fcberm\u00e4\u00dfigen Axialspiegels der erzeugt wurde und einer pl\u00f6tzlichen, innerhalb einiger Minuten, Vernichtung der Oberfl\u00e4che, eines aus der Serie von Widerstandsd\u00fcbeln dieses Lagers, durch ihre Abnutzung.<\/p>\n<p style=\"text-align: justify;\">Fr\u00fcher war der Leerlauf kleiner als empfohlen. Au\u00dferdem erfolgte kurz vor dem Ausfall eine Steigerung der Belastung der Turbine und ein Anstieg des Dampf Durchflusses, was eine Steigerung des Axialdrucks auf die Schale in dem Widerstands tragenden Wellenlager verursachte.<br \/>\nIn dieser Situation kam es zu einer St\u00f6rung des Einschmierungssystems der Widerstandsd\u00fcbel, die sich mit dem Bolzenbund ber\u00fchren. Aufgrund dessen erfolgte ein Temperaturanstieg der D\u00fcbel und ein \u00dcbergang der zusammenarbeitenden Elemente des Lagers, von einer flie\u00dfenden oder halbfliesenden zu einer trockenen Reibung. Es erfolgte der Effekt eine Zerst\u00f6rung der Widerstandsd\u00fcbel aufgrund deren Verschlei\u00df.<\/p>\n<p style=\"text-align: justify;\" align=\"left\">Dieser Prozess, wie bereits erw\u00e4hnt, f\u00fchrte zu der Entstehung eines \u00fcberm\u00e4\u00dfigen Axialspiegels, dies verursachte eine automatische Unterbrechung der Turbinenarbeit.<\/p>\n<p style=\"text-align: justify;\" align=\"left\">Man kann auch annehmen, dass aufgrund des langen Zeitraums der Turbinennutzung, da der Ausfall kurz vor der geplanten Reparatur des Ger\u00e4ts geschah &#8211; die Schale des Widerstands tragenden Wellenlagers war im hohen Ma\u00dfe abgenutzt. Infolge dessen trat ein Mangel in der Axialarbeit des L\u00e4ufers auf, hierbei gab es auch keinen senkrechten Druck der Widerstandsd\u00fcbel, auf den Widerstandsring des Keils. Dies k\u00f6nnte auch einen Einfluss darauf haben, dass der Einschmierungsprozess gest\u00f6rt wurde, in dem Belastungsmoment der Turbine. Jedoch konnte dies nicht Best\u00e4tigt werden.<\/p>\n<p style=\"text-align: justify;\" align=\"left\">Der Ausfall des Energie Turbosatzes verursachte weitgehende Verluste, die mit dessen Reparaturkosten verbunden waren. Dies hatte negative Auswirkungen auf die finanzielle Lage des Versicherungsnehmers. Zum Gl\u00fcck fand dies zum Zeitpunkt statt als die Verlustversicherung des Bruttoeinkommens andauerte.<\/p>\n<p style=\"text-align: justify;\">Es wurde festgestellt, dass der Schaden im Bruttogewinn dadurch verursacht wurde, dass es zu einem Fall des Umsatzes gekommen ist. Verursacht durch die Sperre der Produktion der elektrischen Energie auf dem besch\u00e4digten Turbosatz sowie dem Turbosatz der mit diesem in einer Kaskaden Reihenfolge gearbeitet hatte. Die spezifische technologische Konstellation hat es erlaubt die Produktion fortzusetzen, in einem eingeschr\u00e4nktem Umfang, auf dem nicht besch\u00e4digten Turbosatz, w\u00e4hrend der Zeit nach dem Ausfall. Dadurch war der Schadensumfang kleiner. Daraus kann man Schlussfolgern, dass der Besch\u00e4digte die Forderungen zu hoch angesetzt hat. Indem er eine Entsch\u00e4digung angefochten hatte, in H\u00f6he des Werts Umsatzverlusts, ohne dessen Korrektur, um den Bruttogewinn.<\/p>\n<div id='gallery-4' class='gallery galleryid-288 gallery-columns-3 gallery-size-large'><figure class='gallery-item'>\n\t\t\t<div class='gallery-icon landscape'>\n\t\t\t\t<img loading=\"lazy\" decoding=\"async\" width=\"1024\" height=\"768\" src=\"https:\/\/nemu.com.pl\/wp-content\/uploads\/2015\/05\/turbina71-1024x768.jpg\" class=\"attachment-large size-large\" alt=\"\" srcset=\"https:\/\/nemu.com.pl\/wp-content\/uploads\/2015\/05\/turbina71-1024x768.jpg 1024w, https:\/\/nemu.com.pl\/wp-content\/uploads\/2015\/05\/turbina71-300x225.jpg 300w, https:\/\/nemu.com.pl\/wp-content\/uploads\/2015\/05\/turbina71.jpg 1280w\" sizes=\"auto, (max-width: 1024px) 100vw, 1024px\" \/>\n\t\t\t<\/div><\/figure><figure class='gallery-item'>\n\t\t\t<div class='gallery-icon landscape'>\n\t\t\t\t<img loading=\"lazy\" decoding=\"async\" width=\"1024\" height=\"768\" src=\"https:\/\/nemu.com.pl\/wp-content\/uploads\/2015\/05\/turbina8-1024x768.jpg\" class=\"attachment-large size-large\" alt=\"\" srcset=\"https:\/\/nemu.com.pl\/wp-content\/uploads\/2015\/05\/turbina8-1024x768.jpg 1024w, https:\/\/nemu.com.pl\/wp-content\/uploads\/2015\/05\/turbina8-300x225.jpg 300w, https:\/\/nemu.com.pl\/wp-content\/uploads\/2015\/05\/turbina8.jpg 1280w\" sizes=\"auto, (max-width: 1024px) 100vw, 1024px\" \/>\n\t\t\t<\/div><\/figure><figure class='gallery-item'>\n\t\t\t<div class='gallery-icon landscape'>\n\t\t\t\t<img loading=\"lazy\" decoding=\"async\" width=\"1024\" height=\"768\" src=\"https:\/\/nemu.com.pl\/wp-content\/uploads\/2015\/05\/turbina9-1024x768.jpg\" class=\"attachment-large size-large\" alt=\"\" srcset=\"https:\/\/nemu.com.pl\/wp-content\/uploads\/2015\/05\/turbina9-1024x768.jpg 1024w, https:\/\/nemu.com.pl\/wp-content\/uploads\/2015\/05\/turbina9-300x225.jpg 300w, https:\/\/nemu.com.pl\/wp-content\/uploads\/2015\/05\/turbina9.jpg 1280w\" sizes=\"auto, (max-width: 1024px) 100vw, 1024px\" \/>\n\t\t\t<\/div><\/figure><figure class='gallery-item'>\n\t\t\t<div class='gallery-icon landscape'>\n\t\t\t\t<img loading=\"lazy\" decoding=\"async\" width=\"1024\" height=\"768\" src=\"https:\/\/nemu.com.pl\/wp-content\/uploads\/2015\/05\/turbina10-1024x768.jpg\" class=\"attachment-large size-large\" alt=\"\" srcset=\"https:\/\/nemu.com.pl\/wp-content\/uploads\/2015\/05\/turbina10-1024x768.jpg 1024w, https:\/\/nemu.com.pl\/wp-content\/uploads\/2015\/05\/turbina10-300x225.jpg 300w, https:\/\/nemu.com.pl\/wp-content\/uploads\/2015\/05\/turbina10.jpg 1280w\" sizes=\"auto, (max-width: 1024px) 100vw, 1024px\" \/>\n\t\t\t<\/div><\/figure><figure class='gallery-item'>\n\t\t\t<div class='gallery-icon landscape'>\n\t\t\t\t<img loading=\"lazy\" decoding=\"async\" width=\"1024\" height=\"768\" src=\"https:\/\/nemu.com.pl\/wp-content\/uploads\/2015\/05\/turbina12-1024x768.jpg\" class=\"attachment-large size-large\" alt=\"\" srcset=\"https:\/\/nemu.com.pl\/wp-content\/uploads\/2015\/05\/turbina12-1024x768.jpg 1024w, https:\/\/nemu.com.pl\/wp-content\/uploads\/2015\/05\/turbina12-300x225.jpg 300w, https:\/\/nemu.com.pl\/wp-content\/uploads\/2015\/05\/turbina12.jpg 1280w\" sizes=\"auto, (max-width: 1024px) 100vw, 1024px\" \/>\n\t\t\t<\/div><\/figure>\n\t\t<\/div>\n\n<p><\/div><\/div><\/p>","protected":false},"excerpt":{"rendered":"","protected":false},"author":1,"featured_media":289,"parent":13,"menu_order":0,"comment_status":"open","ping_status":"open","template":"","meta":{"_acf_changed":false,"footnotes":""},"class_list":["post-288","page","type-page","status-publish","has-post-thumbnail","hentry"],"acf":[],"_links":{"self":[{"href":"https:\/\/nemu.com.pl\/de\/wp-json\/wp\/v2\/pages\/288","targetHints":{"allow":["GET"]}}],"collection":[{"href":"https:\/\/nemu.com.pl\/de\/wp-json\/wp\/v2\/pages"}],"about":[{"href":"https:\/\/nemu.com.pl\/de\/wp-json\/wp\/v2\/types\/page"}],"author":[{"embeddable":true,"href":"https:\/\/nemu.com.pl\/de\/wp-json\/wp\/v2\/users\/1"}],"replies":[{"embeddable":true,"href":"https:\/\/nemu.com.pl\/de\/wp-json\/wp\/v2\/comments?post=288"}],"version-history":[{"count":4,"href":"https:\/\/nemu.com.pl\/de\/wp-json\/wp\/v2\/pages\/288\/revisions"}],"predecessor-version":[{"id":1300,"href":"https:\/\/nemu.com.pl\/de\/wp-json\/wp\/v2\/pages\/288\/revisions\/1300"}],"up":[{"embeddable":true,"href":"https:\/\/nemu.com.pl\/de\/wp-json\/wp\/v2\/pages\/13"}],"wp:featuredmedia":[{"embeddable":true,"href":"https:\/\/nemu.com.pl\/de\/wp-json\/wp\/v2\/media\/289"}],"wp:attachment":[{"href":"https:\/\/nemu.com.pl\/de\/wp-json\/wp\/v2\/media?parent=288"}],"curies":[{"name":"wp","href":"https:\/\/api.w.org\/{rel}","templated":true}]}}