{"id":285,"date":"2015-05-22T16:15:32","date_gmt":"2015-05-22T14:15:32","guid":{"rendered":"http:\/\/nemu.com.pl\/?page_id=285"},"modified":"2015-05-27T19:58:58","modified_gmt":"2015-05-27T17:58:58","slug":"sruby-jako-zrodlo-awarii-elektrowni-wiatrowej","status":"publish","type":"page","link":"https:\/\/nemu.com.pl\/de\/case-studies\/sruby-jako-zrodlo-awarii-elektrowni-wiatrowej\/","title":{"rendered":"Schrauben als Ursache einer St\u00f6rung der Windkraftanlage"},"content":{"rendered":"<p><div class=\"incontent\" style=\"background-color:#f4f4f4\"><div class=\"center\"><\/p>\n<div id='gallery-4' class='gallery galleryid-285 gallery-columns-3 gallery-size-large'><figure class='gallery-item'>\n\t\t\t<div class='gallery-icon landscape'>\n\t\t\t\t<img loading=\"lazy\" decoding=\"async\" width=\"1024\" height=\"768\" src=\"https:\/\/nemu.com.pl\/wp-content\/uploads\/2015\/05\/1143-1024x768.jpg\" class=\"attachment-large size-large\" alt=\"\" srcset=\"https:\/\/nemu.com.pl\/wp-content\/uploads\/2015\/05\/1143-1024x768.jpg 1024w, https:\/\/nemu.com.pl\/wp-content\/uploads\/2015\/05\/1143-300x225.jpg 300w\" sizes=\"auto, (max-width: 1024px) 100vw, 1024px\" \/>\n\t\t\t<\/div><\/figure><figure class='gallery-item'>\n\t\t\t<div class='gallery-icon landscape'>\n\t\t\t\t<img loading=\"lazy\" decoding=\"async\" width=\"1024\" height=\"768\" src=\"https:\/\/nemu.com.pl\/wp-content\/uploads\/2015\/05\/2105-1024x768.jpg\" class=\"attachment-large size-large\" alt=\"\" srcset=\"https:\/\/nemu.com.pl\/wp-content\/uploads\/2015\/05\/2105-1024x768.jpg 1024w, https:\/\/nemu.com.pl\/wp-content\/uploads\/2015\/05\/2105-300x225.jpg 300w\" sizes=\"auto, (max-width: 1024px) 100vw, 1024px\" \/>\n\t\t\t<\/div><\/figure><figure class='gallery-item'>\n\t\t\t<div class='gallery-icon landscape'>\n\t\t\t\t<img loading=\"lazy\" decoding=\"async\" width=\"1024\" height=\"768\" src=\"https:\/\/nemu.com.pl\/wp-content\/uploads\/2015\/05\/356-1024x768.jpg\" class=\"attachment-large size-large\" alt=\"\" srcset=\"https:\/\/nemu.com.pl\/wp-content\/uploads\/2015\/05\/356-1024x768.jpg 1024w, https:\/\/nemu.com.pl\/wp-content\/uploads\/2015\/05\/356-300x225.jpg 300w\" sizes=\"auto, (max-width: 1024px) 100vw, 1024px\" \/>\n\t\t\t<\/div><\/figure><figure class='gallery-item'>\n\t\t\t<div class='gallery-icon landscape'>\n\t\t\t\t<img loading=\"lazy\" decoding=\"async\" width=\"1024\" height=\"768\" src=\"https:\/\/nemu.com.pl\/wp-content\/uploads\/2015\/05\/456-1024x768.jpg\" class=\"attachment-large size-large\" alt=\"\" srcset=\"https:\/\/nemu.com.pl\/wp-content\/uploads\/2015\/05\/456-1024x768.jpg 1024w, https:\/\/nemu.com.pl\/wp-content\/uploads\/2015\/05\/456-300x225.jpg 300w\" sizes=\"auto, (max-width: 1024px) 100vw, 1024px\" \/>\n\t\t\t<\/div><\/figure><figure class='gallery-item'>\n\t\t\t<div class='gallery-icon landscape'>\n\t\t\t\t<img loading=\"lazy\" decoding=\"async\" width=\"1024\" height=\"768\" src=\"https:\/\/nemu.com.pl\/wp-content\/uploads\/2015\/05\/547-1024x768.jpg\" class=\"attachment-large size-large\" alt=\"\" srcset=\"https:\/\/nemu.com.pl\/wp-content\/uploads\/2015\/05\/547-1024x768.jpg 1024w, https:\/\/nemu.com.pl\/wp-content\/uploads\/2015\/05\/547-300x225.jpg 300w\" sizes=\"auto, (max-width: 1024px) 100vw, 1024px\" \/>\n\t\t\t<\/div><\/figure>\n\t\t<\/div>\n\n<p><\/div><\/div><\/p>","protected":false},"excerpt":{"rendered":"<p>Leider ist der Eintrag nur auf Polski verf\u00fcgbar. Der Inhalt wird unten in einer verf\u00fcgbaren Sprache angezeigt. Klicken Sie auf den Link, um die aktuelle Sprache zu \u00e4ndern.<\/p>\n","protected":false},"author":1,"featured_media":286,"parent":13,"menu_order":0,"comment_status":"open","ping_status":"open","template":"","meta":{"_acf_changed":false,"footnotes":""},"class_list":["post-285","page","type-page","status-publish","has-post-thumbnail","hentry"],"acf":[],"_links":{"self":[{"href":"https:\/\/nemu.com.pl\/de\/wp-json\/wp\/v2\/pages\/285","targetHints":{"allow":["GET"]}}],"collection":[{"href":"https:\/\/nemu.com.pl\/de\/wp-json\/wp\/v2\/pages"}],"about":[{"href":"https:\/\/nemu.com.pl\/de\/wp-json\/wp\/v2\/types\/page"}],"author":[{"embeddable":true,"href":"https:\/\/nemu.com.pl\/de\/wp-json\/wp\/v2\/users\/1"}],"replies":[{"embeddable":true,"href":"https:\/\/nemu.com.pl\/de\/wp-json\/wp\/v2\/comments?post=285"}],"version-history":[{"count":2,"href":"https:\/\/nemu.com.pl\/de\/wp-json\/wp\/v2\/pages\/285\/revisions"}],"predecessor-version":[{"id":1293,"href":"https:\/\/nemu.com.pl\/de\/wp-json\/wp\/v2\/pages\/285\/revisions\/1293"}],"up":[{"embeddable":true,"href":"https:\/\/nemu.com.pl\/de\/wp-json\/wp\/v2\/pages\/13"}],"wp:featuredmedia":[{"embeddable":true,"href":"https:\/\/nemu.com.pl\/de\/wp-json\/wp\/v2\/media\/286"}],"wp:attachment":[{"href":"https:\/\/nemu.com.pl\/de\/wp-json\/wp\/v2\/media?parent=285"}],"curies":[{"name":"wp","href":"https:\/\/api.w.org\/{rel}","templated":true}]}}