{"id":260,"date":"2015-05-22T16:05:27","date_gmt":"2015-05-22T14:05:27","guid":{"rendered":"http:\/\/nemu.com.pl\/?page_id=260"},"modified":"2015-05-27T19:38:52","modified_gmt":"2015-05-27T17:38:52","slug":"ustalenie-przyczyny-pozaru-w-zakladzie-produkujacym-srodki-piorace","status":"publish","type":"page","link":"https:\/\/nemu.com.pl\/de\/case-studies\/ustalenie-przyczyny-pozaru-w-zakladzie-produkujacym-srodki-piorace\/","title":{"rendered":"Ermittlung der Brandursache in einer Waschmittelfabrik"},"content":{"rendered":"<p><div class=\"incontent\" style=\"background-color:#f4f4f4\"><div class=\"center\"><\/p>\n<div id='gallery-4' class='gallery galleryid-260 gallery-columns-3 gallery-size-large'><figure class='gallery-item'>\n\t\t\t<div class='gallery-icon landscape'>\n\t\t\t\t<img loading=\"lazy\" decoding=\"async\" width=\"1024\" height=\"768\" src=\"https:\/\/nemu.com.pl\/wp-content\/uploads\/2015\/05\/1135-1024x768.jpg\" class=\"attachment-large size-large\" alt=\"\" srcset=\"https:\/\/nemu.com.pl\/wp-content\/uploads\/2015\/05\/1135-1024x768.jpg 1024w, https:\/\/nemu.com.pl\/wp-content\/uploads\/2015\/05\/1135-300x225.jpg 300w, https:\/\/nemu.com.pl\/wp-content\/uploads\/2015\/05\/1135.jpg 1600w\" sizes=\"auto, (max-width: 1024px) 100vw, 1024px\" \/>\n\t\t\t<\/div><\/figure><figure class='gallery-item'>\n\t\t\t<div class='gallery-icon landscape'>\n\t\t\t\t<img loading=\"lazy\" decoding=\"async\" width=\"1024\" height=\"768\" src=\"https:\/\/nemu.com.pl\/wp-content\/uploads\/2015\/05\/297-1024x768.jpg\" class=\"attachment-large size-large\" alt=\"\" srcset=\"https:\/\/nemu.com.pl\/wp-content\/uploads\/2015\/05\/297-1024x768.jpg 1024w, https:\/\/nemu.com.pl\/wp-content\/uploads\/2015\/05\/297-300x225.jpg 300w, https:\/\/nemu.com.pl\/wp-content\/uploads\/2015\/05\/297.jpg 1600w\" sizes=\"auto, (max-width: 1024px) 100vw, 1024px\" \/>\n\t\t\t<\/div><\/figure><figure class='gallery-item'>\n\t\t\t<div class='gallery-icon landscape'>\n\t\t\t\t<img loading=\"lazy\" decoding=\"async\" width=\"1024\" height=\"768\" src=\"https:\/\/nemu.com.pl\/wp-content\/uploads\/2015\/05\/347-1024x768.jpg\" class=\"attachment-large size-large\" alt=\"\" srcset=\"https:\/\/nemu.com.pl\/wp-content\/uploads\/2015\/05\/347-1024x768.jpg 1024w, https:\/\/nemu.com.pl\/wp-content\/uploads\/2015\/05\/347-300x225.jpg 300w, https:\/\/nemu.com.pl\/wp-content\/uploads\/2015\/05\/347.jpg 1600w\" sizes=\"auto, (max-width: 1024px) 100vw, 1024px\" \/>\n\t\t\t<\/div><\/figure><figure class='gallery-item'>\n\t\t\t<div class='gallery-icon landscape'>\n\t\t\t\t<img loading=\"lazy\" decoding=\"async\" width=\"1024\" height=\"768\" src=\"https:\/\/nemu.com.pl\/wp-content\/uploads\/2015\/05\/447-1024x768.jpg\" class=\"attachment-large size-large\" alt=\"\" srcset=\"https:\/\/nemu.com.pl\/wp-content\/uploads\/2015\/05\/447-1024x768.jpg 1024w, https:\/\/nemu.com.pl\/wp-content\/uploads\/2015\/05\/447-300x225.jpg 300w, https:\/\/nemu.com.pl\/wp-content\/uploads\/2015\/05\/447.jpg 1600w\" sizes=\"auto, (max-width: 1024px) 100vw, 1024px\" \/>\n\t\t\t<\/div><\/figure><figure class='gallery-item'>\n\t\t\t<div class='gallery-icon landscape'>\n\t\t\t\t<img loading=\"lazy\" decoding=\"async\" width=\"1024\" height=\"768\" src=\"https:\/\/nemu.com.pl\/wp-content\/uploads\/2015\/05\/539-1024x768.jpg\" class=\"attachment-large size-large\" alt=\"\" srcset=\"https:\/\/nemu.com.pl\/wp-content\/uploads\/2015\/05\/539-1024x768.jpg 1024w, https:\/\/nemu.com.pl\/wp-content\/uploads\/2015\/05\/539-300x225.jpg 300w, https:\/\/nemu.com.pl\/wp-content\/uploads\/2015\/05\/539.jpg 1600w\" sizes=\"auto, (max-width: 1024px) 100vw, 1024px\" \/>\n\t\t\t<\/div><\/figure><figure class='gallery-item'>\n\t\t\t<div class='gallery-icon landscape'>\n\t\t\t\t<img loading=\"lazy\" decoding=\"async\" width=\"1024\" height=\"768\" src=\"https:\/\/nemu.com.pl\/wp-content\/uploads\/2015\/05\/637-1024x768.jpg\" class=\"attachment-large size-large\" alt=\"\" srcset=\"https:\/\/nemu.com.pl\/wp-content\/uploads\/2015\/05\/637-1024x768.jpg 1024w, https:\/\/nemu.com.pl\/wp-content\/uploads\/2015\/05\/637-300x225.jpg 300w, https:\/\/nemu.com.pl\/wp-content\/uploads\/2015\/05\/637.jpg 1600w\" sizes=\"auto, (max-width: 1024px) 100vw, 1024px\" \/>\n\t\t\t<\/div><\/figure><figure class='gallery-item'>\n\t\t\t<div class='gallery-icon landscape'>\n\t\t\t\t<img loading=\"lazy\" decoding=\"async\" width=\"1024\" height=\"768\" src=\"https:\/\/nemu.com.pl\/wp-content\/uploads\/2015\/05\/735-1024x768.jpg\" class=\"attachment-large size-large\" alt=\"\" srcset=\"https:\/\/nemu.com.pl\/wp-content\/uploads\/2015\/05\/735-1024x768.jpg 1024w, https:\/\/nemu.com.pl\/wp-content\/uploads\/2015\/05\/735-300x225.jpg 300w, https:\/\/nemu.com.pl\/wp-content\/uploads\/2015\/05\/735.jpg 1600w\" sizes=\"auto, (max-width: 1024px) 100vw, 1024px\" \/>\n\t\t\t<\/div><\/figure><figure class='gallery-item'>\n\t\t\t<div class='gallery-icon landscape'>\n\t\t\t\t<img loading=\"lazy\" decoding=\"async\" width=\"1024\" height=\"768\" src=\"https:\/\/nemu.com.pl\/wp-content\/uploads\/2015\/05\/834-1024x768.jpg\" class=\"attachment-large size-large\" alt=\"\" srcset=\"https:\/\/nemu.com.pl\/wp-content\/uploads\/2015\/05\/834-1024x768.jpg 1024w, https:\/\/nemu.com.pl\/wp-content\/uploads\/2015\/05\/834-300x225.jpg 300w, https:\/\/nemu.com.pl\/wp-content\/uploads\/2015\/05\/834.jpg 1600w\" sizes=\"auto, (max-width: 1024px) 100vw, 1024px\" \/>\n\t\t\t<\/div><\/figure><figure class='gallery-item'>\n\t\t\t<div class='gallery-icon landscape'>\n\t\t\t\t<img loading=\"lazy\" decoding=\"async\" width=\"1024\" height=\"768\" src=\"https:\/\/nemu.com.pl\/wp-content\/uploads\/2015\/05\/932-1024x768.jpg\" class=\"attachment-large size-large\" alt=\"\" srcset=\"https:\/\/nemu.com.pl\/wp-content\/uploads\/2015\/05\/932-1024x768.jpg 1024w, https:\/\/nemu.com.pl\/wp-content\/uploads\/2015\/05\/932-300x225.jpg 300w, https:\/\/nemu.com.pl\/wp-content\/uploads\/2015\/05\/932.jpg 1600w\" sizes=\"auto, (max-width: 1024px) 100vw, 1024px\" \/>\n\t\t\t<\/div><\/figure><figure class='gallery-item'>\n\t\t\t<div class='gallery-icon landscape'>\n\t\t\t\t<img loading=\"lazy\" decoding=\"async\" width=\"1024\" height=\"768\" src=\"https:\/\/nemu.com.pl\/wp-content\/uploads\/2015\/05\/1032-1024x768.jpg\" class=\"attachment-large size-large\" alt=\"\" srcset=\"https:\/\/nemu.com.pl\/wp-content\/uploads\/2015\/05\/1032-1024x768.jpg 1024w, https:\/\/nemu.com.pl\/wp-content\/uploads\/2015\/05\/1032-300x225.jpg 300w, https:\/\/nemu.com.pl\/wp-content\/uploads\/2015\/05\/1032.jpg 1600w\" sizes=\"auto, (max-width: 1024px) 100vw, 1024px\" \/>\n\t\t\t<\/div><\/figure>\n\t\t<\/div>\n\n<p><\/div><\/div><\/p>","protected":false},"excerpt":{"rendered":"<p>Leider ist der Eintrag nur auf Polski verf\u00fcgbar. Der Inhalt wird unten in einer verf\u00fcgbaren Sprache angezeigt. Klicken Sie auf den Link, um die aktuelle Sprache zu \u00e4ndern.<\/p>\n","protected":false},"author":1,"featured_media":261,"parent":13,"menu_order":0,"comment_status":"open","ping_status":"open","template":"","meta":{"_acf_changed":false,"footnotes":""},"class_list":["post-260","page","type-page","status-publish","has-post-thumbnail","hentry"],"acf":[],"_links":{"self":[{"href":"https:\/\/nemu.com.pl\/de\/wp-json\/wp\/v2\/pages\/260","targetHints":{"allow":["GET"]}}],"collection":[{"href":"https:\/\/nemu.com.pl\/de\/wp-json\/wp\/v2\/pages"}],"about":[{"href":"https:\/\/nemu.com.pl\/de\/wp-json\/wp\/v2\/types\/page"}],"author":[{"embeddable":true,"href":"https:\/\/nemu.com.pl\/de\/wp-json\/wp\/v2\/users\/1"}],"replies":[{"embeddable":true,"href":"https:\/\/nemu.com.pl\/de\/wp-json\/wp\/v2\/comments?post=260"}],"version-history":[{"count":2,"href":"https:\/\/nemu.com.pl\/de\/wp-json\/wp\/v2\/pages\/260\/revisions"}],"predecessor-version":[{"id":1240,"href":"https:\/\/nemu.com.pl\/de\/wp-json\/wp\/v2\/pages\/260\/revisions\/1240"}],"up":[{"embeddable":true,"href":"https:\/\/nemu.com.pl\/de\/wp-json\/wp\/v2\/pages\/13"}],"wp:featuredmedia":[{"embeddable":true,"href":"https:\/\/nemu.com.pl\/de\/wp-json\/wp\/v2\/media\/261"}],"wp:attachment":[{"href":"https:\/\/nemu.com.pl\/de\/wp-json\/wp\/v2\/media?parent=260"}],"curies":[{"name":"wp","href":"https:\/\/api.w.org\/{rel}","templated":true}]}}