{"id":250,"date":"2015-05-22T15:58:25","date_gmt":"2015-05-22T13:58:25","guid":{"rendered":"http:\/\/nemu.com.pl\/?page_id=250"},"modified":"2015-05-27T19:31:30","modified_gmt":"2015-05-27T17:31:30","slug":"ustalenie-odpowiedzialnosci-za-powstanie-pozaru-w-hucie-szkla","status":"publish","type":"page","link":"https:\/\/nemu.com.pl\/de\/case-studies\/ustalenie-odpowiedzialnosci-za-powstanie-pozaru-w-hucie-szkla\/","title":{"rendered":"Ermittlung der Verantwortlichkeit f\u00fcr den Brandschaden in einer Glash\u00fctte"},"content":{"rendered":"<p><div class=\"incontent\" style=\"background-color:#f4f4f4\"><div class=\"center\"><\/p>\n<div id='gallery-4' class='gallery galleryid-250 gallery-columns-3 gallery-size-large'><figure class='gallery-item'>\n\t\t\t<div class='gallery-icon landscape'>\n\t\t\t\t<img loading=\"lazy\" decoding=\"async\" width=\"1024\" height=\"768\" src=\"https:\/\/nemu.com.pl\/wp-content\/uploads\/2015\/05\/1132-1024x768.jpg\" class=\"attachment-large size-large\" alt=\"\" srcset=\"https:\/\/nemu.com.pl\/wp-content\/uploads\/2015\/05\/1132-1024x768.jpg 1024w, https:\/\/nemu.com.pl\/wp-content\/uploads\/2015\/05\/1132-300x225.jpg 300w, https:\/\/nemu.com.pl\/wp-content\/uploads\/2015\/05\/1132.jpg 1280w\" sizes=\"auto, (max-width: 1024px) 100vw, 1024px\" \/>\n\t\t\t<\/div><\/figure><figure class='gallery-item'>\n\t\t\t<div class='gallery-icon landscape'>\n\t\t\t\t<img loading=\"lazy\" decoding=\"async\" width=\"1024\" height=\"768\" src=\"https:\/\/nemu.com.pl\/wp-content\/uploads\/2015\/05\/290-1024x768.jpg\" class=\"attachment-large size-large\" alt=\"\" srcset=\"https:\/\/nemu.com.pl\/wp-content\/uploads\/2015\/05\/290-1024x768.jpg 1024w, https:\/\/nemu.com.pl\/wp-content\/uploads\/2015\/05\/290-300x225.jpg 300w, https:\/\/nemu.com.pl\/wp-content\/uploads\/2015\/05\/290.jpg 1280w\" sizes=\"auto, (max-width: 1024px) 100vw, 1024px\" \/>\n\t\t\t<\/div><\/figure><figure class='gallery-item'>\n\t\t\t<div class='gallery-icon landscape'>\n\t\t\t\t<img loading=\"lazy\" decoding=\"async\" width=\"1024\" height=\"768\" src=\"https:\/\/nemu.com.pl\/wp-content\/uploads\/2015\/05\/344-1024x768.jpg\" class=\"attachment-large size-large\" alt=\"\" srcset=\"https:\/\/nemu.com.pl\/wp-content\/uploads\/2015\/05\/344-1024x768.jpg 1024w, https:\/\/nemu.com.pl\/wp-content\/uploads\/2015\/05\/344-300x225.jpg 300w, https:\/\/nemu.com.pl\/wp-content\/uploads\/2015\/05\/344.jpg 1280w\" sizes=\"auto, (max-width: 1024px) 100vw, 1024px\" \/>\n\t\t\t<\/div><\/figure><figure class='gallery-item'>\n\t\t\t<div class='gallery-icon landscape'>\n\t\t\t\t<img loading=\"lazy\" decoding=\"async\" width=\"1024\" height=\"768\" src=\"https:\/\/nemu.com.pl\/wp-content\/uploads\/2015\/05\/444-1024x768.jpg\" class=\"attachment-large size-large\" alt=\"\" srcset=\"https:\/\/nemu.com.pl\/wp-content\/uploads\/2015\/05\/444-1024x768.jpg 1024w, https:\/\/nemu.com.pl\/wp-content\/uploads\/2015\/05\/444-300x225.jpg 300w, https:\/\/nemu.com.pl\/wp-content\/uploads\/2015\/05\/444.jpg 1280w\" sizes=\"auto, (max-width: 1024px) 100vw, 1024px\" \/>\n\t\t\t<\/div><\/figure><figure class='gallery-item'>\n\t\t\t<div class='gallery-icon landscape'>\n\t\t\t\t<img loading=\"lazy\" decoding=\"async\" width=\"1024\" height=\"768\" src=\"https:\/\/nemu.com.pl\/wp-content\/uploads\/2015\/05\/536-1024x768.jpg\" class=\"attachment-large size-large\" alt=\"\" srcset=\"https:\/\/nemu.com.pl\/wp-content\/uploads\/2015\/05\/536-1024x768.jpg 1024w, https:\/\/nemu.com.pl\/wp-content\/uploads\/2015\/05\/536-300x225.jpg 300w, https:\/\/nemu.com.pl\/wp-content\/uploads\/2015\/05\/536.jpg 1280w\" sizes=\"auto, (max-width: 1024px) 100vw, 1024px\" \/>\n\t\t\t<\/div><\/figure><figure class='gallery-item'>\n\t\t\t<div class='gallery-icon landscape'>\n\t\t\t\t<img loading=\"lazy\" decoding=\"async\" width=\"1024\" height=\"768\" src=\"https:\/\/nemu.com.pl\/wp-content\/uploads\/2015\/05\/634-1024x768.jpg\" class=\"attachment-large size-large\" alt=\"\" srcset=\"https:\/\/nemu.com.pl\/wp-content\/uploads\/2015\/05\/634-1024x768.jpg 1024w, https:\/\/nemu.com.pl\/wp-content\/uploads\/2015\/05\/634-300x225.jpg 300w, https:\/\/nemu.com.pl\/wp-content\/uploads\/2015\/05\/634.jpg 1280w\" sizes=\"auto, (max-width: 1024px) 100vw, 1024px\" \/>\n\t\t\t<\/div><\/figure><figure class='gallery-item'>\n\t\t\t<div class='gallery-icon landscape'>\n\t\t\t\t<img loading=\"lazy\" decoding=\"async\" width=\"1024\" height=\"768\" src=\"https:\/\/nemu.com.pl\/wp-content\/uploads\/2015\/05\/732-1024x768.jpg\" class=\"attachment-large size-large\" alt=\"\" srcset=\"https:\/\/nemu.com.pl\/wp-content\/uploads\/2015\/05\/732-1024x768.jpg 1024w, https:\/\/nemu.com.pl\/wp-content\/uploads\/2015\/05\/732-300x225.jpg 300w, https:\/\/nemu.com.pl\/wp-content\/uploads\/2015\/05\/732.jpg 1280w\" sizes=\"auto, (max-width: 1024px) 100vw, 1024px\" \/>\n\t\t\t<\/div><\/figure><figure class='gallery-item'>\n\t\t\t<div class='gallery-icon landscape'>\n\t\t\t\t<img loading=\"lazy\" decoding=\"async\" width=\"1024\" height=\"768\" src=\"https:\/\/nemu.com.pl\/wp-content\/uploads\/2015\/05\/831-1024x768.jpg\" class=\"attachment-large size-large\" alt=\"\" srcset=\"https:\/\/nemu.com.pl\/wp-content\/uploads\/2015\/05\/831-1024x768.jpg 1024w, https:\/\/nemu.com.pl\/wp-content\/uploads\/2015\/05\/831-300x225.jpg 300w, https:\/\/nemu.com.pl\/wp-content\/uploads\/2015\/05\/831.jpg 1280w\" sizes=\"auto, (max-width: 1024px) 100vw, 1024px\" \/>\n\t\t\t<\/div><\/figure><figure class='gallery-item'>\n\t\t\t<div class='gallery-icon landscape'>\n\t\t\t\t<img loading=\"lazy\" decoding=\"async\" width=\"1024\" height=\"768\" src=\"https:\/\/nemu.com.pl\/wp-content\/uploads\/2015\/05\/929-1024x768.jpg\" class=\"attachment-large size-large\" alt=\"\" srcset=\"https:\/\/nemu.com.pl\/wp-content\/uploads\/2015\/05\/929-1024x768.jpg 1024w, https:\/\/nemu.com.pl\/wp-content\/uploads\/2015\/05\/929-300x225.jpg 300w, https:\/\/nemu.com.pl\/wp-content\/uploads\/2015\/05\/929.jpg 1280w\" sizes=\"auto, (max-width: 1024px) 100vw, 1024px\" \/>\n\t\t\t<\/div><\/figure><figure class='gallery-item'>\n\t\t\t<div class='gallery-icon landscape'>\n\t\t\t\t<img loading=\"lazy\" decoding=\"async\" width=\"1024\" height=\"768\" src=\"https:\/\/nemu.com.pl\/wp-content\/uploads\/2015\/05\/1029-1024x768.jpg\" class=\"attachment-large size-large\" alt=\"\" srcset=\"https:\/\/nemu.com.pl\/wp-content\/uploads\/2015\/05\/1029-1024x768.jpg 1024w, https:\/\/nemu.com.pl\/wp-content\/uploads\/2015\/05\/1029-300x225.jpg 300w, https:\/\/nemu.com.pl\/wp-content\/uploads\/2015\/05\/1029.jpg 1280w\" sizes=\"auto, (max-width: 1024px) 100vw, 1024px\" \/>\n\t\t\t<\/div><\/figure>\n\t\t<\/div>\n\n<p><\/div><\/div><\/p>","protected":false},"excerpt":{"rendered":"<p>Leider ist der Eintrag nur auf Polski verf\u00fcgbar. Der Inhalt wird unten in einer verf\u00fcgbaren Sprache angezeigt. Klicken Sie auf den Link, um die aktuelle Sprache zu \u00e4ndern.<\/p>\n","protected":false},"author":1,"featured_media":251,"parent":13,"menu_order":0,"comment_status":"open","ping_status":"open","template":"","meta":{"_acf_changed":false,"footnotes":""},"class_list":["post-250","page","type-page","status-publish","has-post-thumbnail","hentry"],"acf":[],"_links":{"self":[{"href":"https:\/\/nemu.com.pl\/de\/wp-json\/wp\/v2\/pages\/250","targetHints":{"allow":["GET"]}}],"collection":[{"href":"https:\/\/nemu.com.pl\/de\/wp-json\/wp\/v2\/pages"}],"about":[{"href":"https:\/\/nemu.com.pl\/de\/wp-json\/wp\/v2\/types\/page"}],"author":[{"embeddable":true,"href":"https:\/\/nemu.com.pl\/de\/wp-json\/wp\/v2\/users\/1"}],"replies":[{"embeddable":true,"href":"https:\/\/nemu.com.pl\/de\/wp-json\/wp\/v2\/comments?post=250"}],"version-history":[{"count":3,"href":"https:\/\/nemu.com.pl\/de\/wp-json\/wp\/v2\/pages\/250\/revisions"}],"predecessor-version":[{"id":1207,"href":"https:\/\/nemu.com.pl\/de\/wp-json\/wp\/v2\/pages\/250\/revisions\/1207"}],"up":[{"embeddable":true,"href":"https:\/\/nemu.com.pl\/de\/wp-json\/wp\/v2\/pages\/13"}],"wp:featuredmedia":[{"embeddable":true,"href":"https:\/\/nemu.com.pl\/de\/wp-json\/wp\/v2\/media\/251"}],"wp:attachment":[{"href":"https:\/\/nemu.com.pl\/de\/wp-json\/wp\/v2\/media?parent=250"}],"curies":[{"name":"wp","href":"https:\/\/api.w.org\/{rel}","templated":true}]}}