{"id":2017,"date":"2015-08-05T09:28:28","date_gmt":"2015-08-05T07:28:28","guid":{"rendered":"http:\/\/nemu.com.pl\/?page_id=2017"},"modified":"2025-10-15T13:46:36","modified_gmt":"2025-10-15T11:46:36","slug":"dawid-wieliczko","status":"publish","type":"page","link":"https:\/\/nemu.com.pl\/de\/dawid-wieliczko\/","title":{"rendered":"Milena Karlik"},"content":{"rendered":"<p><div class=\"incontent\" style=\"background-color:#f4f4f4\"><div class=\"center\"><\/p>\n<p><img loading=\"lazy\" decoding=\"async\" class=\"alignleft wp-image-1930 size-full\" src=\"https:\/\/nemu.com.pl\/wp-content\/uploads\/2025\/10\/mkr.jpg\" alt=\"\" width=\"270\" height=\"270\" \/><\/p>\n<p style=\"text-align: left;\">Radca prawny, pe\u0142ni\u0105ca obowi\u0105zki Kierownika Dzia\u0142u Likwidacji Szk\u00f3d Ubezpieczeniowych w sp\u00f3\u0142ce Eksperci NEMU. Sprawuje nadz\u00f3r nad likwidacj\u0105 szk\u00f3d korporacyjnych (w tym mienia leasingowanego oraz szk\u00f3d OC). Absolwentka Wydzia\u0142u Prawa i Administracji Uniwersytetu Kardyna\u0142a Stefana Wyszy\u0144skiego w Warszawie. W 2017 r. wpisana na list\u0119 radc\u00f3w prawnych przy Okr\u0119gowej Izbie Radc\u00f3w Prawnych w Warszawie. Zwi\u0105zana z bran\u017c\u0105 ubezpieczeniow\u0105 od 2009 r. W latach 2013-2019 prawnik i zast\u0119pca kierownika w sp\u00f3\u0142ce Eksperci NEMU. Nast\u0119pnie w latach 2019-2025 radca prawny w kancelarii obs\u0142uguj\u0105cej Zak\u0142ady Ubezpiecze\u0144. Od kwietnia 2025 r. ponownie zatrudniona w sp\u00f3\u0142ce Eksperci NEMU, na stanowisku radcy prawnego.<\/p>\n<p><\/div><\/div><\/p>","protected":false},"excerpt":{"rendered":"","protected":false},"author":1,"featured_media":0,"parent":0,"menu_order":0,"comment_status":"open","ping_status":"open","template":"","meta":{"_acf_changed":false,"footnotes":""},"class_list":["post-2017","page","type-page","status-publish","hentry"],"acf":[],"_links":{"self":[{"href":"https:\/\/nemu.com.pl\/de\/wp-json\/wp\/v2\/pages\/2017","targetHints":{"allow":["GET"]}}],"collection":[{"href":"https:\/\/nemu.com.pl\/de\/wp-json\/wp\/v2\/pages"}],"about":[{"href":"https:\/\/nemu.com.pl\/de\/wp-json\/wp\/v2\/types\/page"}],"author":[{"embeddable":true,"href":"https:\/\/nemu.com.pl\/de\/wp-json\/wp\/v2\/users\/1"}],"replies":[{"embeddable":true,"href":"https:\/\/nemu.com.pl\/de\/wp-json\/wp\/v2\/comments?post=2017"}],"version-history":[{"count":9,"href":"https:\/\/nemu.com.pl\/de\/wp-json\/wp\/v2\/pages\/2017\/revisions"}],"predecessor-version":[{"id":2328,"href":"https:\/\/nemu.com.pl\/de\/wp-json\/wp\/v2\/pages\/2017\/revisions\/2328"}],"wp:attachment":[{"href":"https:\/\/nemu.com.pl\/de\/wp-json\/wp\/v2\/media?parent=2017"}],"curies":[{"name":"wp","href":"https:\/\/api.w.org\/{rel}","templated":true}]}}