{"id":1956,"date":"2015-07-27T21:09:09","date_gmt":"2015-07-27T19:09:09","guid":{"rendered":"http:\/\/nemu.com.pl\/?page_id=1956"},"modified":"2015-07-30T13:58:52","modified_gmt":"2015-07-30T11:58:52","slug":"michal-sztykiel","status":"publish","type":"page","link":"https:\/\/nemu.com.pl\/de\/michal-sztykiel\/","title":{"rendered":"Micha\u0142 Sztykiel"},"content":{"rendered":"<p><div class=\"incontent\" style=\"background-color:#f4f4f4\"><div class=\"center\"><\/p>\n<p><img loading=\"lazy\" decoding=\"async\" class=\"alignleft wp-image-1930 size-full\" src=\"http:\/\/nemu.com.pl\/wp-content\/uploads\/2015\/07\/02_s-e1437466315528.jpg\" alt=\"\" width=\"270\" height=\"270\" \/><\/p>\n<p style=\"text-align: left;\">Leiter der Rechtsabteilung bei der Gesellschaft Eksperci NEMU. Er hat die R-\u0141azarski-Hochschule f\u00fcr Handel und Recht in Warschau absolviert. Seit 2007 ist er Mitarbeiter der Gesellschaft Eksperci NEMU. Er ist f\u00fcr die Aufsicht und Abwicklung von Sch\u00e4den im Rahmen der Haftpflichtversicherung, einschlie\u00dflich der Haftpflicht f\u00fcr medizinische Sch\u00e4den, Haftpflicht f\u00fcr durch den Sponsor\/Forscher im Laufe der gef\u00fchrten klinischen Untersuchung verursachten Sch\u00e4den, Haftpflicht der Arbeitgeber f\u00fcr Arbeitsunf\u00e4lle, Veranstalterversicherung, Haftpflicht von\u00a0 Jagdverb\u00e4nden, Produkthaftung und Haftung f\u00fcr Gefahrg\u00fcter, R\u00fcckrufversicherung, Werkhaftung, Dienstleistungshaftung bzw. Haftung f\u00fcr Umweltsch\u00e4den zust\u00e4ndig.<\/p>\n<p><\/div><\/div><\/p>","protected":false},"excerpt":{"rendered":"","protected":false},"author":1,"featured_media":0,"parent":0,"menu_order":0,"comment_status":"open","ping_status":"open","template":"","meta":{"_acf_changed":false,"footnotes":""},"class_list":["post-1956","page","type-page","status-publish","hentry"],"acf":[],"_links":{"self":[{"href":"https:\/\/nemu.com.pl\/de\/wp-json\/wp\/v2\/pages\/1956","targetHints":{"allow":["GET"]}}],"collection":[{"href":"https:\/\/nemu.com.pl\/de\/wp-json\/wp\/v2\/pages"}],"about":[{"href":"https:\/\/nemu.com.pl\/de\/wp-json\/wp\/v2\/types\/page"}],"author":[{"embeddable":true,"href":"https:\/\/nemu.com.pl\/de\/wp-json\/wp\/v2\/users\/1"}],"replies":[{"embeddable":true,"href":"https:\/\/nemu.com.pl\/de\/wp-json\/wp\/v2\/comments?post=1956"}],"version-history":[{"count":3,"href":"https:\/\/nemu.com.pl\/de\/wp-json\/wp\/v2\/pages\/1956\/revisions"}],"predecessor-version":[{"id":1990,"href":"https:\/\/nemu.com.pl\/de\/wp-json\/wp\/v2\/pages\/1956\/revisions\/1990"}],"wp:attachment":[{"href":"https:\/\/nemu.com.pl\/de\/wp-json\/wp\/v2\/media?parent=1956"}],"curies":[{"name":"wp","href":"https:\/\/api.w.org\/{rel}","templated":true}]}}