{"id":1952,"date":"2015-07-27T21:06:36","date_gmt":"2015-07-27T19:06:36","guid":{"rendered":"http:\/\/nemu.com.pl\/?page_id=1952"},"modified":"2015-07-30T13:58:02","modified_gmt":"2015-07-30T11:58:02","slug":"katarzyna-pochec","status":"publish","type":"page","link":"https:\/\/nemu.com.pl\/de\/katarzyna-pochec\/","title":{"rendered":"Katarzyna Poche\u0107"},"content":{"rendered":"<p><div class=\"incontent\" style=\"background-color:#f4f4f4\"><div class=\"center\"><\/p>\n<p><img loading=\"lazy\" decoding=\"async\" class=\"alignleft wp-image-1930 size-full\" src=\"http:\/\/nemu.com.pl\/wp-content\/uploads\/2015\/07\/03_s-e1437466279341.jpg\" alt=\"\" width=\"270\" height=\"270\" \/><\/p>\n<p style=\"text-align: left;\">Leiterin der Abteilung f\u00fcr Schadensabwicklung bei der Gesellschaft Eksperci NEMU. Sie \u00fcberwacht die Abwicklung von Bau- und Elektrosch\u00e4den. Sie hat die Jan-Pawe\u0142-II-Katholische Universit\u00e4t in Lublin absolviert. In 2014 wurde sie in die Liste der Rechtsberater bei der Bezirkskammer der Rechtsberater in Warschau eingetragen.\u00a0 Seit 2009 besch\u00e4ftigt sie sich mit der Abwicklung von Versicherungssch\u00e4den. Seit 2011 arbeitet sie f\u00fcr die Gesellschaft Eksperci NEMU.<\/p>\n<p><\/div><\/div><\/p>","protected":false},"excerpt":{"rendered":"","protected":false},"author":1,"featured_media":0,"parent":0,"menu_order":0,"comment_status":"open","ping_status":"open","template":"","meta":{"_acf_changed":false,"footnotes":""},"class_list":["post-1952","page","type-page","status-publish","hentry"],"acf":[],"_links":{"self":[{"href":"https:\/\/nemu.com.pl\/de\/wp-json\/wp\/v2\/pages\/1952","targetHints":{"allow":["GET"]}}],"collection":[{"href":"https:\/\/nemu.com.pl\/de\/wp-json\/wp\/v2\/pages"}],"about":[{"href":"https:\/\/nemu.com.pl\/de\/wp-json\/wp\/v2\/types\/page"}],"author":[{"embeddable":true,"href":"https:\/\/nemu.com.pl\/de\/wp-json\/wp\/v2\/users\/1"}],"replies":[{"embeddable":true,"href":"https:\/\/nemu.com.pl\/de\/wp-json\/wp\/v2\/comments?post=1952"}],"version-history":[{"count":3,"href":"https:\/\/nemu.com.pl\/de\/wp-json\/wp\/v2\/pages\/1952\/revisions"}],"predecessor-version":[{"id":1988,"href":"https:\/\/nemu.com.pl\/de\/wp-json\/wp\/v2\/pages\/1952\/revisions\/1988"}],"wp:attachment":[{"href":"https:\/\/nemu.com.pl\/de\/wp-json\/wp\/v2\/media?parent=1952"}],"curies":[{"name":"wp","href":"https:\/\/api.w.org\/{rel}","templated":true}]}}