{"id":1950,"date":"2015-07-27T21:05:20","date_gmt":"2015-07-27T19:05:20","guid":{"rendered":"http:\/\/nemu.com.pl\/?page_id=1950"},"modified":"2015-10-26T22:57:57","modified_gmt":"2015-10-26T21:57:57","slug":"michal-rozmyslowicz","status":"publish","type":"page","link":"https:\/\/nemu.com.pl\/de\/michal-rozmyslowicz\/","title":{"rendered":"Micha\u0142 Rozmys\u0142owicz"},"content":{"rendered":"<p><div class=\"incontent\" style=\"background-color:#f4f4f4\"><div class=\"center\"><\/p>\n<p><img loading=\"lazy\" decoding=\"async\" class=\"alignleft wp-image-1930 size-full\" src=\"http:\/\/nemu.com.pl\/wp-content\/uploads\/2015\/05\/01_s-e1437466135637.jpg\" alt=\"\" width=\"270\" height=\"270\" \/><br \/>\nLeiter der Abteilung f\u00fcr Schadensabwicklung bei der Gesellschaft Eksperci NEMU. Absolvent der Wirtschaftsuniversit\u00e4t SGH, Absolvent des Aufbaustudiums f\u00fcr Risikodiagnostik und Abwicklung von Sch\u00e4den in Sach- und Personenversicherungen an der Akademie f\u00fcr Finanzen sowie des Promotionsstudiums im Bereich der Versicherungen an der SGH. Seit 2002 ist er Mitarbeiter der Gesellschaft Eksperci NEMU. Er ist f\u00fcr die Schadensabwicklung beim Bruttogewinn (Business Interruption\u2013BI, MachineryLoss of Profit \u2013 MLoP, Delay in Start Up\u2013 DSU\/ Advanced Loss of Profit \u2013 ALoP), f\u00fcr die Ermittlung der entgangenen Vorteile (im Rahmen der Haftpflichtversicherung), Abwicklung von Sch\u00e4den beim Betriebsverm\u00f6gen sowie Sch\u00e4den aus R\u00fcckrufaktionen (productrecall) zust\u00e4ndig. Seit mehreren Jahren f\u00fchrt er Seminare\/Schulungen\/Workshops f\u00fcr Versicherungsmakler und Versicherungsunternehmen im Bereich der Versicherungen gegen den entgangenen Gewinn.<\/p>\n<p><\/div><\/div><\/p>","protected":false},"excerpt":{"rendered":"<p>Leider ist der Eintrag nur auf Polski verf\u00fcgbar. Der Inhalt wird unten in einer verf\u00fcgbaren Sprache angezeigt. Klicken Sie auf den Link, um die aktuelle Sprache zu \u00e4ndern.<\/p>\n","protected":false},"author":1,"featured_media":0,"parent":0,"menu_order":0,"comment_status":"open","ping_status":"open","template":"","meta":{"_acf_changed":false,"footnotes":""},"class_list":["post-1950","page","type-page","status-publish","hentry"],"acf":[],"_links":{"self":[{"href":"https:\/\/nemu.com.pl\/de\/wp-json\/wp\/v2\/pages\/1950","targetHints":{"allow":["GET"]}}],"collection":[{"href":"https:\/\/nemu.com.pl\/de\/wp-json\/wp\/v2\/pages"}],"about":[{"href":"https:\/\/nemu.com.pl\/de\/wp-json\/wp\/v2\/types\/page"}],"author":[{"embeddable":true,"href":"https:\/\/nemu.com.pl\/de\/wp-json\/wp\/v2\/users\/1"}],"replies":[{"embeddable":true,"href":"https:\/\/nemu.com.pl\/de\/wp-json\/wp\/v2\/comments?post=1950"}],"version-history":[{"count":10,"href":"https:\/\/nemu.com.pl\/de\/wp-json\/wp\/v2\/pages\/1950\/revisions"}],"predecessor-version":[{"id":2032,"href":"https:\/\/nemu.com.pl\/de\/wp-json\/wp\/v2\/pages\/1950\/revisions\/2032"}],"wp:attachment":[{"href":"https:\/\/nemu.com.pl\/de\/wp-json\/wp\/v2\/media?parent=1950"}],"curies":[{"name":"wp","href":"https:\/\/api.w.org\/{rel}","templated":true}]}}