{"id":1942,"date":"2015-07-26T20:19:30","date_gmt":"2015-07-26T18:19:30","guid":{"rendered":"http:\/\/nemu.com.pl\/?page_id=1942"},"modified":"2015-07-30T13:51:23","modified_gmt":"2015-07-30T11:51:23","slug":"marcin-kapuscinski","status":"publish","type":"page","link":"https:\/\/nemu.com.pl\/de\/marcin-kapuscinski\/","title":{"rendered":"Marcin Kapu\u015bci\u0144ski"},"content":{"rendered":"<p><div class=\"incontent\" style=\"background-color:#f4f4f4\"><div class=\"center\"><\/p>\n<p><img loading=\"lazy\" decoding=\"async\" class=\"alignleft wp-image-1930 size-full\" src=\"http:\/\/nemu.com.pl\/wp-content\/uploads\/2015\/05\/06_s-e1437465760916.jpg\" alt=\"\" width=\"270\" height=\"270\" srcset=\"https:\/\/nemu.com.pl\/wp-content\/uploads\/2015\/05\/06_s-e1437465760916.jpg 270w, https:\/\/nemu.com.pl\/wp-content\/uploads\/2015\/05\/06_s-e1437465760916-150x150.jpg 150w\" sizes=\"auto, (max-width: 270px) 100vw, 270px\" \/><\/p>\n<p>Leitender Gesch\u00e4ftsf\u00fchrer. Seit 1996 Mitgr\u00fcnder und Gesch\u00e4ftsf\u00fchrer der Firma NEM SA, seit 2000 Inhaber, leitender Gesch\u00e4ftsf\u00fchrer der Firma Eksperci NEMU Sp. z o.o. Absolvent der Universit\u00e4t Warschau, Studienabschluss in Versicherungen an der WSUiB.\u00a0 Der erste Kontakt mit der Versicherungswirtschaft in der Firma KBU Protektor SA in 1993, dann im B\u00fcro f\u00fcr Studien und Expertisen der Kanzlei des Parlaments der Republik Polen und in Finanzinstituten. Erfahrung in der Abwicklung von Versicherungssch\u00e4den f\u00fcr polnische und ausl\u00e4ndische Versicherungsfirmen auf Basis von etwa 20 000 unterschiedlichen Versicherungsf\u00e4llen, Anspr\u00fcchen usw. Davon Sch\u00e4den in der Energiewirtschaft, H\u00fctten- und Lebensmittelindustrie. Er besch\u00e4ftigte sich mit Anspr\u00fcchen im Rahmen der Haftpflichtversicherung und Sch\u00e4den infolge von Produktr\u00fcckrufen.\u00a0 Spektakul\u00e4re Sch\u00e4den waren: die MTK Halle, Eisenbahnungl\u00fccke, davon in Bia\u0142ystok, Szczekociny, Bohranlagen und Kompressionsstationen, Brand im Einkaufszentrum in Zabrze, Flugzeugindustrie, BI und viele anderen.<\/p>\n<p><\/div><\/div><\/p>","protected":false},"excerpt":{"rendered":"","protected":false},"author":1,"featured_media":0,"parent":0,"menu_order":0,"comment_status":"open","ping_status":"open","template":"","meta":{"_acf_changed":false,"footnotes":""},"class_list":["post-1942","page","type-page","status-publish","hentry"],"acf":[],"_links":{"self":[{"href":"https:\/\/nemu.com.pl\/de\/wp-json\/wp\/v2\/pages\/1942","targetHints":{"allow":["GET"]}}],"collection":[{"href":"https:\/\/nemu.com.pl\/de\/wp-json\/wp\/v2\/pages"}],"about":[{"href":"https:\/\/nemu.com.pl\/de\/wp-json\/wp\/v2\/types\/page"}],"author":[{"embeddable":true,"href":"https:\/\/nemu.com.pl\/de\/wp-json\/wp\/v2\/users\/1"}],"replies":[{"embeddable":true,"href":"https:\/\/nemu.com.pl\/de\/wp-json\/wp\/v2\/comments?post=1942"}],"version-history":[{"count":17,"href":"https:\/\/nemu.com.pl\/de\/wp-json\/wp\/v2\/pages\/1942\/revisions"}],"predecessor-version":[{"id":1976,"href":"https:\/\/nemu.com.pl\/de\/wp-json\/wp\/v2\/pages\/1942\/revisions\/1976"}],"wp:attachment":[{"href":"https:\/\/nemu.com.pl\/de\/wp-json\/wp\/v2\/media?parent=1942"}],"curies":[{"name":"wp","href":"https:\/\/api.w.org\/{rel}","templated":true}]}}