{"id":1529,"date":"2015-05-29T12:11:07","date_gmt":"2015-05-29T10:11:07","guid":{"rendered":"http:\/\/nemu.com.pl\/?page_id=1529"},"modified":"2015-05-29T12:13:52","modified_gmt":"2015-05-29T10:13:52","slug":"niebezpieczne-zjawiska-atmosferyczne-2","status":"publish","type":"page","link":"https:\/\/nemu.com.pl\/de\/szkody\/niebezpieczne-zjawiska-atmosferyczne-2\/","title":{"rendered":"Gef\u00e4hrliche Atmosph\u00e4riche Erscheinungen"},"content":{"rendered":"<p>Gef\u00e4hrliche Atmosph\u00e4riche Erscheinungen<\/p>","protected":false},"excerpt":{"rendered":"<p>Gef\u00e4hrliche Atmosph\u00e4riche Erscheinungen<\/p>\n","protected":false},"author":1,"featured_media":1544,"parent":9,"menu_order":0,"comment_status":"open","ping_status":"open","template":"","meta":{"_acf_changed":false,"footnotes":""},"class_list":["post-1529","page","type-page","status-publish","has-post-thumbnail","hentry"],"acf":[],"_links":{"self":[{"href":"https:\/\/nemu.com.pl\/de\/wp-json\/wp\/v2\/pages\/1529","targetHints":{"allow":["GET"]}}],"collection":[{"href":"https:\/\/nemu.com.pl\/de\/wp-json\/wp\/v2\/pages"}],"about":[{"href":"https:\/\/nemu.com.pl\/de\/wp-json\/wp\/v2\/types\/page"}],"author":[{"embeddable":true,"href":"https:\/\/nemu.com.pl\/de\/wp-json\/wp\/v2\/users\/1"}],"replies":[{"embeddable":true,"href":"https:\/\/nemu.com.pl\/de\/wp-json\/wp\/v2\/comments?post=1529"}],"version-history":[{"count":1,"href":"https:\/\/nemu.com.pl\/de\/wp-json\/wp\/v2\/pages\/1529\/revisions"}],"predecessor-version":[{"id":1559,"href":"https:\/\/nemu.com.pl\/de\/wp-json\/wp\/v2\/pages\/1529\/revisions\/1559"}],"up":[{"embeddable":true,"href":"https:\/\/nemu.com.pl\/de\/wp-json\/wp\/v2\/pages\/9"}],"wp:featuredmedia":[{"embeddable":true,"href":"https:\/\/nemu.com.pl\/de\/wp-json\/wp\/v2\/media\/1544"}],"wp:attachment":[{"href":"https:\/\/nemu.com.pl\/de\/wp-json\/wp\/v2\/media?parent=1529"}],"curies":[{"name":"wp","href":"https:\/\/api.w.org\/{rel}","templated":true}]}}