{"id":13,"date":"2015-05-20T08:52:37","date_gmt":"2015-05-20T06:52:37","guid":{"rendered":"http:\/\/nemu.com.pl\/?page_id=13"},"modified":"2015-05-27T11:29:02","modified_gmt":"2015-05-27T09:29:02","slug":"case-studies","status":"publish","type":"page","link":"https:\/\/nemu.com.pl\/de\/case-studies\/","title":{"rendered":"Case studies"},"content":{"rendered":"<p><\/p>\n<div class=\"incontent\" style=\"background-color:#f4f4f4\"><div class=\"center\"><div class=\"cols cols2 overflow content main-box\">\t\t\t\n\t\t\t<div class=\"col\">\n\t\t\t\t\t\t\t\t<a href=\"https:\/\/nemu.com.pl\/de\/case-studies\/zawalenie-sie-konstrukcji-wiaduktu\/\">\n\t\t\t\t\n\t\t\t\t<img loading=\"lazy\" decoding=\"async\" width=\"600\" height=\"315\" src=\"https:\/\/nemu.com.pl\/wp-content\/uploads\/2015\/05\/P8132240-600x315.jpg\" class=\"attachment-news-thumb size-news-thumb wp-post-image\" alt=\"\" \/>\t\t\t\t\t\n\t\t\t\t<span class=\"line\"><\/span>\n\n\t\t\t\t<h2>Einsturz einer Br\u00fcckenkonstruktion<\/h2>\n\t\t\t\t<p>\n\t\t\t\t\t\t\n\t\t\t\t<\/p>\n\t\t\t\t<\/a>\n\t\t\t<\/div>\n\t\t\t\t\n\t\t\t<div class=\"col\">\n\t\t\t\t\t\t\t\t<a href=\"https:\/\/nemu.com.pl\/de\/case-studies\/wykolejenie-pociagu-na-skutek-wyboczenia-torow\/\">\n\t\t\t\t\n\t\t\t\t<img loading=\"lazy\" decoding=\"async\" width=\"600\" height=\"315\" src=\"https:\/\/nemu.com.pl\/wp-content\/uploads\/2015\/05\/S5001795-600x315.jpg\" class=\"attachment-news-thumb size-news-thumb wp-post-image\" alt=\"\" \/>\t\t\t\t\t\n\t\t\t\t<span class=\"line\"><\/span>\n\n\t\t\t\t<h2>Eine Bahn Entgleisung infolge einer Knickungvon Bahngleisen<\/h2>\n\t\t\t\t<p>\n\t\t\t\t\t\t\n\t\t\t\t<\/p>\n\t\t\t\t<\/a>\n\t\t\t<\/div>\n\t\t\t\t\n\t\t\t<div class=\"col\">\n\t\t\t\t\t\t\t\t<a href=\"https:\/\/nemu.com.pl\/de\/case-studies\/uszkodzenie-negatywu-filmu-reklamowego\/\">\n\t\t\t\t\n\t\t\t\t<img loading=\"lazy\" decoding=\"async\" width=\"600\" height=\"315\" src=\"https:\/\/nemu.com.pl\/wp-content\/uploads\/2015\/05\/P3170010-600x315.jpg\" class=\"attachment-news-thumb size-news-thumb wp-post-image\" alt=\"\" \/>\t\t\t\t\t\n\t\t\t\t<span class=\"line\"><\/span>\n\n\t\t\t\t<h2>Besch\u00e4digung des Negativs eines Werbefilms<\/h2>\n\t\t\t\t<p>\n\t\t\t\t\t\t\n\t\t\t\t<\/p>\n\t\t\t\t<\/a>\n\t\t\t<\/div>\n\t\t\t\t\n\t\t\t<div class=\"col\">\n\t\t\t\t\t\t\t\t<a href=\"https:\/\/nemu.com.pl\/de\/case-studies\/upadek-dzwigu-budowlanego\/\">\n\t\t\t\t\n\t\t\t\t<img loading=\"lazy\" decoding=\"async\" width=\"600\" height=\"315\" src=\"https:\/\/nemu.com.pl\/wp-content\/uploads\/2015\/05\/\u017cur1-600x315.jpg\" class=\"attachment-news-thumb size-news-thumb wp-post-image\" alt=\"\" \/>\t\t\t\t\t\n\t\t\t\t<span class=\"line\"><\/span>\n\n\t\t\t\t<h2>Sturz eines Baukrans<\/h2>\n\t\t\t\t<p>\n\t\t\t\t\t\t\n\t\t\t\t<\/p>\n\t\t\t\t<\/a>\n\t\t\t<\/div>\n\t\t\t\t\n\t\t\t<div class=\"col\">\n\t\t\t\t\t\t\t\t<a href=\"https:\/\/nemu.com.pl\/de\/case-studies\/szkoda-z-oc-przewoznika-w-ruchu-miedzynarodowym\/\">\n\t\t\t\t\n\t\t\t\t<img loading=\"lazy\" decoding=\"async\" width=\"600\" height=\"315\" src=\"https:\/\/nemu.com.pl\/wp-content\/uploads\/2015\/05\/P9230014-600x315.jpg\" class=\"attachment-news-thumb size-news-thumb wp-post-image\" alt=\"\" \/>\t\t\t\t\t\n\t\t\t\t<span class=\"line\"><\/span>\n\n\t\t\t\t<h2>Schaden in einem internationalen Verkehr aus der Haftpflicht des Fahrunternehmens<\/h2>\n\t\t\t\t<p>\n\t\t\t\t\t\t\n\t\t\t\t<\/p>\n\t\t\t\t<\/a>\n\t\t\t<\/div>\n\t\t\t\t\n\t\t\t<div class=\"col\">\n\t\t\t\t\t\t\t\t<a href=\"https:\/\/nemu.com.pl\/de\/case-studies\/szkoda-w-zysku-brutto-w-elektrowni-wiatrowej\/\">\n\t\t\t\t\n\t\t\t\t<img loading=\"lazy\" decoding=\"async\" width=\"600\" height=\"315\" src=\"https:\/\/nemu.com.pl\/wp-content\/uploads\/2015\/05\/Kopia-wiatraki-600x315.bmp\" class=\"attachment-news-thumb size-news-thumb wp-post-image\" alt=\"\" \/>\t\t\t\t\t\n\t\t\t\t<span class=\"line\"><\/span>\n\n\t\t\t\t<h2>Schaden im Bruttogewinn in einem Windkraftwerk<\/h2>\n\t\t\t\t<p>\n\t\t\t\t\t\t\n\t\t\t\t<\/p>\n\t\t\t\t<\/a>\n\t\t\t<\/div>\n\t\t\t\t\n\t\t\t<div class=\"col\">\n\t\t\t\t\t\t\t\t<a href=\"https:\/\/nemu.com.pl\/de\/case-studies\/uszkodzenie-w-robotach-kontraktowych-przy-budowie-autostrady\/\">\n\t\t\t\t\n\t\t\t\t<img loading=\"lazy\" decoding=\"async\" width=\"600\" height=\"315\" src=\"https:\/\/nemu.com.pl\/wp-content\/uploads\/2015\/05\/Obraz-021-600x315.jpg\" class=\"attachment-news-thumb size-news-thumb wp-post-image\" alt=\"\" \/>\t\t\t\t\t\n\t\t\t\t<span class=\"line\"><\/span>\n\n\t\t\t\t<h2>Besch\u00e4digungen in Kontraktbauarbeiten w\u00e4hrend eines Autobahnbaus<\/h2>\n\t\t\t\t<p>\n\t\t\t\t\t\t\n\t\t\t\t<\/p>\n\t\t\t\t<\/a>\n\t\t\t<\/div>\n\t\t\t\t\n\t\t\t<div class=\"col\">\n\t\t\t\t\t\t\t\t<a href=\"https:\/\/nemu.com.pl\/de\/case-studies\/pozar-ciezarowek-przewozacych-napoje\/\">\n\t\t\t\t\n\t\t\t\t<img loading=\"lazy\" decoding=\"async\" width=\"600\" height=\"315\" src=\"https:\/\/nemu.com.pl\/wp-content\/uploads\/2015\/05\/ci\u0119\u017car\u00f3wki4-600x315.jpg\" class=\"attachment-news-thumb size-news-thumb wp-post-image\" alt=\"\" \/>\t\t\t\t\t\n\t\t\t\t<span class=\"line\"><\/span>\n\n\t\t\t\t<h2>Brand von LKWs, die Getr\u00e4nke transportiert haben<\/h2>\n\t\t\t\t<p>\n\t\t\t\t\t\t\n\t\t\t\t<\/p>\n\t\t\t\t<\/a>\n\t\t\t<\/div>\n\t\t\t\t\n\t\t\t<div class=\"col\">\n\t\t\t\t\t\t\t\t<a href=\"https:\/\/nemu.com.pl\/de\/case-studies\/pogiete-swiece-w-filtrze-do-filtracji-piwa\/\">\n\t\t\t\t\n\t\t\t\t<img loading=\"lazy\" decoding=\"async\" width=\"600\" height=\"315\" src=\"https:\/\/nemu.com.pl\/wp-content\/uploads\/2015\/05\/P1010005-600x315.jpg\" class=\"attachment-news-thumb size-news-thumb wp-post-image\" alt=\"\" \/>\t\t\t\t\t\n\t\t\t\t<span class=\"line\"><\/span>\n\n\t\t\t\t<h2>Gekr\u00fcmmte Kerzen im Bierfilter<\/h2>\n\t\t\t\t<p>\n\t\t\t\t\t\t\n\t\t\t\t<\/p>\n\t\t\t\t<\/a>\n\t\t\t<\/div>\n\t\t\t\t\n\t\t\t<div class=\"col\">\n\t\t\t\t\t\t\t\t<a href=\"https:\/\/nemu.com.pl\/de\/case-studies\/krytyczna-wada-butelek\/\">\n\t\t\t\t\n\t\t\t\t<img loading=\"lazy\" decoding=\"async\" width=\"600\" height=\"315\" src=\"https:\/\/nemu.com.pl\/wp-content\/uploads\/2015\/05\/Kopia-P3313953-600x315.jpg\" class=\"attachment-news-thumb size-news-thumb wp-post-image\" alt=\"\" \/>\t\t\t\t\t\n\t\t\t\t<span class=\"line\"><\/span>\n\n\t\t\t\t<h2>Kritisches Flaschendefekt<\/h2>\n\t\t\t\t<p>\n\t\t\t\t\t\t\n\t\t\t\t<\/p>\n\t\t\t\t<\/a>\n\t\t\t<\/div>\n\t\t\t\t\n\t\t\t<div class=\"col\">\n\t\t\t\t\t\t\t\t<a href=\"https:\/\/nemu.com.pl\/de\/case-studies\/katastrofa-lotnicza\/\">\n\t\t\t\t\n\t\t\t\t<img loading=\"lazy\" decoding=\"async\" width=\"600\" height=\"315\" src=\"https:\/\/nemu.com.pl\/wp-content\/uploads\/2015\/05\/P7050001-600x315.jpg\" class=\"attachment-news-thumb size-news-thumb wp-post-image\" alt=\"\" \/>\t\t\t\t\t\n\t\t\t\t<span class=\"line\"><\/span>\n\n\t\t\t\t<h2>Flugzeugabsturz<\/h2>\n\t\t\t\t<p>\n\t\t\t\t\t\t\n\t\t\t\t<\/p>\n\t\t\t\t<\/a>\n\t\t\t<\/div>\n\t\t\t\t\n\t\t\t<div class=\"col\">\n\t\t\t\t\t\t\t\t<a href=\"https:\/\/nemu.com.pl\/de\/case-studies\/awaria-turbozespolu-energetycznego\/\">\n\t\t\t\t\n\t\t\t\t<img loading=\"lazy\" decoding=\"async\" width=\"600\" height=\"315\" src=\"https:\/\/nemu.com.pl\/wp-content\/uploads\/2015\/05\/turbina7-600x315.jpg\" class=\"attachment-news-thumb size-news-thumb wp-post-image\" alt=\"\" \/>\t\t\t\t\t\n\t\t\t\t<span class=\"line\"><\/span>\n\n\t\t\t\t<h2>Ausfall des Energie Turbosatzes<\/h2>\n\t\t\t\t<p>\n\t\t\t\t\t\t\n\t\t\t\t<\/p>\n\t\t\t\t<\/a>\n\t\t\t<\/div>\n\t\t\t\t\n\t\t\t<div class=\"col\">\n\t\t\t\t\t\t\t\t<a href=\"https:\/\/nemu.com.pl\/de\/case-studies\/sruby-jako-zrodlo-awarii-elektrowni-wiatrowej\/\">\n\t\t\t\t\n\t\t\t\t<img loading=\"lazy\" decoding=\"async\" width=\"600\" height=\"315\" src=\"https:\/\/nemu.com.pl\/wp-content\/uploads\/2015\/05\/219-600x315.jpg\" class=\"attachment-news-thumb size-news-thumb wp-post-image\" alt=\"\" \/>\t\t\t\t\t\n\t\t\t\t<span class=\"line\"><\/span>\n\n\t\t\t\t<h2>Schrauben als Ursache einer St\u00f6rung der Windkraftanlage<\/h2>\n\t\t\t\t<p>\n\t\t\t\t\t\t\n\t\t\t\t<\/p>\n\t\t\t\t<\/a>\n\t\t\t<\/div>\n\t\t\t\t\n\t\t\t<div class=\"col\">\n\t\t\t\t\t\t\t\t<a href=\"https:\/\/nemu.com.pl\/de\/case-studies\/przemysl-stoczniowy-niesprawne-mechanizmy-maszyny-sterowej\/\">\n\t\t\t\t\n\t\t\t\t<img loading=\"lazy\" decoding=\"async\" width=\"600\" height=\"315\" src=\"https:\/\/nemu.com.pl\/wp-content\/uploads\/2015\/05\/218-600x315.jpg\" class=\"attachment-news-thumb size-news-thumb wp-post-image\" alt=\"\" \/>\t\t\t\t\t\n\t\t\t\t<span class=\"line\"><\/span>\n\n\t\t\t\t<h2>Werftindustrie \u2013 defekte Mechanismen der Rudermaschine<\/h2>\n\t\t\t\t<p>\n\t\t\t\t\t\t\n\t\t\t\t<\/p>\n\t\t\t\t<\/a>\n\t\t\t<\/div>\n\t\t\t\t\n\t\t\t<div class=\"col\">\n\t\t\t\t\t\t\t\t<a href=\"https:\/\/nemu.com.pl\/de\/case-studies\/produkcja-odziezy\/\">\n\t\t\t\t\n\t\t\t\t<img loading=\"lazy\" decoding=\"async\" width=\"600\" height=\"315\" src=\"https:\/\/nemu.com.pl\/wp-content\/uploads\/2015\/05\/217-600x315.jpg\" class=\"attachment-news-thumb size-news-thumb wp-post-image\" alt=\"\" \/>\t\t\t\t\t\n\t\t\t\t<span class=\"line\"><\/span>\n\n\t\t\t\t<h2>Kleidungsproduktion<\/h2>\n\t\t\t\t<p>\n\t\t\t\t\t\t\n\t\t\t\t<\/p>\n\t\t\t\t<\/a>\n\t\t\t<\/div>\n\t\t\t\t\n\t\t\t<div class=\"col\">\n\t\t\t\t\t\t\t\t<a href=\"https:\/\/nemu.com.pl\/de\/case-studies\/meble-z-odpryskami-lakieru-niedostateczne-utwardzenie-lakieru\/\">\n\t\t\t\t\n\t\t\t\t<img loading=\"lazy\" decoding=\"async\" width=\"600\" height=\"315\" src=\"https:\/\/nemu.com.pl\/wp-content\/uploads\/2015\/05\/216-600x315.jpg\" class=\"attachment-news-thumb size-news-thumb wp-post-image\" alt=\"\" \/>\t\t\t\t\t\n\t\t\t\t<span class=\"line\"><\/span>\n\n\t\t\t\t<h2>M\u00f6bel mit Farbabsplitterung<\/h2>\n\t\t\t\t<p>\n\t\t\t\t\t\t\n\t\t\t\t<\/p>\n\t\t\t\t<\/a>\n\t\t\t<\/div>\n\t\t\t\t\n\t\t\t<div class=\"col\">\n\t\t\t\t\t\t\t\t<a href=\"https:\/\/nemu.com.pl\/de\/case-studies\/ciezkie-maszyny-budowlane\/\">\n\t\t\t\t\n\t\t\t\t<img loading=\"lazy\" decoding=\"async\" width=\"600\" height=\"315\" src=\"https:\/\/nemu.com.pl\/wp-content\/uploads\/2015\/05\/122-600x315.jpg\" class=\"attachment-news-thumb size-news-thumb wp-post-image\" alt=\"\" \/>\t\t\t\t\t\n\t\t\t\t<span class=\"line\"><\/span>\n\n\t\t\t\t<h2>Schwere Arbeitsmaschinen<\/h2>\n\t\t\t\t<p>\n\t\t\t\t\t\t\n\t\t\t\t<\/p>\n\t\t\t\t<\/a>\n\t\t\t<\/div>\n\t\t\t\t\n\t\t\t<div class=\"col\">\n\t\t\t\t\t\t\t\t<a href=\"https:\/\/nemu.com.pl\/de\/case-studies\/skutek-bledu-ludzkiego\/\">\n\t\t\t\t\n\t\t\t\t<img loading=\"lazy\" decoding=\"async\" width=\"600\" height=\"315\" src=\"https:\/\/nemu.com.pl\/wp-content\/uploads\/2015\/05\/121-600x315.jpg\" class=\"attachment-news-thumb size-news-thumb wp-post-image\" alt=\"\" \/>\t\t\t\t\t\n\t\t\t\t<span class=\"line\"><\/span>\n\n\t\t\t\t<h2>Folge eines menschlichen Fehlers<\/h2>\n\t\t\t\t<p>\n\t\t\t\t\t\t\n\t\t\t\t<\/p>\n\t\t\t\t<\/a>\n\t\t\t<\/div>\n\t\t\t\t\n\t\t\t<div class=\"col\">\n\t\t\t\t\t\t\t\t<a href=\"https:\/\/nemu.com.pl\/de\/case-studies\/niewlasciwy-montaz-sauny-finskiej-skutkiem-pozaru\/\">\n\t\t\t\t\n\t\t\t\t<img loading=\"lazy\" decoding=\"async\" width=\"600\" height=\"315\" src=\"https:\/\/nemu.com.pl\/wp-content\/uploads\/2015\/05\/43-600x315.jpg\" class=\"attachment-news-thumb size-news-thumb wp-post-image\" alt=\"\" \/>\t\t\t\t\t\n\t\t\t\t<span class=\"line\"><\/span>\n\n\t\t\t\t<h2>Nicht fachgerechte Montage einer finnischen Sauna als Ursache eines Brandes<\/h2>\n\t\t\t\t<p>\n\t\t\t\t\t\t\n\t\t\t\t<\/p>\n\t\t\t\t<\/a>\n\t\t\t<\/div>\n\t\t\t\t\n\t\t\t<div class=\"col\">\n\t\t\t\t\t\t\t\t<a href=\"https:\/\/nemu.com.pl\/de\/case-studies\/pozar-w-rozdzielni-niskich-napiec\/\">\n\t\t\t\t\n\t\t\t\t<img loading=\"lazy\" decoding=\"async\" width=\"600\" height=\"315\" src=\"https:\/\/nemu.com.pl\/wp-content\/uploads\/2015\/05\/215-600x315.jpg\" class=\"attachment-news-thumb size-news-thumb wp-post-image\" alt=\"\" \/>\t\t\t\t\t\n\t\t\t\t<span class=\"line\"><\/span>\n\n\t\t\t\t<h2>Brand in einer Niederspannungsschaltanlage<\/h2>\n\t\t\t\t<p>\n\t\t\t\t\t\t\n\t\t\t\t<\/p>\n\t\t\t\t<\/a>\n\t\t\t<\/div>\n\t\t\t\t\n\t\t\t<div class=\"col\">\n\t\t\t\t\t\t\t\t<a href=\"https:\/\/nemu.com.pl\/de\/case-studies\/ustalenie-przyczyny-pozaru-w-zakladzie-produkujacym-srodki-piorace\/\">\n\t\t\t\t\n\t\t\t\t<img loading=\"lazy\" decoding=\"async\" width=\"600\" height=\"315\" src=\"https:\/\/nemu.com.pl\/wp-content\/uploads\/2015\/05\/120-600x315.jpg\" class=\"attachment-news-thumb size-news-thumb wp-post-image\" alt=\"\" \/>\t\t\t\t\t\n\t\t\t\t<span class=\"line\"><\/span>\n\n\t\t\t\t<h2>Ermittlung der Brandursache in einer Waschmittelfabrik<\/h2>\n\t\t\t\t<p>\n\t\t\t\t\t\t\n\t\t\t\t<\/p>\n\t\t\t\t<\/a>\n\t\t\t<\/div>\n\t\t\t\t\n\t\t\t<div class=\"col\">\n\t\t\t\t\t\t\t\t<a href=\"https:\/\/nemu.com.pl\/de\/case-studies\/zwarcie-elektryczne-przyczyna-gigantycznego-pozaru\/\">\n\t\t\t\t\n\t\t\t\t<img loading=\"lazy\" decoding=\"async\" width=\"600\" height=\"315\" src=\"https:\/\/nemu.com.pl\/wp-content\/uploads\/2015\/05\/81-600x315.jpg\" class=\"attachment-news-thumb size-news-thumb wp-post-image\" alt=\"\" \/>\t\t\t\t\t\n\t\t\t\t<span class=\"line\"><\/span>\n\n\t\t\t\t<h2>Kurzschluss als Ursache f\u00fcr einen riesigen Brand<\/h2>\n\t\t\t\t<p>\n\t\t\t\t\t\t\n\t\t\t\t<\/p>\n\t\t\t\t<\/a>\n\t\t\t<\/div>\n\t\t\t\t\n\t\t\t<div class=\"col\">\n\t\t\t\t\t\t\t\t<a href=\"https:\/\/nemu.com.pl\/de\/case-studies\/ogien-w-fabryce-sprezyn\/\">\n\t\t\t\t\n\t\t\t\t<img loading=\"lazy\" decoding=\"async\" width=\"600\" height=\"315\" src=\"https:\/\/nemu.com.pl\/wp-content\/uploads\/2015\/05\/42-600x315.jpg\" class=\"attachment-news-thumb size-news-thumb wp-post-image\" alt=\"\" \/>\t\t\t\t\t\n\t\t\t\t<span class=\"line\"><\/span>\n\n\t\t\t\t<h2>Brand in einer Federfabrik<\/h2>\n\t\t\t\t<p>\n\t\t\t\t\t\t\n\t\t\t\t<\/p>\n\t\t\t\t<\/a>\n\t\t\t<\/div>\n\t\t\t\t\n\t\t\t<div class=\"col\">\n\t\t\t\t\t\t\t\t<a href=\"https:\/\/nemu.com.pl\/de\/case-studies\/ustalenie-odpowiedzialnosci-za-powstanie-pozaru-w-hucie-szkla\/\">\n\t\t\t\t\n\t\t\t\t<img loading=\"lazy\" decoding=\"async\" width=\"600\" height=\"315\" src=\"https:\/\/nemu.com.pl\/wp-content\/uploads\/2015\/05\/214-600x315.jpg\" class=\"attachment-news-thumb size-news-thumb wp-post-image\" alt=\"\" \/>\t\t\t\t\t\n\t\t\t\t<span class=\"line\"><\/span>\n\n\t\t\t\t<h2>Ermittlung der Verantwortlichkeit f\u00fcr den Brandschaden in einer Glash\u00fctte<\/h2>\n\t\t\t\t<p>\n\t\t\t\t\t\t\n\t\t\t\t<\/p>\n\t\t\t\t<\/a>\n\t\t\t<\/div>\n\t\t\t\t\n\t\t\t<div class=\"col\">\n\t\t\t\t\t\t\t\t<a href=\"https:\/\/nemu.com.pl\/de\/case-studies\/rozszczelnienie-przewodu-skutkiem-wybuchu-pozaru\/\">\n\t\t\t\t\n\t\t\t\t<img loading=\"lazy\" decoding=\"async\" width=\"600\" height=\"315\" src=\"https:\/\/nemu.com.pl\/wp-content\/uploads\/2015\/05\/34-600x315.jpg\" class=\"attachment-news-thumb size-news-thumb wp-post-image\" alt=\"\" \/>\t\t\t\t\t\n\t\t\t\t<span class=\"line\"><\/span>\n\n\t\t\t\t<h2>Undichtigkeit einer Leitung als Brandursache<\/h2>\n\t\t\t\t<p>\n\t\t\t\t\t\t\n\t\t\t\t<\/p>\n\t\t\t\t<\/a>\n\t\t\t<\/div>\n\t\t\t\t\n\t\t\t<div class=\"col\">\n\t\t\t\t\t\t\t\t<a href=\"https:\/\/nemu.com.pl\/de\/case-studies\/wybuch-pozaru-w-hipermarkecie\/\">\n\t\t\t\t\n\t\t\t\t<img loading=\"lazy\" decoding=\"async\" width=\"600\" height=\"315\" src=\"https:\/\/nemu.com.pl\/wp-content\/uploads\/2015\/05\/119-600x315.jpg\" class=\"attachment-news-thumb size-news-thumb wp-post-image\" alt=\"\" \/>\t\t\t\t\t\n\t\t\t\t<span class=\"line\"><\/span>\n\n\t\t\t\t<h2>Brandausbruch in einem Gro\u00dfladen<\/h2>\n\t\t\t\t<p>\n\t\t\t\t\t\t\n\t\t\t\t<\/p>\n\t\t\t\t<\/a>\n\t\t\t<\/div>\n\t\t\t\t\n\t\t\t<div class=\"col\">\n\t\t\t\t\t\t\t\t<a href=\"https:\/\/nemu.com.pl\/de\/case-studies\/pozar-w-zakladzie-produkujacym-pasze-dla-zwierzat\/\">\n\t\t\t\t\n\t\t\t\t<img loading=\"lazy\" decoding=\"async\" width=\"600\" height=\"315\" src=\"https:\/\/nemu.com.pl\/wp-content\/uploads\/2015\/05\/52-600x315.jpg\" class=\"attachment-news-thumb size-news-thumb wp-post-image\" alt=\"\" \/>\t\t\t\t\t\n\t\t\t\t<span class=\"line\"><\/span>\n\n\t\t\t\t<h2>Brand in einem Tierfutter Produktionsbetrieb<\/h2>\n\t\t\t\t<p>\n\t\t\t\t\t\t\n\t\t\t\t<\/p>\n\t\t\t\t<\/a>\n\t\t\t<\/div>\n\t\t\t\t\n\t\t\t<div class=\"col\">\n\t\t\t\t\t\t\t\t<a href=\"https:\/\/nemu.com.pl\/de\/case-studies\/przypadek-3\/\">\n\t\t\t\t\n\t\t\t\t<img loading=\"lazy\" decoding=\"async\" width=\"600\" height=\"315\" src=\"https:\/\/nemu.com.pl\/wp-content\/uploads\/2015\/05\/33-600x315.jpg\" class=\"attachment-news-thumb size-news-thumb wp-post-image\" alt=\"\" \/>\t\t\t\t\t\n\t\t\t\t<span class=\"line\"><\/span>\n\n\t\t\t\t<h2>Brand in einem Lebensmittelladen<\/h2>\n\t\t\t\t<p>\n\t\t\t\t\t\t\n\t\t\t\t<\/p>\n\t\t\t\t<\/a>\n\t\t\t<\/div>\n\t\t\t\t\n\t\t\t<div class=\"col\">\n\t\t\t\t\t\t\t\t<a href=\"https:\/\/nemu.com.pl\/de\/case-studies\/ustalenie-przyczyny-pozaru-w-zakladzie-lakierniczym\/\">\n\t\t\t\t\n\t\t\t\t<img loading=\"lazy\" decoding=\"async\" width=\"600\" height=\"315\" src=\"https:\/\/nemu.com.pl\/wp-content\/uploads\/2015\/05\/71-600x315.jpg\" class=\"attachment-news-thumb size-news-thumb wp-post-image\" alt=\"\" \/>\t\t\t\t\t\n\t\t\t\t<span class=\"line\"><\/span>\n\n\t\t\t\t<h2>Ermittlung der Brandursache in einer Lackiererei<\/h2>\n\t\t\t\t<p>\n\t\t\t\t\t\t\n\t\t\t\t<\/p>\n\t\t\t\t<\/a>\n\t\t\t<\/div>\n\t\t\t\t\n\t\t\t<div class=\"col\">\n\t\t\t\t\t\t\t\t<a href=\"https:\/\/nemu.com.pl\/de\/case-studies\/przypadek-1\/\">\n\t\t\t\t\n\t\t\t\t<img loading=\"lazy\" decoding=\"async\" width=\"600\" height=\"315\" src=\"https:\/\/nemu.com.pl\/wp-content\/uploads\/2015\/05\/118-600x315.jpg\" class=\"attachment-news-thumb size-news-thumb wp-post-image\" alt=\"\" \/>\t\t\t\t\t\n\t\t\t\t<span class=\"line\"><\/span>\n\n\t\t\t\t<h2>Konsequenzen der Nichtbeachtung der Arbeitsschutz- und Brandschutzvorschriften<\/h2>\n\t\t\t\t<p>\n\t\t\t\t\t\t\n\t\t\t\t<\/p>\n\t\t\t\t<\/a>\n\t\t\t<\/div>\n\t\t\t\n\t\t<\/div>\n\n<\/div><\/div>\n<p>&nbsp;<\/p>\n<p>&nbsp;<\/p>\n<p><\/p>","protected":false},"excerpt":{"rendered":"<p>&nbsp; &nbsp;<\/p>\n","protected":false},"author":1,"featured_media":0,"parent":0,"menu_order":0,"comment_status":"open","ping_status":"open","template":"","meta":{"_acf_changed":false,"footnotes":""},"class_list":["post-13","page","type-page","status-publish","hentry","has-post-thumbnail"],"acf":[],"_links":{"self":[{"href":"https:\/\/nemu.com.pl\/de\/wp-json\/wp\/v2\/pages\/13","targetHints":{"allow":["GET"]}}],"collection":[{"href":"https:\/\/nemu.com.pl\/de\/wp-json\/wp\/v2\/pages"}],"about":[{"href":"https:\/\/nemu.com.pl\/de\/wp-json\/wp\/v2\/types\/page"}],"author":[{"embeddable":true,"href":"https:\/\/nemu.com.pl\/de\/wp-json\/wp\/v2\/users\/1"}],"replies":[{"embeddable":true,"href":"https:\/\/nemu.com.pl\/de\/wp-json\/wp\/v2\/comments?post=13"}],"version-history":[{"count":6,"href":"https:\/\/nemu.com.pl\/de\/wp-json\/wp\/v2\/pages\/13\/revisions"}],"predecessor-version":[{"id":601,"href":"https:\/\/nemu.com.pl\/de\/wp-json\/wp\/v2\/pages\/13\/revisions\/601"}],"wp:attachment":[{"href":"https:\/\/nemu.com.pl\/de\/wp-json\/wp\/v2\/media?parent=13"}],"curies":[{"name":"wp","href":"https:\/\/api.w.org\/{rel}","templated":true}]}}